{"id":4293,"date":"2018-05-17T00:39:45","date_gmt":"2018-05-16T22:39:45","guid":{"rendered":"http:\/\/www.bluehouse.fr\/JB6\/papap\/?page_id=4293"},"modified":"2018-05-23T18:05:45","modified_gmt":"2018-05-23T16:05:45","slug":"pap-lab","status":"publish","type":"page","link":"https:\/\/www.bluehouse.fr\/JB6\/papap\/pap-lab\/","title":{"rendered":"PAP-lab"},"content":{"rendered":"<p>[et_pb_section bb_built=\u00a0\u00bb1&Prime; specialty=\u00a0\u00bboff\u00a0\u00bb _builder_version=\u00a0\u00bb3.1.1&Prime; custom_margin=\u00a0\u00bb0px||0px|\u00a0\u00bb custom_padding=\u00a0\u00bb0px||0px|\u00a0\u00bb collapsed=\u00a0\u00bbon\u00a0\u00bb next_background_color=\u00a0\u00bb#000000&Prime; global_module=\u00a0\u00bb405&Prime;][et_pb_row global_parent=\u00a0\u00bb405&Prime; _builder_version=\u00a0\u00bb3.1.1&Prime; background_color=\u00a0\u00bb#afafaf\u00a0\u00bb use_background_color_gradient=\u00a0\u00bbon\u00a0\u00bb background_color_gradient_start=\u00a0\u00bb#dddddd\u00a0\u00bb background_color_gradient_end=\u00a0\u00bb#9b9b9b\u00a0\u00bb background_color_gradient_direction=\u00a0\u00bb1deg\u00a0\u00bb background_color_gradient_direction_radial=\u00a0\u00bbtop\u00a0\u00bb make_fullwidth=\u00a0\u00bbon\u00a0\u00bb custom_padding=\u00a0\u00bb0px||10px|\u00a0\u00bb use_custom_gutter=\u00a0\u00bbon\u00a0\u00bb gutter_width=\u00a0\u00bb1&Prime; custom_margin=\u00a0\u00bb0px||0px|\u00a0\u00bb][et_pb_column type=\u00a0\u00bb4_4&Prime;][\/et_pb_column][\/et_pb_row][\/et_pb_section][et_pb_section bb_built=\u00a0\u00bb1&Prime; admin_label=\u00a0\u00bbSection entete programme\u00a0\u00bb next_background_color=\u00a0\u00bb#000000&Prime; _builder_version=\u00a0\u00bb3.1.1&Prime; custom_margin=\u00a0\u00bb0px||0px|\u00a0\u00bb custom_padding=\u00a0\u00bb0px||0px|\u00a0\u00bb collapsed=\u00a0\u00bbon\u00a0\u00bb prev_background_color=\u00a0\u00bb#000000&Prime; animation_style=\u00a0\u00bbfold\u00a0\u00bb animation_direction=\u00a0\u00bbbottom\u00a0\u00bb global_module=\u00a0\u00bb4765&Prime;][et_pb_row admin_label=\u00a0\u00bbLigne BUR\u00a0\u00bb global_parent=\u00a0\u00bb4765&Prime; _builder_version=\u00a0\u00bb3.1.1&Prime; custom_margin=\u00a0\u00bb0px||0px|\u00a0\u00bb custom_padding=\u00a0\u00bb0px||0px|\u00a0\u00bb bg_img_2=\u00a0\u00bbhttp:\/\/www.bluehouse.fr\/JB6\/papap\/wp-content\/uploads\/2018\/05\/fond-donko-5.jpg\u00a0\u00bb gutter_width=\u00a0\u00bb1&Prime; use_custom_gutter=\u00a0\u00bbon\u00a0\u00bb padding_left_2=\u00a0\u00bb20px\u00a0\u00bb padding_right_2=\u00a0\u00bb20px\u00a0\u00bb parallax=\u00a0\u00bbon\u00a0\u00bb parallax_method=\u00a0\u00bboff\u00a0\u00bb parallax_2=\u00a0\u00bbon\u00a0\u00bb parallax_method_2=\u00a0\u00bboff\u00a0\u00bb make_fullwidth=\u00a0\u00bbon\u00a0\u00bb disabled_on=\u00a0\u00bboff|off|\u00a0\u00bb disabled=\u00a0\u00bboff\u00a0\u00bb collapsed=\u00a0\u00bboff\u00a0\u00bb][et_pb_column type=\u00a0\u00bb4_4&Prime;][et_pb_text admin_label=\u00a0\u00bbTexte : r\u00e9serve\u00a0\u00bb global_parent=\u00a0\u00bb4765&Prime; _builder_version=\u00a0\u00bb3.1.1&Prime; text_text_color=\u00a0\u00bb#ffffff\u00a0\u00bb header_text_color=\u00a0\u00bb#ffffff\u00a0\u00bb header_font_size=\u00a0\u00bb100&Prime; module_class=\u00a0\u00bbjb_prog_1&Prime; background_image=\u00a0\u00bbhttp:\/\/www.bluehouse.fr\/JB6\/papap\/wp-content\/uploads\/2018\/04\/fond-donko-1.jpg\u00a0\u00bb custom_padding=\u00a0\u00bb20px||20px|\u00a0\u00bb]<\/p>\n<p>sous r\u00e9serve de modifications<\/p>\n<p>[\/et_pb_text][et_pb_text admin_label=\u00a0\u00bbTexte : PROGRAMME\u00a0\u00bb global_parent=\u00a0\u00bb4765&Prime; _builder_version=\u00a0\u00bb3.1.1&Prime; text_text_color=\u00a0\u00bb#ffffff\u00a0\u00bb header_text_color=\u00a0\u00bb#ffffff\u00a0\u00bb header_font_size=\u00a0\u00bb100&Prime; module_class=\u00a0\u00bbjb_prog_1&Prime; background_image=\u00a0\u00bbhttp:\/\/www.bluehouse.fr\/JB6\/papap\/wp-content\/uploads\/2018\/04\/fond-donko-1.jpg\u00a0\u00bb custom_padding=\u00a0\u00bb20px||20px|\u00a0\u00bb]<\/p>\n<p><span class=\"jb_g_title_1\">PROGRAMME<\/span><br \/>\n<em>D\u00e9di\u00e9 \u00e0 Mlle Vivianne Gauthier, grande figure et ic\u00f4ne de la danse en Ha\u00efti<\/em><\/p>\n<p>[\/et_pb_text][\/et_pb_column][\/et_pb_row][\/et_pb_section][et_pb_section bb_built=\u00a0\u00bb1&Prime; admin_label=\u00a0\u00bbSection : du 7 au 26 mai\u00a0\u00bb specialty=\u00a0\u00bboff\u00a0\u00bb prev_background_color=\u00a0\u00bb#ffffff\u00a0\u00bb _builder_version=\u00a0\u00bb3.1.1&Prime; background_image=\u00a0\u00bbhttp:\/\/www.bluehouse.fr\/JB6\/papap\/wp-content\/uploads\/2018\/05\/fond-2-6.jpg\u00a0\u00bb custom_margin=\u00a0\u00bb0px||0px|\u00a0\u00bb custom_padding=\u00a0\u00bb0px||0px|\u00a0\u00bb parallax=\u00a0\u00bbon\u00a0\u00bb parallax_method=\u00a0\u00bboff\u00a0\u00bb collapsed=\u00a0\u00bboff\u00a0\u00bb animation_style=\u00a0\u00bbfade\u00a0\u00bb animation_delay=\u00a0\u00bb250ms\u00a0\u00bb next_background_color=\u00a0\u00bb#ffffff\u00a0\u00bb][et_pb_row admin_label=\u00a0\u00bbLigne BUR\u00a0\u00bb _builder_version=\u00a0\u00bb3.1.1&Prime; custom_margin=\u00a0\u00bb0px||0px|\u00a0\u00bb custom_padding=\u00a0\u00bb0px||0px|\u00a0\u00bb bg_img_2=\u00a0\u00bbhttp:\/\/www.bluehouse.fr\/JB6\/papap\/wp-content\/uploads\/2018\/05\/fond-donko-6.jpg\u00a0\u00bb gutter_width=\u00a0\u00bb1&Prime; use_custom_gutter=\u00a0\u00bbon\u00a0\u00bb padding_left_2=\u00a0\u00bb20px\u00a0\u00bb padding_right_2=\u00a0\u00bb20px\u00a0\u00bb parallax=\u00a0\u00bbon\u00a0\u00bb parallax_method=\u00a0\u00bboff\u00a0\u00bb parallax_2=\u00a0\u00bbon\u00a0\u00bb parallax_method_2=\u00a0\u00bboff\u00a0\u00bb make_fullwidth=\u00a0\u00bbon\u00a0\u00bb disabled_on=\u00a0\u00bboff|off|\u00a0\u00bb disabled=\u00a0\u00bboff\u00a0\u00bb collapsed=\u00a0\u00bboff\u00a0\u00bb][et_pb_column type=\u00a0\u00bb2_3&Prime;][et_pb_text admin_label=\u00a0\u00bbTexte : DU 7 au 26 mai 2018&Prime; _builder_version=\u00a0\u00bb3.3.1&Prime; background_image=\u00a0\u00bbhttp:\/\/www.bluehouse.fr\/JB6\/papap\/wp-content\/uploads\/2018\/05\/fond-artistes-1.jpg\u00a0\u00bb custom_padding=\u00a0\u00bb10px||6px|60px\u00a0\u00bb header_font=\u00a0\u00bb|800|||||||\u00a0\u00bb header_font_size=\u00a0\u00bb35px\u00a0\u00bb custom_margin=\u00a0\u00bb80px|||\u00a0\u00bb parallax=\u00a0\u00bbon\u00a0\u00bb parallax_method=\u00a0\u00bboff\u00a0\u00bb header_text_color=\u00a0\u00bb#ffffff\u00a0\u00bb header_font_size_phone=\u00a0\u00bb22px\u00a0\u00bb header_font_size_last_edited=\u00a0\u00bbon|phone\u00a0\u00bb custom_padding_phone=\u00a0\u00bb10px||6px|10px\u00a0\u00bb custom_padding_last_edited=\u00a0\u00bbon|phone\u00a0\u00bb]<\/p>\n<h1>LES LABORATOIRES<br \/>\nDU 7 au 26 mai 2018<\/h1>\n<p>[\/et_pb_text][et_pb_text admin_label=\u00a0\u00bbTexte : Laboratoire d\u2019arts visuels\u00a0\u00bb _builder_version=\u00a0\u00bb3.1.1&Prime; custom_margin=\u00a0\u00bb30px||0px|\u00a0\u00bb custom_padding=\u00a0\u00bb0px||20px|\u00a0\u00bb module_class=\u00a0\u00bbjb_programme_1&Prime;]<\/p>\n<p>Laboratoire d\u2019arts visuels<br \/>\n<strong>Centre d\u2019Art<br \/>\n<\/strong>Atelier vid\u00e9o sculpture avec <strong>Maksaens Denis<\/strong> (d\u00e9but 2 mai) vernissage et exposition \u00e0 Paplab le 26 mai<\/p>\n<p>Laboratoire<br \/>\ninitiation et transmission<br \/>\n<strong>Domaine Id\u00e9al<\/strong><br \/>\nPousy\u00e8 avec Anouscka Brodacz<br \/>\nRun Like a Girl<br \/>\navec <strong>ANIKAYA\/Wendy Jehlen<\/strong> et <strong>Marcel Gbeffa<\/strong> <em>Zouglou<\/em> de la <strong>Cie Y\u00e9 Fihmoa<br \/>\n<\/strong><br \/>\n<strong>Ecole Nouvel Zoranje<\/strong><br \/>\nMomentum avec <strong>Rafa\u00eble Giovanola<\/strong><\/p>\n<p><strong>Cin\u00e9ma Olympia<\/strong><br \/>\nM.A.K.T.O.U.B. (Hip Hop) avec <strong>Se\u00effeddine Mana\u00ef<\/strong><\/p>\n<p><strong>Lyc\u00e9e Nat. de Cit\u00e9 Soleil<\/strong><br \/>\n<em>Plasticization<\/em> avec <strong>Nelisiwe Xaba <\/strong><\/p>\n<p><strong>PAP-lab<\/strong> (ex Caf\u00e9 trio)<br \/>\nTich\u00e8lb\u00e8 avec <strong>Kettly No\u00ebl<\/strong><\/p>\n<p>Laboratoires techniques de danse contemporaine<br \/>\n<strong>PAP-lab<\/strong> (ex Caf\u00e9 trio)<br \/>\n<strong>Kettly No\u00ebl \/ Fabrice Lambert Ouma\u00efma Mana\u00ef \/ M\u00e9lanie Demers<\/strong><\/p>\n<p>Laboratoire de th\u00e9\u00e2tre<br \/>\n<strong>Le Yanvalou et Chez Mr Parisien<\/strong><br \/>\nAvec <strong>Eva Doumbia<\/strong><\/p>\n<p>La danse traditionnelle fait son laboratoire<br \/>\n<strong>Bureau National d\u2019Ethnologie<\/strong><br \/>\nDanse Ha\u00eftienne, danse Africaine, danse Cara\u00efb\u00e9enne<\/p>\n<p>Laboratoire montage et production de projet artistique<br \/>\n<strong>Universit\u00e9 Quisqu\u00e9ya<\/strong><br \/>\nAvec <strong>Dominique Thiange et Jean Luc Baillet<\/strong><\/p>\n<p>[\/et_pb_text][\/et_pb_column][et_pb_column type=\u00a0\u00bb1_3&Prime;][\/et_pb_column][\/et_pb_row][\/et_pb_section][et_pb_section bb_built=\u00a0\u00bb1&Prime; specialty=\u00a0\u00bboff\u00a0\u00bb _builder_version=\u00a0\u00bb3.1.1&Prime; custom_margin=\u00a0\u00bb0px||0px|\u00a0\u00bb custom_padding=\u00a0\u00bb0px||0px|\u00a0\u00bb collapsed=\u00a0\u00bbon\u00a0\u00bb global_module=\u00a0\u00bb405&Prime; prev_background_color=\u00a0\u00bb#000000&Prime;][et_pb_row global_parent=\u00a0\u00bb405&Prime; _builder_version=\u00a0\u00bb3.1.1&Prime; background_color=\u00a0\u00bb#afafaf\u00a0\u00bb use_background_color_gradient=\u00a0\u00bbon\u00a0\u00bb background_color_gradient_start=\u00a0\u00bb#dddddd\u00a0\u00bb background_color_gradient_end=\u00a0\u00bb#9b9b9b\u00a0\u00bb background_color_gradient_direction=\u00a0\u00bb1deg\u00a0\u00bb background_color_gradient_direction_radial=\u00a0\u00bbtop\u00a0\u00bb make_fullwidth=\u00a0\u00bbon\u00a0\u00bb custom_padding=\u00a0\u00bb0px||10px|\u00a0\u00bb use_custom_gutter=\u00a0\u00bbon\u00a0\u00bb gutter_width=\u00a0\u00bb1&Prime; custom_margin=\u00a0\u00bb0px||0px|\u00a0\u00bb][et_pb_column type=\u00a0\u00bb4_4&Prime;][\/et_pb_column][\/et_pb_row][\/et_pb_section]<\/p>\n","protected":false},"excerpt":{"rendered":"<p>[et_pb_section bb_built=\u00a0\u00bb1&Prime; specialty=\u00a0\u00bboff\u00a0\u00bb _builder_version=\u00a0\u00bb3.1.1&Prime; custom_margin=\u00a0\u00bb0px||0px|\u00a0\u00bb custom_padding=\u00a0\u00bb0px||0px|\u00a0\u00bb collapsed=\u00a0\u00bbon\u00a0\u00bb next_background_color=\u00a0\u00bb#000000&Prime; global_module=\u00a0\u00bb405&Prime;][et_pb_row global_parent=\u00a0\u00bb405&Prime; _builder_version=\u00a0\u00bb3.1.1&Prime; background_color=\u00a0\u00bb#afafaf\u00a0\u00bb use_background_color_gradient=\u00a0\u00bbon\u00a0\u00bb background_color_gradient_start=\u00a0\u00bb#dddddd\u00a0\u00bb background_color_gradient_end=\u00a0\u00bb#9b9b9b\u00a0\u00bb background_color_gradient_direction=\u00a0\u00bb1deg\u00a0\u00bb background_color_gradient_direction_radial=\u00a0\u00bbtop\u00a0\u00bb make_fullwidth=\u00a0\u00bbon\u00a0\u00bb custom_padding=\u00a0\u00bb0px||10px|\u00a0\u00bb use_custom_gutter=\u00a0\u00bbon\u00a0\u00bb gutter_width=\u00a0\u00bb1&Prime; custom_margin=\u00a0\u00bb0px||0px|\u00a0\u00bb][et_pb_column type=\u00a0\u00bb4_4&Prime;][\/et_pb_column][\/et_pb_row][\/et_pb_section][et_pb_section bb_built=\u00a0\u00bb1&Prime; admin_label=\u00a0\u00bbSection entete programme\u00a0\u00bb next_background_color=\u00a0\u00bb#000000&Prime; _builder_version=\u00a0\u00bb3.1.1&Prime; custom_margin=\u00a0\u00bb0px||0px|\u00a0\u00bb custom_padding=\u00a0\u00bb0px||0px|\u00a0\u00bb collapsed=\u00a0\u00bbon\u00a0\u00bb prev_background_color=\u00a0\u00bb#000000&Prime; animation_style=\u00a0\u00bbfold\u00a0\u00bb animation_direction=\u00a0\u00bbbottom\u00a0\u00bb global_module=\u00a0\u00bb4765&Prime;][et_pb_row admin_label=\u00a0\u00bbLigne BUR\u00a0\u00bb global_parent=\u00a0\u00bb4765&Prime; _builder_version=\u00a0\u00bb3.1.1&Prime; custom_margin=\u00a0\u00bb0px||0px|\u00a0\u00bb custom_padding=\u00a0\u00bb0px||0px|\u00a0\u00bb bg_img_2=\u00a0\u00bbhttp:\/\/www.bluehouse.fr\/JB6\/papap\/wp-content\/uploads\/2018\/05\/fond-donko-5.jpg\u00a0\u00bb gutter_width=\u00a0\u00bb1&Prime; use_custom_gutter=\u00a0\u00bbon\u00a0\u00bb padding_left_2=\u00a0\u00bb20px\u00a0\u00bb padding_right_2=\u00a0\u00bb20px\u00a0\u00bb parallax=\u00a0\u00bbon\u00a0\u00bb parallax_method=\u00a0\u00bboff\u00a0\u00bb parallax_2=\u00a0\u00bbon\u00a0\u00bb parallax_method_2=\u00a0\u00bboff\u00a0\u00bb make_fullwidth=\u00a0\u00bbon\u00a0\u00bb disabled_on=\u00a0\u00bboff|off|\u00a0\u00bb disabled=\u00a0\u00bboff\u00a0\u00bb collapsed=\u00a0\u00bboff\u00a0\u00bb][et_pb_column [&hellip;]<\/p>\n","protected":false},"author":4,"featured_media":0,"parent":0,"menu_order":0,"comment_status":"closed","ping_status":"closed","template":"","meta":{"_et_pb_use_builder":"on","_et_pb_old_content":""},"_links":{"self":[{"href":"https:\/\/www.bluehouse.fr\/JB6\/papap\/wp-json\/wp\/v2\/pages\/4293"}],"collection":[{"href":"https:\/\/www.bluehouse.fr\/JB6\/papap\/wp-json\/wp\/v2\/pages"}],"about":[{"href":"https:\/\/www.bluehouse.fr\/JB6\/papap\/wp-json\/wp\/v2\/types\/page"}],"author":[{"embeddable":true,"href":"https:\/\/www.bluehouse.fr\/JB6\/papap\/wp-json\/wp\/v2\/users\/4"}],"replies":[{"embeddable":true,"href":"https:\/\/www.bluehouse.fr\/JB6\/papap\/wp-json\/wp\/v2\/comments?post=4293"}],"version-history":[{"count":0,"href":"https:\/\/www.bluehouse.fr\/JB6\/papap\/wp-json\/wp\/v2\/pages\/4293\/revisions"}],"wp:attachment":[{"href":"https:\/\/www.bluehouse.fr\/JB6\/papap\/wp-json\/wp\/v2\/media?parent=4293"}],"curies":[{"name":"wp","href":"https:\/\/api.w.org\/{rel}","templated":true}]}}