{"id":33,"date":"2018-04-21T12:37:12","date_gmt":"2018-04-21T10:37:12","guid":{"rendered":"http:\/\/www.bluehouse.fr\/JB6\/papap\/?page_id=33"},"modified":"2020-01-06T16:25:19","modified_gmt":"2020-01-06T15:25:19","slug":"contact","status":"publish","type":"page","link":"https:\/\/www.bluehouse.fr\/JB6\/papap\/contact\/","title":{"rendered":"Contact"},"content":{"rendered":"<p>[et_pb_section bb_built=\u00a0\u00bb1&Prime; fullwidth=\u00a0\u00bbon\u00a0\u00bb _builder_version=\u00a0\u00bb3.1.1&Prime; animation_style=\u00a0\u00bbfade\u00a0\u00bb next_background_color=\u00a0\u00bb#000000&Prime;][et_pb_fullwidth_map address=\u00a0\u00bbHa\u00efti\u00a0\u00bb zoom_level=\u00a0\u00bb7&Prime; address_lat=\u00a0\u00bb18.871116780651377&Prime; address_lng=\u00a0\u00bb-71.76817093261718&Prime; mouse_wheel=\u00a0\u00bboff\u00a0\u00bb _builder_version=\u00a0\u00bb3.3.1&Prime; child_filter_saturate=\u00a0\u00bb35%\u00a0\u00bb \/][\/et_pb_section][et_pb_section bb_built=\u00a0\u00bb1&Prime; admin_label=\u00a0\u00bbContact Info Section\u00a0\u00bb _builder_version=\u00a0\u00bb3.1.1&Prime; background_image=\u00a0\u00bbhttp:\/\/www.bluehouse.fr\/JB6\/papap\/wp-content\/uploads\/2018\/05\/fond-donko-2-3.jpg\u00a0\u00bb parallax=\u00a0\u00bbon\u00a0\u00bb parallax_method=\u00a0\u00bboff\u00a0\u00bb custom_padding=\u00a0\u00bb|0px||0px\u00a0\u00bb animation_style=\u00a0\u00bbfade\u00a0\u00bb animation_delay=\u00a0\u00bb250ms\u00a0\u00bb prev_background_color=\u00a0\u00bb#ffffff\u00a0\u00bb][et_pb_row _builder_version=\u00a0\u00bb3.10.2&Prime;][et_pb_column type=\u00a0\u00bb1_2&Prime;][et_pb_text _builder_version=\u00a0\u00bb3.20.1&Prime; text_text_color=\u00a0\u00bb#ffffff\u00a0\u00bb header_3_font=\u00a0\u00bbPoppins|600|||||||\u00a0\u00bb header_3_text_color=\u00a0\u00bb#ffffff\u00a0\u00bb header_3_font_size=\u00a0\u00bb36px\u00a0\u00bb header_3_font_size_phone=\u00a0\u00bb28px\u00a0\u00bb header_3_font_size_last_edited=\u00a0\u00bbon|phone\u00a0\u00bb header_3_line_height=\u00a0\u00bb1.4em\u00a0\u00bb text_orientation=\u00a0\u00bbcenter\u00a0\u00bb locked=\u00a0\u00bboff\u00a0\u00bb]<\/p>\n<p style=\"text-align: left;\">Concept, programmation<br \/>Direction artistique<br \/><strong>Kettly No\u00ebl<br \/><\/strong><br \/>Partenariats &amp; relations publiques<br \/><strong>Jean-Luc Baillet<br \/><\/strong><br \/>Image &amp; com<br \/><strong>Michel Meyer<br \/><\/strong><br \/>Coordination g\u00e9n\u00e9rale<br \/><strong>Giulia Sgarbi<br \/><\/strong><br \/>Administration<br \/><strong>Claire Delmarle<\/strong><\/p>\n<p style=\"text-align: left;\">Logistique et accueil<br \/>Stagiaire<strong> Ife Day <\/strong><br \/>Directeur technique <strong>Samuel Dosi\u00e8re<\/strong><br \/>R\u00e9gisseur technique <strong>Jean-Ronald Pierre<\/strong><br \/>Sc\u00e9nographie <strong>Jo\u00ealle Boncy<\/strong><br \/>Architecte Indra <strong>Lafontant\u2028site<\/strong><br \/>Web coordination <strong>Christian Pignoly<\/strong> <a href=\"https:\/\/artdansdesir.wordpress.com\/\"><strong>ART DANS DESIR<\/strong><\/a><br \/>Webmaster <strong>Jacques Bayol<\/strong> <a href=\"http:\/\/www.bluehouse.fr\/sites-web\/\"><strong>Bluehouse<\/strong><\/a><br \/>Impression <strong>ATIK GROUP<\/strong><\/p>\n<p style=\"text-align: left;\">Remerciements \u00e0<br \/><strong>Dr Jacques Bartoli <\/strong><br \/><strong>Macksaens Denis <\/strong><br \/><strong>James Germain <\/strong><br \/><strong>Erol Josu\u00e9 <\/strong><br \/><strong>Maryse P\u00e9nette Kedar <\/strong><br \/><strong>Natif Natal<\/strong><br \/><strong>\u2028Jean Guy Regis <\/strong><br \/><strong>Guy Ribes<\/strong><br \/>Un remerciement particulier au <strong>Minist\u00e8re de la Culture\u2028<\/strong><\/p>\n<p>[\/et_pb_text][\/et_pb_column][et_pb_column type=\u00a0\u00bb1_2&Prime;][et_pb_text _builder_version=\u00a0\u00bb3.1.1&Prime; header_3_font=\u00a0\u00bbPoppins|600|||||||\u00a0\u00bb header_3_text_color=\u00a0\u00bb#ffffff\u00a0\u00bb header_3_font_size=\u00a0\u00bb36px\u00a0\u00bb header_3_font_size_phone=\u00a0\u00bb28px\u00a0\u00bb header_3_font_size_last_edited=\u00a0\u00bbon|phone\u00a0\u00bb header_3_line_height=\u00a0\u00bb1.4em\u00a0\u00bb text_orientation=\u00a0\u00bbcenter\u00a0\u00bb]<\/p>\n<h3>CONTACTEZ-NOUS<\/h3>\n<p>[\/et_pb_text][et_pb_code _builder_version=\u00a0\u00bb3.1.1&Prime;]<\/p>\n<div class=\"jb_icon_mail\">\n<p><span id=\"et-info-email\"><\/span><\/p>\n<\/div>\n<p><!-- [et_pb_line_break_holder] --><\/p>\n<div class=\"jb_mailto\"><a href=\"mailto:contact.papap@gmail.com\">contact.papap@gmail.com<\/a><\/div>\n<p><!-- [et_pb_line_break_holder] --><\/p>\n<div class=\"jb_icon_phone\">\n<p><span id=\"et-info-phone\"><\/span><\/p>\n<\/div>\n<p><!-- [et_pb_line_break_holder] --><\/p>\n<div class=\"jb_phone\">\n<p>+509 363 66 364<\/p>\n<\/div>\n<p>[\/et_pb_code][et_pb_social_media_follow _builder_version=\u00a0\u00bb3.1.1&Prime; background_layout=\u00a0\u00bbdark\u00a0\u00bb][et_pb_social_media_follow_network social_network=\u00a0\u00bbfacebook\u00a0\u00bb url=\u00a0\u00bbhttps:\/\/www.facebook.com\/portauprinceartperformance\/\u00a0\u00bb _builder_version=\u00a0\u00bb3.1.1&Prime; background_color=\u00a0\u00bb#3b5998&Prime; follow_button=\u00a0\u00bboff\u00a0\u00bb url_new_window=\u00a0\u00bbon\u00a0\u00bb]Facebook<br \/>\n[\/et_pb_social_media_follow_network][\/et_pb_social_media_follow][et_pb_contact_form captcha=\u00a0\u00bboff\u00a0\u00bb email=\u00a0\u00bbjac38@free.fr\u00a0\u00bb custom_message=\u00a0\u00bbCe message vous est envoy\u00e9 depuis le site papap.org par : %%email%% ||et_pb_line_break_holder||Le contenu de son message est : %%message%%\u00a0\u00bb success_message=\u00a0\u00bbVotre message a \u00e9t\u00e9 envoy\u00e9 avec succ\u00e8s. Nous vous r\u00e9pondrons tr\u00e8s prochainement.\u00a0\u00bb module_id=\u00a0\u00bbet_pb_contact_form_0&Prime; _builder_version=\u00a0\u00bb3.3.1&Prime; form_field_font=\u00a0\u00bbPoppins||||||||\u00a0\u00bb border_radii=\u00a0\u00bbon|6px|6px|6px|6px\u00a0\u00bb custom_button=\u00a0\u00bbon\u00a0\u00bb button_text_size=\u00a0\u00bb14px\u00a0\u00bb button_text_color=\u00a0\u00bb#000000&Prime; button_bg_color=\u00a0\u00bb#ffffff\u00a0\u00bb button_border_width=\u00a0\u00bb10px\u00a0\u00bb button_border_color=\u00a0\u00bb#ffffff\u00a0\u00bb button_border_radius=\u00a0\u00bb100px\u00a0\u00bb button_font=\u00a0\u00bbPoppins|600||on|||||\u00a0\u00bb button_use_icon=\u00a0\u00bboff\u00a0\u00bb box_shadow_style=\u00a0\u00bbpreset1&Prime; box_shadow_vertical=\u00a0\u00bb10px\u00a0\u00bb box_shadow_blur=\u00a0\u00bb24px\u00a0\u00bb box_shadow_spread=\u00a0\u00bb6px\u00a0\u00bb box_shadow_color=\u00a0\u00bbrgba(0,0,0,0.06)\u00a0\u00bb box_shadow_style_button=\u00a0\u00bbpreset3&Prime; box_shadow_color_button=\u00a0\u00bbrgba(0,0,0,0.41)\u00a0\u00bb custom_margin=\u00a0\u00bb|||\u00a0\u00bb custom_padding=\u00a0\u00bb|||\u00a0\u00bb][et_pb_contact_field field_id=\u00a0\u00bbName\u00a0\u00bb field_title=\u00a0\u00bbNom\u00a0\u00bb field_background_color=\u00a0\u00bb#fcfcfc\u00a0\u00bb _builder_version=\u00a0\u00bb3.1.1&Prime; form_field_font=\u00a0\u00bb|500|||||||\u00a0\u00bb border_radii=\u00a0\u00bbon||||\u00a0\u00bb][\/et_pb_contact_field][et_pb_contact_field field_id=\u00a0\u00bbEmail\u00a0\u00bb field_title=\u00a0\u00bbEmail \u00a0\u00bb field_type=\u00a0\u00bbemail\u00a0\u00bb field_background_color=\u00a0\u00bb#ffffff\u00a0\u00bb _builder_version=\u00a0\u00bb3.1.1&Prime; form_field_font=\u00a0\u00bb|500|||||||\u00a0\u00bb border_radii=\u00a0\u00bbon||||\u00a0\u00bb][\/et_pb_contact_field][et_pb_contact_field field_id=\u00a0\u00bbMessage\u00a0\u00bb field_title=\u00a0\u00bbMessage\u00a0\u00bb field_type=\u00a0\u00bbtext\u00a0\u00bb fullwidth_field=\u00a0\u00bbon\u00a0\u00bb field_background_color=\u00a0\u00bb#ffffff\u00a0\u00bb _builder_version=\u00a0\u00bb3.1.1&Prime; form_field_font=\u00a0\u00bb|500|||||||\u00a0\u00bb border_radii=\u00a0\u00bbon||||\u00a0\u00bb][\/et_pb_contact_field][\/et_pb_contact_form][\/et_pb_column][\/et_pb_row][\/et_pb_section]<\/p>\n","protected":false},"excerpt":{"rendered":"<p>[et_pb_section bb_built=\u00a0\u00bb1&Prime; fullwidth=\u00a0\u00bbon\u00a0\u00bb _builder_version=\u00a0\u00bb3.1.1&Prime; animation_style=\u00a0\u00bbfade\u00a0\u00bb next_background_color=\u00a0\u00bb#000000&Prime;][et_pb_fullwidth_map address=\u00a0\u00bbHa\u00efti\u00a0\u00bb zoom_level=\u00a0\u00bb7&Prime; address_lat=\u00a0\u00bb18.871116780651377&Prime; address_lng=\u00a0\u00bb-71.76817093261718&Prime; mouse_wheel=\u00a0\u00bboff\u00a0\u00bb _builder_version=\u00a0\u00bb3.3.1&Prime; child_filter_saturate=\u00a0\u00bb35%\u00a0\u00bb \/][\/et_pb_section][et_pb_section bb_built=\u00a0\u00bb1&Prime; admin_label=\u00a0\u00bbContact Info Section\u00a0\u00bb _builder_version=\u00a0\u00bb3.1.1&Prime; background_image=\u00a0\u00bbhttp:\/\/www.bluehouse.fr\/JB6\/papap\/wp-content\/uploads\/2018\/05\/fond-donko-2-3.jpg\u00a0\u00bb parallax=\u00a0\u00bbon\u00a0\u00bb parallax_method=\u00a0\u00bboff\u00a0\u00bb custom_padding=\u00a0\u00bb|0px||0px\u00a0\u00bb animation_style=\u00a0\u00bbfade\u00a0\u00bb animation_delay=\u00a0\u00bb250ms\u00a0\u00bb prev_background_color=\u00a0\u00bb#ffffff\u00a0\u00bb][et_pb_row _builder_version=\u00a0\u00bb3.10.2&Prime;][et_pb_column type=\u00a0\u00bb1_2&Prime;][et_pb_text _builder_version=\u00a0\u00bb3.20.1&Prime; text_text_color=\u00a0\u00bb#ffffff\u00a0\u00bb header_3_font=\u00a0\u00bbPoppins|600|||||||\u00a0\u00bb header_3_text_color=\u00a0\u00bb#ffffff\u00a0\u00bb header_3_font_size=\u00a0\u00bb36px\u00a0\u00bb header_3_font_size_phone=\u00a0\u00bb28px\u00a0\u00bb header_3_font_size_last_edited=\u00a0\u00bbon|phone\u00a0\u00bb header_3_line_height=\u00a0\u00bb1.4em\u00a0\u00bb text_orientation=\u00a0\u00bbcenter\u00a0\u00bb locked=\u00a0\u00bboff\u00a0\u00bb] Concept, programmationDirection artistiqueKettly No\u00eblPartenariats &amp; relations publiquesJean-Luc BailletImage &amp; comMichel MeyerCoordination g\u00e9n\u00e9raleGiulia SgarbiAdministrationClaire Delmarle Logistique et accueilStagiaire [&hellip;]<\/p>\n","protected":false},"author":4,"featured_media":0,"parent":0,"menu_order":0,"comment_status":"closed","ping_status":"closed","template":"","meta":{"_et_pb_use_builder":"on","_et_pb_old_content":""},"_links":{"self":[{"href":"https:\/\/www.bluehouse.fr\/JB6\/papap\/wp-json\/wp\/v2\/pages\/33"}],"collection":[{"href":"https:\/\/www.bluehouse.fr\/JB6\/papap\/wp-json\/wp\/v2\/pages"}],"about":[{"href":"https:\/\/www.bluehouse.fr\/JB6\/papap\/wp-json\/wp\/v2\/types\/page"}],"author":[{"embeddable":true,"href":"https:\/\/www.bluehouse.fr\/JB6\/papap\/wp-json\/wp\/v2\/users\/4"}],"replies":[{"embeddable":true,"href":"https:\/\/www.bluehouse.fr\/JB6\/papap\/wp-json\/wp\/v2\/comments?post=33"}],"version-history":[{"count":1,"href":"https:\/\/www.bluehouse.fr\/JB6\/papap\/wp-json\/wp\/v2\/pages\/33\/revisions"}],"predecessor-version":[{"id":6199,"href":"https:\/\/www.bluehouse.fr\/JB6\/papap\/wp-json\/wp\/v2\/pages\/33\/revisions\/6199"}],"wp:attachment":[{"href":"https:\/\/www.bluehouse.fr\/JB6\/papap\/wp-json\/wp\/v2\/media?parent=33"}],"curies":[{"name":"wp","href":"https:\/\/api.w.org\/{rel}","templated":true}]}}