{"id":1304,"date":"2020-11-24T16:53:55","date_gmt":"2020-11-24T15:53:55","guid":{"rendered":"http:\/\/www.bluehouse.fr\/JB6\/mof-7\/?post_type=product&#038;p=1304"},"modified":"2020-12-17T08:50:50","modified_gmt":"2020-12-17T07:50:50","slug":"abonnement-de-3-mois","status":"publish","type":"product","link":"https:\/\/www.bluehouse.fr\/JB6\/mof-7\/product\/abonnement-de-3-mois\/","title":{"rendered":"Abonnement de 3 mois"},"content":{"rendered":"","protected":false},"excerpt":{"rendered":"<p><strong>Abonnement valable pour 3 mois de location illimit\u00e9e<\/strong><\/p>\n<p>Une fois votre carte achet\u00e9e, vous la recevrez par mail.<br \/>\nRenseignez le num\u00e9ro de cette carte lors ce que vous r\u00e9servez le cr\u00e9neau qui vous convient sur la page Locations.<\/p>\n","protected":false},"featured_media":1302,"comment_status":"open","ping_status":"closed","template":"","meta":{"_et_pb_use_builder":"","_et_pb_old_content":"","_et_gb_content_width":""},"class_list":["post-1304","product","type-product","status-publish","has-post-thumbnail","hentry","product_cat-abonnement"],"_links":{"self":[{"href":"https:\/\/www.bluehouse.fr\/JB6\/mof-7\/wp-json\/wp\/v2\/product\/1304"}],"collection":[{"href":"https:\/\/www.bluehouse.fr\/JB6\/mof-7\/wp-json\/wp\/v2\/product"}],"about":[{"href":"https:\/\/www.bluehouse.fr\/JB6\/mof-7\/wp-json\/wp\/v2\/types\/product"}],"replies":[{"embeddable":true,"href":"https:\/\/www.bluehouse.fr\/JB6\/mof-7\/wp-json\/wp\/v2\/comments?post=1304"}],"wp:featuredmedia":[{"embeddable":true,"href":"https:\/\/www.bluehouse.fr\/JB6\/mof-7\/wp-json\/wp\/v2\/media\/1302"}],"wp:attachment":[{"href":"https:\/\/www.bluehouse.fr\/JB6\/mof-7\/wp-json\/wp\/v2\/media?parent=1304"}],"curies":[{"name":"wp","href":"https:\/\/api.w.org\/{rel}","templated":true}]}}