{"id":1300,"date":"2020-11-24T16:49:49","date_gmt":"2020-11-24T15:49:49","guid":{"rendered":"http:\/\/www.bluehouse.fr\/JB6\/mof-7\/?post_type=product&#038;p=1300"},"modified":"2020-12-17T08:50:22","modified_gmt":"2020-12-17T07:50:22","slug":"abonnement-de-1-mois","status":"publish","type":"product","link":"https:\/\/www.bluehouse.fr\/JB6\/mof-7\/product\/abonnement-de-1-mois\/","title":{"rendered":"Abonnement de 1 mois"},"content":{"rendered":"","protected":false},"excerpt":{"rendered":"<p><strong>Abonnement valable pour 1 mois de location illimit\u00e9e<\/strong><\/p>\n<p>Une fois votre carte achet\u00e9e, vous la recevrez par mail.<br \/>\nRenseignez le num\u00e9ro de cette carte lors ce que vous r\u00e9servez le cr\u00e9neau qui vous convient sur la page Locations.<\/p>\n","protected":false},"featured_media":1301,"comment_status":"open","ping_status":"closed","template":"","meta":{"_et_pb_use_builder":"","_et_pb_old_content":"","_et_gb_content_width":""},"class_list":["post-1300","product","type-product","status-publish","has-post-thumbnail","hentry","product_cat-abonnement"],"_links":{"self":[{"href":"https:\/\/www.bluehouse.fr\/JB6\/mof-7\/wp-json\/wp\/v2\/product\/1300"}],"collection":[{"href":"https:\/\/www.bluehouse.fr\/JB6\/mof-7\/wp-json\/wp\/v2\/product"}],"about":[{"href":"https:\/\/www.bluehouse.fr\/JB6\/mof-7\/wp-json\/wp\/v2\/types\/product"}],"replies":[{"embeddable":true,"href":"https:\/\/www.bluehouse.fr\/JB6\/mof-7\/wp-json\/wp\/v2\/comments?post=1300"}],"wp:featuredmedia":[{"embeddable":true,"href":"https:\/\/www.bluehouse.fr\/JB6\/mof-7\/wp-json\/wp\/v2\/media\/1301"}],"wp:attachment":[{"href":"https:\/\/www.bluehouse.fr\/JB6\/mof-7\/wp-json\/wp\/v2\/media?parent=1300"}],"curies":[{"name":"wp","href":"https:\/\/api.w.org\/{rel}","templated":true}]}}