{"id":1297,"date":"2020-11-24T16:41:15","date_gmt":"2020-11-24T15:41:15","guid":{"rendered":"http:\/\/www.bluehouse.fr\/JB6\/mof-7\/?post_type=product&#038;p=1297"},"modified":"2020-12-17T08:48:49","modified_gmt":"2020-12-17T07:48:49","slug":"carte-de-10-h","status":"publish","type":"product","link":"https:\/\/www.bluehouse.fr\/JB6\/mof-7\/product\/carte-de-10-h\/","title":{"rendered":"Carte de 10h"},"content":{"rendered":"","protected":false},"excerpt":{"rendered":"<p><strong>Carte pour un cr\u00e9neau de 10h de location &#8211; Valable 3 mois.<\/strong><\/p>\n<p>Une fois votre carte achet\u00e9e, vous la recevrez par mail.<br \/>\nRenseignez le num\u00e9ro de cette carte lors ce que vous r\u00e9servez le cr\u00e9neau qui vous convient sur la page Locations.<\/p>\n","protected":false},"featured_media":1291,"comment_status":"open","ping_status":"closed","template":"","meta":{"_et_pb_use_builder":"","_et_pb_old_content":"","_et_gb_content_width":""},"class_list":["post-1297","product","type-product","status-publish","has-post-thumbnail","hentry","product_cat-carte"],"_links":{"self":[{"href":"https:\/\/www.bluehouse.fr\/JB6\/mof-7\/wp-json\/wp\/v2\/product\/1297"}],"collection":[{"href":"https:\/\/www.bluehouse.fr\/JB6\/mof-7\/wp-json\/wp\/v2\/product"}],"about":[{"href":"https:\/\/www.bluehouse.fr\/JB6\/mof-7\/wp-json\/wp\/v2\/types\/product"}],"replies":[{"embeddable":true,"href":"https:\/\/www.bluehouse.fr\/JB6\/mof-7\/wp-json\/wp\/v2\/comments?post=1297"}],"wp:featuredmedia":[{"embeddable":true,"href":"https:\/\/www.bluehouse.fr\/JB6\/mof-7\/wp-json\/wp\/v2\/media\/1291"}],"wp:attachment":[{"href":"https:\/\/www.bluehouse.fr\/JB6\/mof-7\/wp-json\/wp\/v2\/media?parent=1297"}],"curies":[{"name":"wp","href":"https:\/\/api.w.org\/{rel}","templated":true}]}}