{"id":1248,"date":"2020-11-01T17:38:53","date_gmt":"2020-11-01T16:38:53","guid":{"rendered":"http:\/\/www.bluehouse.fr\/JB6\/mof-7\/?post_type=product&#038;p=1248"},"modified":"2021-11-25T09:35:46","modified_gmt":"2021-11-25T08:35:46","slug":"carte-1-h","status":"publish","type":"product","link":"https:\/\/www.bluehouse.fr\/JB6\/mof-7\/product\/carte-1-h\/","title":{"rendered":"Carte de 1  h"},"content":{"rendered":"","protected":false},"excerpt":{"rendered":"<p><strong>Carte valable pour un cr\u00e9neau d\u20191h de location.<\/strong><\/p>\n<p>Une fois votre carte achet\u00e9e, vous la recevrez par mail.<br \/>\nRenseignez le num\u00e9ro de cette carte lors ce que vous r\u00e9servez le cr\u00e9neau qui vous convient sur la page Locations.<\/p>\n","protected":false},"featured_media":1288,"comment_status":"open","ping_status":"closed","template":"","meta":{"_et_pb_use_builder":"","_et_pb_old_content":"","_et_gb_content_width":""},"class_list":["post-1248","product","type-product","status-publish","has-post-thumbnail","hentry","product_cat-carte"],"_links":{"self":[{"href":"https:\/\/www.bluehouse.fr\/JB6\/mof-7\/wp-json\/wp\/v2\/product\/1248"}],"collection":[{"href":"https:\/\/www.bluehouse.fr\/JB6\/mof-7\/wp-json\/wp\/v2\/product"}],"about":[{"href":"https:\/\/www.bluehouse.fr\/JB6\/mof-7\/wp-json\/wp\/v2\/types\/product"}],"replies":[{"embeddable":true,"href":"https:\/\/www.bluehouse.fr\/JB6\/mof-7\/wp-json\/wp\/v2\/comments?post=1248"}],"wp:featuredmedia":[{"embeddable":true,"href":"https:\/\/www.bluehouse.fr\/JB6\/mof-7\/wp-json\/wp\/v2\/media\/1288"}],"wp:attachment":[{"href":"https:\/\/www.bluehouse.fr\/JB6\/mof-7\/wp-json\/wp\/v2\/media?parent=1248"}],"curies":[{"name":"wp","href":"https:\/\/api.w.org\/{rel}","templated":true}]}}