{"id":32,"date":"2020-11-16T14:11:05","date_gmt":"2020-11-16T13:11:05","guid":{"rendered":"http:\/\/www.bluehouse.fr\/JB6\/mof-7\/?page_id=32"},"modified":"2021-02-17T23:36:58","modified_gmt":"2021-02-17T22:36:58","slug":"a-propos","status":"publish","type":"page","link":"https:\/\/www.bluehouse.fr\/JB6\/mof-7\/a-propos\/","title":{"rendered":"\u00c0 propos"},"content":{"rendered":"<p>[et_pb_section fb_built=\u00a0\u00bb1&Prime; _builder_version=\u00a0\u00bb4.7.4&Prime; _module_preset=\u00a0\u00bbdefault\u00a0\u00bb custom_margin=\u00a0\u00bb0px||||false|false\u00a0\u00bb custom_margin_tablet=\u00a0\u00bb\u00a0\u00bb custom_margin_phone=\u00a0\u00bb0px||||false|false\u00a0\u00bb custom_margin_last_edited=\u00a0\u00bbon|phone\u00a0\u00bb custom_padding=\u00a0\u00bb0px||||false|false\u00a0\u00bb da_disable_devices=\u00a0\u00bboff|off|off\u00a0\u00bb da_is_popup=\u00a0\u00bboff\u00a0\u00bb da_exit_intent=\u00a0\u00bboff\u00a0\u00bb da_has_close=\u00a0\u00bbon\u00a0\u00bb da_alt_close=\u00a0\u00bboff\u00a0\u00bb da_dark_close=\u00a0\u00bboff\u00a0\u00bb da_not_modal=\u00a0\u00bbon\u00a0\u00bb da_is_singular=\u00a0\u00bboff\u00a0\u00bb da_with_loader=\u00a0\u00bboff\u00a0\u00bb da_has_shadow=\u00a0\u00bbon\u00a0\u00bb][et_pb_row disabled_on=\u00a0\u00bboff|off|off\u00a0\u00bb _builder_version=\u00a0\u00bb4.7.7&Prime; _module_preset=\u00a0\u00bbdefault\u00a0\u00bb width_tablet=\u00a0\u00bb100%\u00a0\u00bb width_phone=\u00a0\u00bb\u00a0\u00bb width_last_edited=\u00a0\u00bbon|phone\u00a0\u00bb custom_margin=\u00a0\u00bb0px||||false|false\u00a0\u00bb custom_margin_tablet=\u00a0\u00bb\u00a0\u00bb custom_margin_phone=\u00a0\u00bb||0px||false|false\u00a0\u00bb custom_margin_last_edited=\u00a0\u00bbon|phone\u00a0\u00bb custom_padding=\u00a0\u00bb0px||0px||false|false\u00a0\u00bb][et_pb_column type=\u00a0\u00bb4_4&Prime; _builder_version=\u00a0\u00bb4.7.0&Prime; _module_preset=\u00a0\u00bbdefault\u00a0\u00bb][et_pb_image src=\u00a0\u00bbhttp:\/\/www.bluehouse.fr\/JB6\/mof-7\/wp-content\/uploads\/2020\/11\/Sans-titre-1-2.jpg\u00a0\u00bb title_text=\u00a0\u00bbSans-titre-1&Prime; _builder_version=\u00a0\u00bb4.7.3&Prime; _module_preset=\u00a0\u00bbdefault\u00a0\u00bb][\/et_pb_image][\/et_pb_column][\/et_pb_row][et_pb_row column_structure=\u00a0\u00bb2_5,3_5&Prime; disabled_on=\u00a0\u00bbon|on|off\u00a0\u00bb admin_label=\u00a0\u00bbdesk\u00a0\u00bb _builder_version=\u00a0\u00bb4.7.7&Prime; _module_preset=\u00a0\u00bbdefault\u00a0\u00bb width=\u00a0\u00bb90%\u00a0\u00bb custom_margin_tablet=\u00a0\u00bb\u00a0\u00bb custom_margin_phone=\u00a0\u00bb||||false|false\u00a0\u00bb custom_margin_last_edited=\u00a0\u00bbon|phone\u00a0\u00bb custom_padding=\u00a0\u00bb||||false|false\u00a0\u00bb][et_pb_column type=\u00a0\u00bb2_5&Prime; _builder_version=\u00a0\u00bb4.7.3&Prime; _module_preset=\u00a0\u00bbdefault\u00a0\u00bb][et_pb_image src=\u00a0\u00bbhttp:\/\/www.bluehouse.fr\/JB6\/mof-7\/wp-content\/uploads\/2020\/12\/Celine.jpg\u00a0\u00bb title_text=\u00a0\u00bbCeline\u00a0\u00bb _builder_version=\u00a0\u00bb4.7.7&Prime; _module_preset=\u00a0\u00bbdefault\u00a0\u00bb width=\u00a0\u00bb91%\u00a0\u00bb width_tablet=\u00a0\u00bb50%\u00a0\u00bb width_phone=\u00a0\u00bb\u00a0\u00bb width_last_edited=\u00a0\u00bbon|desktop\u00a0\u00bb][\/et_pb_image][\/et_pb_column][et_pb_column type=\u00a0\u00bb3_5&Prime; _builder_version=\u00a0\u00bb4.7.3&Prime; _module_preset=\u00a0\u00bbdefault\u00a0\u00bb][et_pb_text _builder_version=\u00a0\u00bb4.7.3&Prime; _module_preset=\u00a0\u00bbdefault\u00a0\u00bb]<\/p>\n<h2>CR\u00c9ATION DE L&rsquo;ATELIER<\/h2>\n<p>[\/et_pb_text][et_pb_text _builder_version=\u00a0\u00bb4.7.3&Prime; _module_preset=\u00a0\u00bbdefault\u00a0\u00bb]Ici pas de conte de f\u00e9es, ni de prince charmant et encore moins de \u00ab\u00a0il \u00e9tait une fois\u00a0\u00bb\u2026D\u00e9sol\u00e9e\u2026\u00a0<br \/>\nL\u2019histoire est m\u00eame, plut\u00f4t\u2026 inattendue\u00a0: prenez un boulon en acier, quelques \u00e9l\u00e9ments chimiques \u00e0 ne pas respirer, laissez bouillir plusieurs ann\u00e9es\u2026puis saupoudrez de quelques paillettes iris\u00e9es\u00a0!<br \/>\nMiss Oscar est N\u00e9e\u00a0! Et c\u2019est une fille\u00a0!!!<\/p>\n<p>Loin des st\u00e9r\u00e9otypes, elle \u00e9pluche les ann\u00e9es en affirmant son \u00e9nergie et sa cr\u00e9ativit\u00e9 au fil des rencontres \u00e0 la vie comme sur la sc\u00e8ne burlesque\u00a0: acceptation de soi, diversit\u00e9 des corps et \u00e9panouissement sont des valeurs fortes pour Miss Oscar.<br \/>\nMais tout prendra sens au d\u00e9tour d\u2019un virage serr\u00e9\u00a0: Miss Oscar r\u00e9alisera que c\u2019est au volant de sa machine \u00e0 coudre qu\u2019elle est la plus dou\u00e9e (et que de ce fait, les clavicules seraient aussi bien gard\u00e9es)\u00a0! <\/p>\n<p>Il n\u2019en fallait pas plus pour transformer une Id\u00e9e en Volont\u00e9\u00a0! D\u00e8s lors, Miss Oscar n\u2019aura de cesse de se former avec des couturiers en surpiquant des dizaines de centaines de milliers de kilom\u00e8tres-carr\u00e9s et d\u2019obtenir\u2026son CAP\u2026<br \/>\nMais au milieu de tout cela, il manquait cruellement quelque chose \u00e0 Miss Oscar\u00a0: \u00e9changer, transmettre, accueillir, rencontrer, accompagner\u2026 Pourquoi choisir\u00a0? Cette fois-ci, il n\u2019en faudra pas plus pour transformer une Volont\u00e9 en Atelier\u00a0: Bienvenue chez Miss Oscar Factory\u00a0![\/et_pb_text][\/et_pb_column][\/et_pb_row][et_pb_row disabled_on=\u00a0\u00bboff|off|on\u00a0\u00bb admin_label=\u00a0\u00bbmobile\u00a0\u00bb _builder_version=\u00a0\u00bb4.7.7&Prime; _module_preset=\u00a0\u00bbdefault\u00a0\u00bb width=\u00a0\u00bb90%\u00a0\u00bb custom_margin_tablet=\u00a0\u00bb\u00a0\u00bb custom_margin_phone=\u00a0\u00bb-19px||||false|false\u00a0\u00bb custom_margin_last_edited=\u00a0\u00bbon|phone\u00a0\u00bb][et_pb_column type=\u00a0\u00bb4_4&Prime; _builder_version=\u00a0\u00bb4.7.3&Prime; _module_preset=\u00a0\u00bbdefault\u00a0\u00bb][et_pb_text _builder_version=\u00a0\u00bb4.7.3&Prime; _module_preset=\u00a0\u00bbdefault\u00a0\u00bb]<\/p>\n<h2>CR\u00c9ATION DE L&rsquo;ATELIER<\/h2>\n<p>[\/et_pb_text][et_pb_image src=\u00a0\u00bbhttp:\/\/www.bluehouse.fr\/JB6\/mof-7\/wp-content\/uploads\/2020\/12\/Celine.jpg\u00a0\u00bb title_text=\u00a0\u00bbCeline\u00a0\u00bb _builder_version=\u00a0\u00bb4.7.7&Prime; _module_preset=\u00a0\u00bbdefault\u00a0\u00bb width=\u00a0\u00bb100%\u00a0\u00bb width_tablet=\u00a0\u00bb43%\u00a0\u00bb width_phone=\u00a0\u00bb\u00a0\u00bb width_last_edited=\u00a0\u00bbon|tablet\u00a0\u00bb locked=\u00a0\u00bboff\u00a0\u00bb][\/et_pb_image][et_pb_text _builder_version=\u00a0\u00bb4.7.3&Prime; _module_preset=\u00a0\u00bbdefault\u00a0\u00bb locked=\u00a0\u00bboff\u00a0\u00bb]Ici pas de conte de f\u00e9es, ni de prince charmant et encore moins de \u00ab\u00a0il \u00e9tait une fois\u00a0\u00bb\u2026D\u00e9sol\u00e9e\u2026\u00a0<br \/>\nL\u2019histoire est m\u00eame, plut\u00f4t\u2026 inattendue\u00a0: prenez un boulon en acier, quelques \u00e9l\u00e9ments chimiques \u00e0 ne pas respirer, laissez bouillir plusieurs ann\u00e9es\u2026puis saupoudrez de quelques paillettes iris\u00e9es\u00a0!<br \/>\nMiss Oscar est N\u00e9e\u00a0! Et c\u2019est une fille\u00a0!!!<\/p>\n<p>Loin des st\u00e9r\u00e9otypes, elle \u00e9pluche les ann\u00e9es en affirmant son \u00e9nergie et sa cr\u00e9ativit\u00e9 au fil des rencontres \u00e0 la vie comme sur la sc\u00e8ne burlesque\u00a0: acceptation de soi, diversit\u00e9 des corps et \u00e9panouissement sont des valeurs fortes pour Miss Oscar.<br \/>\nMais tout prendra sens au d\u00e9tour d\u2019un virage serr\u00e9\u00a0: Miss Oscar r\u00e9alisera que c\u2019est au volant de sa machine \u00e0 coudre qu\u2019elle est la plus dou\u00e9e (et que de ce fait, les clavicules seraient aussi bien gard\u00e9es)\u00a0! <\/p>\n<p>Il n\u2019en fallait pas plus pour transformer une Id\u00e9e en Volont\u00e9\u00a0! D\u00e8s lors, Miss Oscar n\u2019aura de cesse de se former avec des couturiers en surpiquant des dizaines de centaines de milliers de kilom\u00e8tres-carr\u00e9s et d\u2019obtenir\u2026son CAP\u2026<br \/>\nMais au milieu de tout cela, il manquait cruellement quelque chose \u00e0 Miss Oscar\u00a0: \u00e9changer, transmettre, accueillir, rencontrer, accompagner\u2026 Pourquoi choisir\u00a0? Cette fois-ci, il n\u2019en faudra pas plus pour transformer une Volont\u00e9 en Atelier\u00a0: Bienvenue chez Miss Oscar Factory\u00a0![\/et_pb_text][\/et_pb_column][\/et_pb_row][et_pb_row column_structure=\u00a0\u00bb3_5,2_5&Prime; disabled_on=\u00a0\u00bbon|on|off\u00a0\u00bb admin_label=\u00a0\u00bbdesk\u00a0\u00bb _builder_version=\u00a0\u00bb4.7.7&Prime; _module_preset=\u00a0\u00bbdefault\u00a0\u00bb width_tablet=\u00a0\u00bb90%\u00a0\u00bb width_phone=\u00a0\u00bb\u00a0\u00bb width_last_edited=\u00a0\u00bbon|tablet\u00a0\u00bb custom_margin_tablet=\u00a0\u00bb\u00a0\u00bb custom_margin_phone=\u00a0\u00bb\u00a0\u00bb custom_margin_last_edited=\u00a0\u00bbon|tablet\u00a0\u00bb][et_pb_column type=\u00a0\u00bb3_5&Prime; _builder_version=\u00a0\u00bb4.7.3&Prime; _module_preset=\u00a0\u00bbdefault\u00a0\u00bb][et_pb_text _builder_version=\u00a0\u00bb4.7.3&Prime; _module_preset=\u00a0\u00bbdefault\u00a0\u00bb]<\/p>\n<h2>\u00c7A ?! C&rsquo;EST VRAIMENT MISS OSCAR FACTORY !<\/h2>\n<p>[\/et_pb_text][et_pb_text _builder_version=\u00a0\u00bb4.7.3&Prime; _module_preset=\u00a0\u00bbdefault\u00a0\u00bb]<\/p>\n<p>S\u2019habiller\u00a0: vaste sujet\u00a0! Totally addict pour certains, pour d\u2019autres anxiog\u00e8ne, ce que nous portons, ce que nous choisissons de montrer, ce que nous choisissons de dissimuler\u2026Il s\u2019en cache sous le v\u00eatement\u00a0!<br \/>Il ne faut pas oublier que c\u2019est nous, notre corps, qui le portons, l\u2019animons. Qui l\u2019incarnons\u2026Et pas l\u2019inverse\u00a0!<br \/>Le v\u00eatement vient magnifier ce qui l\u2019est d\u00e9j\u00e0 par nature\u2026Et vous l\u2019\u00eates\u00a0! Alors reprenez le pouvoir\u00a0!<br \/>(R\u00e9)-Apprivoiser son image et se r\u00e9concilier avec son corps par le plaisir de porter un v\u00eatement, un accessoire, fait pour soi, par soi, qui vient \u00e9pouser nos formes comme elles sont ici et maintenant\u00a0! <br \/>Miss Oscar Factory propose \u00e0 travers la couture, la cr\u00e9ativit\u00e9 que nous portons en nous, de (r\u00e9)-investir nos corps, leurs forces, leurs potentiels dans toutes leurs diversit\u00e9s, dans toutes leurs perfections avec bienveillance\u2026C\u2019est notre plus belle richesse.<\/p>\n<p>[\/et_pb_text][\/et_pb_column][et_pb_column type=\u00a0\u00bb2_5&Prime; _builder_version=\u00a0\u00bb4.7.3&Prime; _module_preset=\u00a0\u00bbdefault\u00a0\u00bb][et_pb_image src=\u00a0\u00bbhttp:\/\/www.bluehouse.fr\/JB6\/mof-7\/wp-content\/uploads\/2020\/12\/miss-2.jpg\u00a0\u00bb title_text=\u00a0\u00bbmiss-2&Prime; _builder_version=\u00a0\u00bb4.7.4&Prime; _module_preset=\u00a0\u00bbdefault\u00a0\u00bb][\/et_pb_image][\/et_pb_column][\/et_pb_row][et_pb_row disabled_on=\u00a0\u00bboff|off|on\u00a0\u00bb admin_label=\u00a0\u00bbmobile\u00a0\u00bb _builder_version=\u00a0\u00bb4.7.4&Prime; _module_preset=\u00a0\u00bbdefault\u00a0\u00bb][et_pb_column type=\u00a0\u00bb4_4&Prime; _builder_version=\u00a0\u00bb4.7.3&Prime; _module_preset=\u00a0\u00bbdefault\u00a0\u00bb][et_pb_text _builder_version=\u00a0\u00bb4.7.3&Prime; _module_preset=\u00a0\u00bbdefault\u00a0\u00bb]<\/p>\n<h2>\u00c7A ?! C&rsquo;EST VRAIMENT MISS OSCAR FACTORY !<\/h2>\n<p>[\/et_pb_text][et_pb_image src=\u00a0\u00bbhttp:\/\/www.bluehouse.fr\/JB6\/mof-7\/wp-content\/uploads\/2020\/12\/miss-2.jpg\u00a0\u00bb title_text=\u00a0\u00bbmiss-2&Prime; _builder_version=\u00a0\u00bb4.7.4&Prime; _module_preset=\u00a0\u00bbdefault\u00a0\u00bb locked=\u00a0\u00bboff\u00a0\u00bb][\/et_pb_image][et_pb_text _builder_version=\u00a0\u00bb4.7.3&Prime; _module_preset=\u00a0\u00bbdefault\u00a0\u00bb locked=\u00a0\u00bboff\u00a0\u00bb]<\/p>\n<p>S\u2019habiller\u00a0: vaste sujet\u00a0! Totally addict pour certains, pour d\u2019autres anxiog\u00e8ne, ce que nous portons, ce que nous choisissons de montrer, ce que nous choisissons de dissimuler\u2026Il s\u2019en cache sous le v\u00eatement\u00a0!<br \/>Il ne faut pas oublier que c\u2019est nous, notre corps, qui le portons, l\u2019animons. Qui l\u2019incarnons\u2026Et pas l\u2019inverse\u00a0!<br \/>Le v\u00eatement vient magnifier ce qui l\u2019est d\u00e9j\u00e0 par nature\u2026Et vous l\u2019\u00eates\u00a0! Alors reprenez le pouvoir\u00a0!<br \/>(R\u00e9)-Apprivoiser son image et se r\u00e9concilier avec son corps par le plaisir de porter un v\u00eatement, un accessoire, fait pour soi, par soi, qui vient \u00e9pouser nos formes comme elles sont ici et maintenant\u00a0! <br \/>Miss Oscar Factory propose \u00e0 travers la couture, la cr\u00e9ativit\u00e9 que nous portons en nous, de (r\u00e9)-investir nos corps, leurs forces, leurs potentiels dans toutes leurs diversit\u00e9s, dans toutes leurs perfections avec bienveillance\u2026C\u2019est notre plus belle richesse.<\/p>\n<p>[\/et_pb_text][\/et_pb_column][\/et_pb_row][et_pb_row _builder_version=\u00a0\u00bb4.7.3&Prime; _module_preset=\u00a0\u00bbdefault\u00a0\u00bb][et_pb_column type=\u00a0\u00bb4_4&Prime; _builder_version=\u00a0\u00bb4.7.3&Prime; _module_preset=\u00a0\u00bbdefault\u00a0\u00bb][et_pb_button button_url=\u00a0\u00bb\/locations\/\u00a0\u00bb button_text=\u00a0\u00bbR\u00e9server un atelier\u00a0\u00bb button_alignment=\u00a0\u00bbcenter\u00a0\u00bb _builder_version=\u00a0\u00bb4.7.6&Prime; _module_preset=\u00a0\u00bbdefault\u00a0\u00bb custom_button=\u00a0\u00bbon\u00a0\u00bb button_bg_color=\u00a0\u00bb#000000&Prime;][\/et_pb_button][\/et_pb_column][\/et_pb_row][\/et_pb_section]<\/p>\n","protected":false},"excerpt":{"rendered":"<p>[et_pb_section fb_built=\u00a0\u00bb1&Prime; _builder_version=\u00a0\u00bb4.7.4&Prime; _module_preset=\u00a0\u00bbdefault\u00a0\u00bb custom_margin=\u00a0\u00bb0px||||false|false\u00a0\u00bb custom_margin_tablet=\u00a0\u00bb\u00a0\u00bb custom_margin_phone=\u00a0\u00bb0px||||false|false\u00a0\u00bb custom_margin_last_edited=\u00a0\u00bbon|phone\u00a0\u00bb custom_padding=\u00a0\u00bb0px||||false|false\u00a0\u00bb da_disable_devices=\u00a0\u00bboff|off|off\u00a0\u00bb da_is_popup=\u00a0\u00bboff\u00a0\u00bb da_exit_intent=\u00a0\u00bboff\u00a0\u00bb da_has_close=\u00a0\u00bbon\u00a0\u00bb da_alt_close=\u00a0\u00bboff\u00a0\u00bb da_dark_close=\u00a0\u00bboff\u00a0\u00bb da_not_modal=\u00a0\u00bbon\u00a0\u00bb da_is_singular=\u00a0\u00bboff\u00a0\u00bb da_with_loader=\u00a0\u00bboff\u00a0\u00bb da_has_shadow=\u00a0\u00bbon\u00a0\u00bb][et_pb_row disabled_on=\u00a0\u00bboff|off|off\u00a0\u00bb _builder_version=\u00a0\u00bb4.7.7&Prime; _module_preset=\u00a0\u00bbdefault\u00a0\u00bb width_tablet=\u00a0\u00bb100%\u00a0\u00bb width_phone=\u00a0\u00bb\u00a0\u00bb width_last_edited=\u00a0\u00bbon|phone\u00a0\u00bb custom_margin=\u00a0\u00bb0px||||false|false\u00a0\u00bb custom_margin_tablet=\u00a0\u00bb\u00a0\u00bb custom_margin_phone=\u00a0\u00bb||0px||false|false\u00a0\u00bb custom_margin_last_edited=\u00a0\u00bbon|phone\u00a0\u00bb custom_padding=\u00a0\u00bb0px||0px||false|false\u00a0\u00bb][et_pb_column [&hellip;]<\/p>\n","protected":false},"author":13,"featured_media":0,"parent":0,"menu_order":0,"comment_status":"closed","ping_status":"closed","template":"","meta":{"_et_pb_use_builder":"on","_et_pb_old_content":"","_et_gb_content_width":"","footnotes":""},"class_list":["post-32","page","type-page","status-publish","hentry"],"_links":{"self":[{"href":"https:\/\/www.bluehouse.fr\/JB6\/mof-7\/wp-json\/wp\/v2\/pages\/32"}],"collection":[{"href":"https:\/\/www.bluehouse.fr\/JB6\/mof-7\/wp-json\/wp\/v2\/pages"}],"about":[{"href":"https:\/\/www.bluehouse.fr\/JB6\/mof-7\/wp-json\/wp\/v2\/types\/page"}],"author":[{"embeddable":true,"href":"https:\/\/www.bluehouse.fr\/JB6\/mof-7\/wp-json\/wp\/v2\/users\/13"}],"replies":[{"embeddable":true,"href":"https:\/\/www.bluehouse.fr\/JB6\/mof-7\/wp-json\/wp\/v2\/comments?post=32"}],"version-history":[{"count":0,"href":"https:\/\/www.bluehouse.fr\/JB6\/mof-7\/wp-json\/wp\/v2\/pages\/32\/revisions"}],"wp:attachment":[{"href":"https:\/\/www.bluehouse.fr\/JB6\/mof-7\/wp-json\/wp\/v2\/media?parent=32"}],"curies":[{"name":"wp","href":"https:\/\/api.w.org\/{rel}","templated":true}]}}