{"id":235900,"date":"2021-07-04T16:42:10","date_gmt":"2021-07-04T14:42:10","guid":{"rendered":"https:\/\/www.bluehouse.fr\/JB6\/carnet-de-vol\/?page_id=235900"},"modified":"2024-05-09T19:51:01","modified_gmt":"2024-05-09T17:51:01","slug":"inscription","status":"publish","type":"page","link":"https:\/\/www.bluehouse.fr\/JB6\/carnet-de-vol\/inscription\/","title":{"rendered":"Inscription"},"content":{"rendered":"<p>[et_pb_section fb_built=&#8221;1&#8243; _builder_version=&#8221;4.16&#8243; _module_preset=&#8221;default&#8221; background_image=&#8221;https:\/\/www.bluehouse.fr\/JB6\/carnet-de-vol\/wp-content\/uploads\/2021\/02\/fond-1-1.jpg&#8221; parallax=&#8221;on&#8221; parallax_method=&#8221;off&#8221; da_disable_devices=&#8221;off|off|off&#8221; global_colors_info=&#8221;{}&#8221; da_is_popup=&#8221;off&#8221; da_exit_intent=&#8221;off&#8221; da_has_close=&#8221;on&#8221; da_alt_close=&#8221;off&#8221; da_dark_close=&#8221;off&#8221; da_not_modal=&#8221;on&#8221; da_is_singular=&#8221;off&#8221; da_with_loader=&#8221;off&#8221; da_has_shadow=&#8221;on&#8221;][et_pb_row _builder_version=&#8221;4.16&#8243; _module_preset=&#8221;default&#8221; global_colors_info=&#8221;{}&#8221;][et_pb_column type=&#8221;4_4&#8243; _builder_version=&#8221;4.16&#8243; _module_preset=&#8221;default&#8221; global_colors_info=&#8221;{}&#8221;][et_pb_text _builder_version=&#8221;4.19.4&#8243; _module_preset=&#8221;default&#8221; header_text_color=&#8221;#ec631c&#8221; global_colors_info=&#8221;{}&#8221;]<\/p>\n<h1>Inscription<\/h1>\n<p>Pour t&#8217;inscrire sur Carnet de Vol, il te suffit simplement de remplir le formulaire.<br \/>Tu recevras tr\u00e8s rapidement ton identifiant et ton mot de passe et tu pourras commencer \u00e0 ajouter tes vols.<\/p>\n<p>[\/et_pb_text][et_pb_contact_form use_spam_service=&#8221;on&#8221; recaptcha_list=&#8221;carnet-de-vol|carnet-de-vol-0&#8243; recaptcha_min_score=&#8221;0.7&#8243; email=&#8221;jack@bluehouse.fr&#8221; custom_message=&#8221;Ce message vous est envoy\u00e9 depuis le formulaire Inscription du site Carnet de vol ||et_pb_line_break_holder||||et_pb_line_break_holder||Pr\u00e9nom : %%Surname%%||et_pb_line_break_holder||||et_pb_line_break_holder||Nom :  %%Name%%||et_pb_line_break_holder||||et_pb_line_break_holder||Email : %%email%% ||et_pb_line_break_holder||||et_pb_line_break_holder||Le contenu de son message est : %%message%%&#8221; success_message=&#8221;Ta demande d&#8217;inscription a \u00e9t\u00e9 transmise avec succ\u00e8s. Tu recevras tr\u00e8s rapidement tes identifiants.&#8221; submit_button_text=&#8221;Envoyer&#8221; _builder_version=&#8221;4.25.0&#8243; _module_preset=&#8221;default&#8221; _unique_id=&#8221;7b56895d-a404-4ab7-9a91-5ca39da1dc80&#8243; hover_enabled=&#8221;0&#8243; global_colors_info=&#8221;{}&#8221; sticky_enabled=&#8221;0&#8243;][et_pb_contact_field field_id=&#8221;Name&#8221; field_title=&#8221;Nom&#8221; _builder_version=&#8221;4.25.0&#8243; global_colors_info=&#8221;{}&#8221; button_text_size__hover_enabled=&#8221;off&#8221; button_one_text_size__hover_enabled=&#8221;off&#8221; button_two_text_size__hover_enabled=&#8221;off&#8221; button_text_color__hover_enabled=&#8221;off&#8221; button_one_text_color__hover_enabled=&#8221;off&#8221; button_two_text_color__hover_enabled=&#8221;off&#8221; button_border_width__hover_enabled=&#8221;off&#8221; button_one_border_width__hover_enabled=&#8221;off&#8221; button_two_border_width__hover_enabled=&#8221;off&#8221; button_border_color__hover_enabled=&#8221;off&#8221; button_one_border_color__hover_enabled=&#8221;off&#8221; button_two_border_color__hover_enabled=&#8221;off&#8221; button_border_radius__hover_enabled=&#8221;off&#8221; button_one_border_radius__hover_enabled=&#8221;off&#8221; button_two_border_radius__hover_enabled=&#8221;off&#8221; button_letter_spacing__hover_enabled=&#8221;off&#8221; button_one_letter_spacing__hover_enabled=&#8221;off&#8221; button_two_letter_spacing__hover_enabled=&#8221;off&#8221; button_bg_color__hover_enabled=&#8221;off&#8221; button_one_bg_color__hover_enabled=&#8221;off&#8221; button_two_bg_color__hover_enabled=&#8221;off&#8221;][\/et_pb_contact_field][et_pb_contact_field field_id=&#8221;Surname&#8221; field_title=&#8221;Pr\u00e9nom&#8221; _builder_version=&#8221;4.25.0&#8243; global_colors_info=&#8221;{}&#8221; button_text_size__hover_enabled=&#8221;off&#8221; button_one_text_size__hover_enabled=&#8221;off&#8221; button_two_text_size__hover_enabled=&#8221;off&#8221; button_text_color__hover_enabled=&#8221;off&#8221; button_one_text_color__hover_enabled=&#8221;off&#8221; button_two_text_color__hover_enabled=&#8221;off&#8221; button_border_width__hover_enabled=&#8221;off&#8221; button_one_border_width__hover_enabled=&#8221;off&#8221; button_two_border_width__hover_enabled=&#8221;off&#8221; button_border_color__hover_enabled=&#8221;off&#8221; button_one_border_color__hover_enabled=&#8221;off&#8221; button_two_border_color__hover_enabled=&#8221;off&#8221; button_border_radius__hover_enabled=&#8221;off&#8221; button_one_border_radius__hover_enabled=&#8221;off&#8221; button_two_border_radius__hover_enabled=&#8221;off&#8221; button_letter_spacing__hover_enabled=&#8221;off&#8221; button_one_letter_spacing__hover_enabled=&#8221;off&#8221; button_two_letter_spacing__hover_enabled=&#8221;off&#8221; button_bg_color__hover_enabled=&#8221;off&#8221; button_one_bg_color__hover_enabled=&#8221;off&#8221; button_two_bg_color__hover_enabled=&#8221;off&#8221;][\/et_pb_contact_field][et_pb_contact_field field_id=&#8221;Email&#8221; field_title=&#8221;Adresse e-mail&#8221; field_type=&#8221;email&#8221; _builder_version=&#8221;4.24.2&#8243; global_colors_info=&#8221;{}&#8221; button_text_size__hover_enabled=&#8221;off&#8221; button_one_text_size__hover_enabled=&#8221;off&#8221; button_two_text_size__hover_enabled=&#8221;off&#8221; button_text_color__hover_enabled=&#8221;off&#8221; button_one_text_color__hover_enabled=&#8221;off&#8221; button_two_text_color__hover_enabled=&#8221;off&#8221; button_border_width__hover_enabled=&#8221;off&#8221; button_one_border_width__hover_enabled=&#8221;off&#8221; button_two_border_width__hover_enabled=&#8221;off&#8221; button_border_color__hover_enabled=&#8221;off&#8221; button_one_border_color__hover_enabled=&#8221;off&#8221; button_two_border_color__hover_enabled=&#8221;off&#8221; button_border_radius__hover_enabled=&#8221;off&#8221; button_one_border_radius__hover_enabled=&#8221;off&#8221; button_two_border_radius__hover_enabled=&#8221;off&#8221; button_letter_spacing__hover_enabled=&#8221;off&#8221; button_one_letter_spacing__hover_enabled=&#8221;off&#8221; button_two_letter_spacing__hover_enabled=&#8221;off&#8221; button_bg_color__hover_enabled=&#8221;off&#8221; button_one_bg_color__hover_enabled=&#8221;off&#8221; button_two_bg_color__hover_enabled=&#8221;off&#8221;][\/et_pb_contact_field][et_pb_contact_field field_id=&#8221;Message&#8221; field_title=&#8221;En quelques mots, pourquoi souhaites-tu t&#8217;inscrire sur Carnet de Vol ?&#8221; field_type=&#8221;text&#8221; fullwidth_field=&#8221;on&#8221; _builder_version=&#8221;4.19.4&#8243; global_colors_info=&#8221;{}&#8221; button_text_size__hover_enabled=&#8221;off&#8221; button_one_text_size__hover_enabled=&#8221;off&#8221; button_two_text_size__hover_enabled=&#8221;off&#8221; button_text_color__hover_enabled=&#8221;off&#8221; button_one_text_color__hover_enabled=&#8221;off&#8221; button_two_text_color__hover_enabled=&#8221;off&#8221; button_border_width__hover_enabled=&#8221;off&#8221; button_one_border_width__hover_enabled=&#8221;off&#8221; button_two_border_width__hover_enabled=&#8221;off&#8221; button_border_color__hover_enabled=&#8221;off&#8221; button_one_border_color__hover_enabled=&#8221;off&#8221; button_two_border_color__hover_enabled=&#8221;off&#8221; button_border_radius__hover_enabled=&#8221;off&#8221; button_one_border_radius__hover_enabled=&#8221;off&#8221; button_two_border_radius__hover_enabled=&#8221;off&#8221; button_letter_spacing__hover_enabled=&#8221;off&#8221; button_one_letter_spacing__hover_enabled=&#8221;off&#8221; button_two_letter_spacing__hover_enabled=&#8221;off&#8221; button_bg_color__hover_enabled=&#8221;off&#8221; button_one_bg_color__hover_enabled=&#8221;off&#8221; button_two_bg_color__hover_enabled=&#8221;off&#8221;][\/et_pb_contact_field][\/et_pb_contact_form][\/et_pb_column][\/et_pb_row][\/et_pb_section]<\/p>\n","protected":false},"excerpt":{"rendered":"<p>Inscription Pour t&#8217;inscrire sur Carnet de Vol, il te suffit simplement de remplir le formulaire.Tu recevras tr\u00e8s rapidement ton identifiant et ton mot de passe et tu pourras commencer \u00e0 ajouter tes vols.<\/p>\n","protected":false},"author":57,"featured_media":0,"parent":0,"menu_order":0,"comment_status":"closed","ping_status":"closed","template":"","meta":{"_et_pb_use_builder":"on","_et_pb_old_content":"","_et_gb_content_width":"","_joinchat":[],"footnotes":""},"class_list":["post-235900","page","type-page","status-publish","hentry"],"yoast_head":"<!-- This site is optimized with the Yoast SEO plugin v27.5 - https:\/\/yoast.com\/product\/yoast-seo-wordpress\/ -->\n<title>Inscription - Carnet de Vol<\/title>\n<meta name=\"robots\" content=\"index, follow, max-snippet:-1, max-image-preview:large, max-video-preview:-1\" \/>\n<link rel=\"canonical\" href=\"https:\/\/www.bluehouse.fr\/JB6\/carnet-de-vol\/inscription\/\" \/>\n<meta property=\"og:locale\" content=\"fr_FR\" \/>\n<meta property=\"og:type\" content=\"article\" \/>\n<meta property=\"og:title\" content=\"Inscription - Carnet de Vol\" \/>\n<meta property=\"og:description\" content=\"Inscription Pour t&#039;inscrire sur Carnet de Vol, il te suffit simplement de remplir le formulaire.Tu recevras tr\u00e8s rapidement ton identifiant et ton mot de passe et tu pourras commencer \u00e0 ajouter tes vols.\" \/>\n<meta property=\"og:url\" content=\"https:\/\/www.bluehouse.fr\/JB6\/carnet-de-vol\/inscription\/\" \/>\n<meta property=\"og:site_name\" content=\"Carnet de Vol\" \/>\n<meta property=\"article:modified_time\" content=\"2024-05-09T17:51:01+00:00\" \/>\n<meta property=\"og:image\" content=\"https:\/\/www.bluehouse.fr\/JB6\/carnet-de-vol\/wp-content\/uploads\/2025\/04\/e5203bf3e7decb21add0364ff119459aeca37b6c-2500x1667-1.jpg\" \/>\n\t<meta property=\"og:image:width\" content=\"2500\" \/>\n\t<meta property=\"og:image:height\" content=\"1667\" \/>\n\t<meta property=\"og:image:type\" content=\"image\/jpeg\" \/>\n<meta name=\"twitter:card\" content=\"summary_large_image\" \/>\n<meta name=\"twitter:label1\" content=\"Dur\u00e9e de lecture estim\u00e9e\" \/>\n\t<meta name=\"twitter:data1\" content=\"5 minutes\" \/>\n<script type=\"application\/ld+json\" class=\"yoast-schema-graph\">{\"@context\":\"https:\\\/\\\/schema.org\",\"@graph\":[{\"@type\":\"WebPage\",\"@id\":\"https:\\\/\\\/www.bluehouse.fr\\\/JB6\\\/carnet-de-vol\\\/inscription\\\/\",\"url\":\"https:\\\/\\\/www.bluehouse.fr\\\/JB6\\\/carnet-de-vol\\\/inscription\\\/\",\"name\":\"Inscription - Carnet de Vol\",\"isPartOf\":{\"@id\":\"https:\\\/\\\/www.bluehouse.fr\\\/JB6\\\/carnet-de-vol\\\/#website\"},\"datePublished\":\"2021-07-04T14:42:10+00:00\",\"dateModified\":\"2024-05-09T17:51:01+00:00\",\"breadcrumb\":{\"@id\":\"https:\\\/\\\/www.bluehouse.fr\\\/JB6\\\/carnet-de-vol\\\/inscription\\\/#breadcrumb\"},\"inLanguage\":\"fr-FR\",\"potentialAction\":[{\"@type\":\"ReadAction\",\"target\":[\"https:\\\/\\\/www.bluehouse.fr\\\/JB6\\\/carnet-de-vol\\\/inscription\\\/\"]}]},{\"@type\":\"BreadcrumbList\",\"@id\":\"https:\\\/\\\/www.bluehouse.fr\\\/JB6\\\/carnet-de-vol\\\/inscription\\\/#breadcrumb\",\"itemListElement\":[{\"@type\":\"ListItem\",\"position\":1,\"name\":\"Accueil\",\"item\":\"https:\\\/\\\/www.bluehouse.fr\\\/JB6\\\/carnet-de-vol\\\/\"},{\"@type\":\"ListItem\",\"position\":2,\"name\":\"Inscription\"}]},{\"@type\":\"WebSite\",\"@id\":\"https:\\\/\\\/www.bluehouse.fr\\\/JB6\\\/carnet-de-vol\\\/#website\",\"url\":\"https:\\\/\\\/www.bluehouse.fr\\\/JB6\\\/carnet-de-vol\\\/\",\"name\":\"Carnet de Vol\",\"description\":\"Carnet de Vol Parapente\",\"publisher\":{\"@id\":\"https:\\\/\\\/www.bluehouse.fr\\\/JB6\\\/carnet-de-vol\\\/#organization\"},\"potentialAction\":[{\"@type\":\"SearchAction\",\"target\":{\"@type\":\"EntryPoint\",\"urlTemplate\":\"https:\\\/\\\/www.bluehouse.fr\\\/JB6\\\/carnet-de-vol\\\/?s={search_term_string}\"},\"query-input\":{\"@type\":\"PropertyValueSpecification\",\"valueRequired\":true,\"valueName\":\"search_term_string\"}}],\"inLanguage\":\"fr-FR\"},{\"@type\":\"Organization\",\"@id\":\"https:\\\/\\\/www.bluehouse.fr\\\/JB6\\\/carnet-de-vol\\\/#organization\",\"name\":\"Carnet de Vol\",\"url\":\"https:\\\/\\\/www.bluehouse.fr\\\/JB6\\\/carnet-de-vol\\\/\",\"logo\":{\"@type\":\"ImageObject\",\"inLanguage\":\"fr-FR\",\"@id\":\"https:\\\/\\\/www.bluehouse.fr\\\/JB6\\\/carnet-de-vol\\\/#\\\/schema\\\/logo\\\/image\\\/\",\"url\":\"https:\\\/\\\/www.bluehouse.fr\\\/JB6\\\/carnet-de-vol\\\/wp-content\\\/uploads\\\/2023\\\/11\\\/logo.png\",\"contentUrl\":\"https:\\\/\\\/www.bluehouse.fr\\\/JB6\\\/carnet-de-vol\\\/wp-content\\\/uploads\\\/2023\\\/11\\\/logo.png\",\"width\":400,\"height\":400,\"caption\":\"Carnet de Vol\"},\"image\":{\"@id\":\"https:\\\/\\\/www.bluehouse.fr\\\/JB6\\\/carnet-de-vol\\\/#\\\/schema\\\/logo\\\/image\\\/\"}}]}<\/script>\n<!-- \/ Yoast SEO plugin. -->","yoast_head_json":{"title":"Inscription - Carnet de Vol","robots":{"index":"index","follow":"follow","max-snippet":"max-snippet:-1","max-image-preview":"max-image-preview:large","max-video-preview":"max-video-preview:-1"},"canonical":"https:\/\/www.bluehouse.fr\/JB6\/carnet-de-vol\/inscription\/","og_locale":"fr_FR","og_type":"article","og_title":"Inscription - Carnet de Vol","og_description":"Inscription Pour t'inscrire sur Carnet de Vol, il te suffit simplement de remplir le formulaire.Tu recevras tr\u00e8s rapidement ton identifiant et ton mot de passe et tu pourras commencer \u00e0 ajouter tes vols.","og_url":"https:\/\/www.bluehouse.fr\/JB6\/carnet-de-vol\/inscription\/","og_site_name":"Carnet de Vol","article_modified_time":"2024-05-09T17:51:01+00:00","og_image":[{"width":2500,"height":1667,"url":"https:\/\/www.bluehouse.fr\/JB6\/carnet-de-vol\/wp-content\/uploads\/2025\/04\/e5203bf3e7decb21add0364ff119459aeca37b6c-2500x1667-1.jpg","type":"image\/jpeg"}],"twitter_card":"summary_large_image","twitter_misc":{"Dur\u00e9e de lecture estim\u00e9e":"5 minutes"},"schema":{"@context":"https:\/\/schema.org","@graph":[{"@type":"WebPage","@id":"https:\/\/www.bluehouse.fr\/JB6\/carnet-de-vol\/inscription\/","url":"https:\/\/www.bluehouse.fr\/JB6\/carnet-de-vol\/inscription\/","name":"Inscription - Carnet de Vol","isPartOf":{"@id":"https:\/\/www.bluehouse.fr\/JB6\/carnet-de-vol\/#website"},"datePublished":"2021-07-04T14:42:10+00:00","dateModified":"2024-05-09T17:51:01+00:00","breadcrumb":{"@id":"https:\/\/www.bluehouse.fr\/JB6\/carnet-de-vol\/inscription\/#breadcrumb"},"inLanguage":"fr-FR","potentialAction":[{"@type":"ReadAction","target":["https:\/\/www.bluehouse.fr\/JB6\/carnet-de-vol\/inscription\/"]}]},{"@type":"BreadcrumbList","@id":"https:\/\/www.bluehouse.fr\/JB6\/carnet-de-vol\/inscription\/#breadcrumb","itemListElement":[{"@type":"ListItem","position":1,"name":"Accueil","item":"https:\/\/www.bluehouse.fr\/JB6\/carnet-de-vol\/"},{"@type":"ListItem","position":2,"name":"Inscription"}]},{"@type":"WebSite","@id":"https:\/\/www.bluehouse.fr\/JB6\/carnet-de-vol\/#website","url":"https:\/\/www.bluehouse.fr\/JB6\/carnet-de-vol\/","name":"Carnet de Vol","description":"Carnet de Vol Parapente","publisher":{"@id":"https:\/\/www.bluehouse.fr\/JB6\/carnet-de-vol\/#organization"},"potentialAction":[{"@type":"SearchAction","target":{"@type":"EntryPoint","urlTemplate":"https:\/\/www.bluehouse.fr\/JB6\/carnet-de-vol\/?s={search_term_string}"},"query-input":{"@type":"PropertyValueSpecification","valueRequired":true,"valueName":"search_term_string"}}],"inLanguage":"fr-FR"},{"@type":"Organization","@id":"https:\/\/www.bluehouse.fr\/JB6\/carnet-de-vol\/#organization","name":"Carnet de Vol","url":"https:\/\/www.bluehouse.fr\/JB6\/carnet-de-vol\/","logo":{"@type":"ImageObject","inLanguage":"fr-FR","@id":"https:\/\/www.bluehouse.fr\/JB6\/carnet-de-vol\/#\/schema\/logo\/image\/","url":"https:\/\/www.bluehouse.fr\/JB6\/carnet-de-vol\/wp-content\/uploads\/2023\/11\/logo.png","contentUrl":"https:\/\/www.bluehouse.fr\/JB6\/carnet-de-vol\/wp-content\/uploads\/2023\/11\/logo.png","width":400,"height":400,"caption":"Carnet de Vol"},"image":{"@id":"https:\/\/www.bluehouse.fr\/JB6\/carnet-de-vol\/#\/schema\/logo\/image\/"}}]}},"jetpack_sharing_enabled":true,"_links":{"self":[{"href":"https:\/\/www.bluehouse.fr\/JB6\/carnet-de-vol\/wp-json\/wp\/v2\/pages\/235900","targetHints":{"allow":["GET"]}}],"collection":[{"href":"https:\/\/www.bluehouse.fr\/JB6\/carnet-de-vol\/wp-json\/wp\/v2\/pages"}],"about":[{"href":"https:\/\/www.bluehouse.fr\/JB6\/carnet-de-vol\/wp-json\/wp\/v2\/types\/page"}],"author":[{"embeddable":true,"href":"https:\/\/www.bluehouse.fr\/JB6\/carnet-de-vol\/wp-json\/wp\/v2\/users\/57"}],"replies":[{"embeddable":true,"href":"https:\/\/www.bluehouse.fr\/JB6\/carnet-de-vol\/wp-json\/wp\/v2\/comments?post=235900"}],"version-history":[{"count":5,"href":"https:\/\/www.bluehouse.fr\/JB6\/carnet-de-vol\/wp-json\/wp\/v2\/pages\/235900\/revisions"}],"predecessor-version":[{"id":242627,"href":"https:\/\/www.bluehouse.fr\/JB6\/carnet-de-vol\/wp-json\/wp\/v2\/pages\/235900\/revisions\/242627"}],"wp:attachment":[{"href":"https:\/\/www.bluehouse.fr\/JB6\/carnet-de-vol\/wp-json\/wp\/v2\/media?parent=235900"}],"curies":[{"name":"wp","href":"https:\/\/api.w.org\/{rel}","templated":true}]}}