{"id":596,"date":"2016-05-11T09:20:20","date_gmt":"2016-05-11T08:20:20","guid":{"rendered":"http:\/\/www.bluehouse.fr\/JB6\/cao\/\/\/?page_id=596"},"modified":"2020-05-11T09:09:28","modified_gmt":"2020-05-11T08:09:28","slug":"chirurgie-assistee-ordinateur","status":"publish","type":"page","link":"https:\/\/www.bluehouse.fr\/JB6\/cao\/","title":{"rendered":"CHIRURGIE ASSIST\u00c9E PAR ORDINATEUR"},"content":{"rendered":"<p>[et_pb_section fb_built=\u00a0\u00bb1&Prime; module_class=\u00a0\u00bbfred_bkg_color_1&Prime; _builder_version=\u00a0\u00bb3.22&Prime; background_color=\u00a0\u00bb#f2f2f2&Prime; custom_margin=\u00a0\u00bb0px|||\u00a0\u00bb custom_padding=\u00a0\u00bb0px|||\u00a0\u00bb][et_pb_row use_custom_gutter=\u00a0\u00bbon\u00a0\u00bb gutter_width=\u00a0\u00bb1&Prime; module_class=\u00a0\u00bb et_pb_row_fullwidth\u00a0\u00bb _builder_version=\u00a0\u00bb3.25&Prime; background_size=\u00a0\u00bbinitial\u00a0\u00bb background_position=\u00a0\u00bbtop_left\u00a0\u00bb background_repeat=\u00a0\u00bbrepeat\u00a0\u00bb width=\u00a0\u00bb100%\u00a0\u00bb width_tablet=\u00a0\u00bb100%\u00a0\u00bb width_phone=\u00a0\u00bb\u00a0\u00bb width_last_edited=\u00a0\u00bbon|desktop\u00a0\u00bb max_width=\u00a0\u00bb100%\u00a0\u00bb max_width_tablet=\u00a0\u00bb100%\u00a0\u00bb max_width_phone=\u00a0\u00bb\u00a0\u00bb max_width_last_edited=\u00a0\u00bbon|desktop\u00a0\u00bb custom_margin=\u00a0\u00bb0px||\u00a0\u00bb custom_padding=\u00a0\u00bb0px||\u00a0\u00bb make_fullwidth=\u00a0\u00bbon\u00a0\u00bb][et_pb_column type=\u00a0\u00bb4_4&Prime; _builder_version=\u00a0\u00bb3.25&Prime; custom_padding=\u00a0\u00bb|||\u00a0\u00bb custom_padding__hover=\u00a0\u00bb|||\u00a0\u00bb][et_pb_code _builder_version=\u00a0\u00bb3.19.2&Prime;][\/et_pb_code][\/et_pb_column][\/et_pb_row][et_pb_row _builder_version=\u00a0\u00bb4.0.4&Prime; background_size=\u00a0\u00bbinitial\u00a0\u00bb background_position=\u00a0\u00bbtop_left\u00a0\u00bb background_repeat=\u00a0\u00bbrepeat\u00a0\u00bb custom_margin=\u00a0\u00bb||-48px||false|false\u00a0\u00bb][et_pb_column type=\u00a0\u00bb4_4&Prime; _builder_version=\u00a0\u00bb3.25&Prime; custom_padding=\u00a0\u00bb|||\u00a0\u00bb custom_padding__hover=\u00a0\u00bb|||\u00a0\u00bb][et_pb_text admin_label=\u00a0\u00bbPR\u00c9SENTATION DU SITE\u00a0\u00bb module_class=\u00a0\u00bb fred_titre_top\u00a0\u00bb _builder_version=\u00a0\u00bb3.27.4&Prime;]<\/p>\n<h1><span class=\"fred_txt_1\">PR\u00c9SENTATION DU SITE<\/span><\/h1>\n<p>[\/et_pb_text][\/et_pb_column][\/et_pb_row][et_pb_row admin_label=\u00a0\u00bbligne verte\u00a0\u00bb _builder_version=\u00a0\u00bb4.4.5&Prime; background_size=\u00a0\u00bbinitial\u00a0\u00bb background_position=\u00a0\u00bbtop_left\u00a0\u00bb background_repeat=\u00a0\u00bbrepeat\u00a0\u00bb custom_margin=\u00a0\u00bb-50px||113px||false|false\u00a0\u00bb custom_padding=\u00a0\u00bb||0px|\u00a0\u00bb global_module=\u00a0\u00bb28523&Prime; saved_tabs=\u00a0\u00bball\u00a0\u00bb locked=\u00a0\u00bboff\u00a0\u00bb][et_pb_column type=\u00a0\u00bb4_4&Prime; _builder_version=\u00a0\u00bb3.25&Prime; custom_padding=\u00a0\u00bb|||\u00a0\u00bb custom_padding__hover=\u00a0\u00bb|||\u00a0\u00bb][et_pb_code disabled_on=\u00a0\u00bboff|off|off\u00a0\u00bb module_class=\u00a0\u00bbjb_line\u00a0\u00bb _builder_version=\u00a0\u00bb4.0.2&Prime;]<!-- [et_pb_line_break_holder] -->[\/et_pb_code][\/et_pb_column][\/et_pb_row][et_pb_row _builder_version=\u00a0\u00bb4.4.5&Prime; background_size=\u00a0\u00bbinitial\u00a0\u00bb background_position=\u00a0\u00bbtop_left\u00a0\u00bb background_repeat=\u00a0\u00bbrepeat\u00a0\u00bb custom_margin=\u00a0\u00bb-114px||||false|false\u00a0\u00bb hover_enabled=\u00a0\u00bb0&Prime;][et_pb_column type=\u00a0\u00bb4_4&Prime; _builder_version=\u00a0\u00bb3.25&Prime; custom_padding=\u00a0\u00bb|||\u00a0\u00bb custom_padding__hover=\u00a0\u00bb|||\u00a0\u00bb][et_pb_text admin_label=\u00a0\u00bbCe site est un site d\u2019information\u00a0\u00bb module_class=\u00a0\u00bbfred_txt_justify fred_titre\u00a0\u00bb _builder_version=\u00a0\u00bb4.4.5&Prime; text_orientation=\u00a0\u00bbjustified\u00a0\u00bb]<\/p>\n<p>Ce site est <strong>un site d\u2019information<\/strong> destin\u00e9 aux patients. Il n\u2019est pas exhaustif et n\u2019a pas vocation \u00e0 faire de l\u2019enseignement. Ce site ne remplacera pas une consultation aupr\u00e8s de votre m\u00e9decin traitant, ni aupr\u00e8s de votre chirurgien. <strong>Le but de ce site<\/strong> est d\u2019expliquer certaines techniques chirurgicales et certaines pathologies avec des mots simples pour r\u00e9pondre aux questions les plus fr\u00e9quentes qui nous sont r\u00e9guli\u00e8rement pos\u00e9es en consultations. Lors de la consultation, ne craignez pas de poser des questions et de vous faire expliquer ou r\u00e9expliquer votre cas\u00a0et le traitement qui vous est propos\u00e9. Aucune question n\u2019est \u00ab\u00a0idiote\u00a0\u00bb ou incongrue, seules peuvent l\u2019\u00eatre parfois certaines r\u00e9ponses (!). J\u2019esp\u00e8re que ce site vous sera\u00a0utile.<\/p>\n<p> Bonne visite.<br \/>Dr. Fr\u00e9d\u00e9ric Ch\u00e2tain<\/p>\n<p>[\/et_pb_text][\/et_pb_column][\/et_pb_row][\/et_pb_section]<\/p>\n","protected":false},"excerpt":{"rendered":"<p>PR\u00c9SENTATION DU SITECe site est un site d\u2019information destin\u00e9 aux patients. Il n\u2019est pas exhaustif et n\u2019a pas vocation \u00e0 faire de l\u2019enseignement. Ce site ne remplacera pas une consultation aupr\u00e8s de votre m\u00e9decin traitant, ni aupr\u00e8s de votre chirurgien. Le but de ce site est d\u2019expliquer certaines techniques chirurgicales et certaines pathologies avec [&hellip;]<\/p>\n","protected":false},"author":1,"featured_media":0,"parent":0,"menu_order":0,"comment_status":"closed","ping_status":"closed","template":"","meta":{"_et_pb_use_builder":"on","_et_pb_old_content":"<p><!-- meta slider --><\/p><p><style type=\"text\/css\" id=\"metaslider-css-5\">\r\n.metaslider-5 .rslides_tabs li {<br \/>line-height: 12px;<br \/>}<br \/>.metaslider-5 .rslides_tabs li a {<br \/>padding: 0;<br \/>box-shadow: none;<br \/>text-indent: -9999px;<br \/>border-style: solid;<br \/>display: inline-block;<br \/>border-color: rgba(0,0,0,1);<br \/>border-radius: 10px;<br \/>-webkit-border-radius: 10px;<br \/>-moz-border-radius: 10px;<br \/>border-width: 0px;<br \/>border: 0px solid rgba(0,0,0,1);<br \/>line-height: 12px;<br \/>width: 12px;<br \/>height: 12px;<br \/>margin-left: 4px;<br \/>margin-right: 4px;<br \/>background: rgb(0,0,0);<br \/>background: rgba(0,0,0,0.5);<br \/>background: -webkit-gradient(linear, 0% 0%, 0% 100%, from(rgba(0,0,0,0.5)), to(rgba(0,0,0,0.5)));<br \/>background: -webkit-linear-gradient(top, rgba(0,0,0,0.5), rgba(0,0,0,0.5));<br \/>background: -moz-linear-gradient(top, rgba(0,0,0,0.5), rgba(0,0,0,0.5));<br \/>background: -ms-linear-gradient(top, rgba(0,0,0,0.5), rgba(0,0,0,0.5));<br \/>background: -o-linear-gradient(top, rgba(0,0,0,0.5), rgba(0,0,0,0.5));<br \/>background: linear-gradient(top, rgba(0,0,0,0.5), rgba(0,0,0,0.5));<br \/>}<br \/>.metaslider-5 .rslides_tabs li.rslides_here a {<br \/>border: 0px solid rgba(0,0,0,1);<br \/>background: rgb(0,0,0);<br \/>background: rgba(0,0,0,1);<br \/>background: -webkit-gradient(linear, 0% 0%, 0% 100%, from(rgba(0,0,0,1)), to(rgba(0,0,0,1)));<br \/>background: -webkit-linear-gradient(top, rgba(0,0,0,1), rgba(0,0,0,1));<br \/>background: -moz-linear-gradient(top, rgba(0,0,0,1), rgba(0,0,0,1));<br \/>background: -ms-linear-gradient(top, rgba(0,0,0,1), rgba(0,0,0,1));<br \/>background: -o-linear-gradient(top, rgba(0,0,0,1), rgba(0,0,0,1));<br \/>background: linear-gradient(top, rgba(0,0,0,1), rgba(0,0,0,1));<br \/>}<br \/>.metaslider-5 .rslides_tabs {<br \/>line-height: 12px;<br \/>padding: 0 !important;<br \/>background: transparent;<br \/>z-index: 99;<br \/>margin: 10px 0px;<br \/>width: 100%;<br \/>top: auto;<br \/>right: auto;<br \/>bottom: auto;<br \/>left: auto;<br \/>position: absolute;<br \/>text-align: center;<br \/>}<br \/>.metaslider-5 .rslides_nav {<br \/>padding: 0;<br \/>text-indent: -9999px;<br \/>background-color: transparent;<br \/>margin-top: -12.5px;<br \/>opacity: 0.7;<br \/>}<br \/>.metaslider-5 .rslides_nav.prev {<br \/>left: 5px;<br \/>background: transparent url(http:\/\/www.bluehouse.fr\/JB6\/cao\/\/wp-content\/plugins\/ml-slider-pro\/modules\/theme_editor\/assets\/arrows\/white.png) 0 -429px;<br \/>width: 21px;<br \/>height: 25px;<br \/>}<br \/>.metaslider-5 .rslides_nav.next {<br \/>right: 5px;<br \/>background: transparent url(http:\/\/www.bluehouse.fr\/JB6\/cao\/\/wp-content\/plugins\/ml-slider-pro\/modules\/theme_editor\/assets\/arrows\/white.png) 100% -429px;<br \/>width: 21px;<br \/>height: 25px;<br \/>}<br \/>.metaslider-5 {<br \/>margin-bottom: 32px;<br \/>}<br \/><\/style><\/p><ul id=\"metaslider_5\" class=\"rslides\"><li><img class=\"slider-5 slide-729\" src=\"http:\/\/www.bluehouse.fr\/JB6\/cao\/\/wp-content\/uploads\/2016\/05\/fred-dia-7-1200x400.jpg\" alt=\"\" width=\"1200\" height=\"400\" \/><\/li><li style=\"display: none;\"><img class=\"slider-5 slide-721\" src=\"http:\/\/www.bluehouse.fr\/JB6\/cao\/\/wp-content\/uploads\/2016\/05\/fred-dia-11-1200x400.jpg\" alt=\"\" width=\"1200\" height=\"400\" \/><\/li><li style=\"display: none;\"><img class=\"slider-5 slide-730\" src=\"http:\/\/www.bluehouse.fr\/JB6\/cao\/\/wp-content\/uploads\/2016\/05\/fred-dia-8-1200x400.jpg\" alt=\"\" width=\"1200\" height=\"400\" \/><\/li><li style=\"display: none;\"><img class=\"slider-5 slide-723\" src=\"http:\/\/www.bluehouse.fr\/JB6\/cao\/\/wp-content\/uploads\/2016\/05\/fred-dia-31-1200x400.jpg\" alt=\"\" width=\"1200\" height=\"400\" \/><\/li><li style=\"display: none;\"><img class=\"slider-5 slide-724\" src=\"http:\/\/www.bluehouse.fr\/JB6\/cao\/\/wp-content\/uploads\/2016\/05\/fred-dia-41-1200x400.jpg\" alt=\"\" width=\"1200\" height=\"400\" \/><\/li><li style=\"display: none;\"><img class=\"slider-5 slide-726\" src=\"http:\/\/www.bluehouse.fr\/JB6\/cao\/\/wp-content\/uploads\/2016\/05\/fred-dia-61-1200x400.jpg\" alt=\"\" width=\"1200\" height=\"400\" \/><\/li><li style=\"display: none;\"><img class=\"slider-5 slide-1283\" src=\"http:\/\/www.bluehouse.fr\/JB6\/cao\/\/wp-content\/uploads\/2016\/10\/facade-fred2-1200x400.jpg\" alt=\"\" width=\"1200\" height=\"400\" \/><\/li><li style=\"display: none;\"><img class=\"slider-5 slide-1284\" src=\"http:\/\/www.bluehouse.fr\/JB6\/cao\/\/wp-content\/uploads\/2016\/10\/facade-fred-1200x400.jpg\" alt=\"\" width=\"1200\" height=\"400\" \/><\/li><li style=\"display: none;\"><img class=\"slider-5 slide-1285\" src=\"http:\/\/www.bluehouse.fr\/JB6\/cao\/\/wp-content\/uploads\/2016\/10\/facade-bell-1200x400.jpg\" alt=\"\" width=\"1200\" height=\"400\" \/><\/li><li style=\"display: none;\"><img class=\"slider-5 slide-1286\" src=\"http:\/\/www.bluehouse.fr\/JB6\/cao\/\/wp-content\/uploads\/2016\/10\/facade-bell-2-1200x400.jpg\" alt=\"\" width=\"1200\" height=\"400\" \/><\/li><\/ul><p><script type=\"text\/javascript\">\r\nvar metaslider_5 = function($) {\r\n$('#metaslider_5').responsiveSlides({ \r\ntimeout:4000,\r\npager:false,\r\nnav:true,\r\npause:true,\r\nspeed:2000,\r\nprevText:\"<\",\r\nnextText:\">\",\r\nauto:true\r\n});\r\n};\r\nvar timer_metaslider_5 = function() {\r\nvar slider = !window.jQuery ? window.setTimeout(timer_metaslider_5, 100) : !jQuery.isReady ? window.setTimeout(timer_metaslider_5, 1) : metaslider_5(window.jQuery);\r\n};\r\ntimer_metaslider_5();\r\n<\/script><br \/><!--\/\/ meta slider--><\/p><p>CONTACT<\/p><hr \/><p>\u00a0<\/p><h3>PR\u00c9SENTATION DU SITE<\/h3><form class=\"searchform\" action=\"http:\/\/www.bluehouse.fr\/JB6\/cao\/\/\" method=\"get\"><label><br \/><span class=\"screen-reader-text\">Search for:<\/span><br \/><input class=\"s\" name=\"s\" type=\"search\" value=\"\" placeholder=\"Recherche\" \/><br \/><\/label><br \/><button class=\"searchsubmit\" type=\"submit\"><span class=\"screen-reader-text\">Recherche<\/span><i class=\"icon-search\"><\/i><\/button><\/form><ul><li>Ce site est un site d\u2019information destin\u00e9 au grand public. Il n\u2019est pas exhaustif.<\/li><li>Ce site n\u2019a pas vocation \u00e0 faire de l\u2019enseignement.<\/li><li>Ce site ne remplacera pas\u00a0une consultation aupr\u00e8s de votre m\u00e9decin traitant ni de votre chirurgien.<\/li><\/ul><p>\u00a0<\/p><p>Le but de ce site est d\u2019expliquer certaines techniques chirurgicales et certaines pathologies avec des mots simples et pas trop techniques afin de r\u00e9pondre aux plus grands nombres de questions qui nous sont r\u00e9guli\u00e8rement pos\u00e9es en consultations. Ne craigniez pas\u00a0en consultation de poser des questions et de vous faire expliquer ou r\u00e9-expliquer votre cas\u00a0et le traitement qui vous est propos\u00e9. Aucune question n\u2019est idiote, seules parfois certaines r\u00e9ponses le sont...<br \/>J\u2019esp\u00e8re que ce site vous sera\u00a0utile. Les critiques de ce site sont les bienvenues.<br \/>Bonne visite.<\/p><h5 style=\"text-align: right;\"><strong>Docteur Fr\u00e9d\u00e9ric Chatain<\/strong><\/h5>","_et_gb_content_width":""},"_links":{"self":[{"href":"https:\/\/www.bluehouse.fr\/JB6\/cao\/wp-json\/wp\/v2\/pages\/596"}],"collection":[{"href":"https:\/\/www.bluehouse.fr\/JB6\/cao\/wp-json\/wp\/v2\/pages"}],"about":[{"href":"https:\/\/www.bluehouse.fr\/JB6\/cao\/wp-json\/wp\/v2\/types\/page"}],"author":[{"embeddable":true,"href":"https:\/\/www.bluehouse.fr\/JB6\/cao\/wp-json\/wp\/v2\/users\/1"}],"replies":[{"embeddable":true,"href":"https:\/\/www.bluehouse.fr\/JB6\/cao\/wp-json\/wp\/v2\/comments?post=596"}],"version-history":[{"count":0,"href":"https:\/\/www.bluehouse.fr\/JB6\/cao\/wp-json\/wp\/v2\/pages\/596\/revisions"}],"wp:attachment":[{"href":"https:\/\/www.bluehouse.fr\/JB6\/cao\/wp-json\/wp\/v2\/media?parent=596"}],"curies":[{"name":"wp","href":"https:\/\/api.w.org\/{rel}","templated":true}]}}