{"id":336,"date":"2015-12-05T23:21:23","date_gmt":"2015-12-05T22:21:23","guid":{"rendered":"http:\/\/www.bluehouse.fr\/JB6\/cao\/\/\/?page_id=336"},"modified":"2020-05-13T08:49:48","modified_gmt":"2020-05-13T07:49:48","slug":"arthroscopie-du-genou","status":"publish","type":"page","link":"https:\/\/www.bluehouse.fr\/JB6\/cao\/arthroscopie-du-genou\/","title":{"rendered":"Arthroscopie"},"content":{"rendered":"<p>[et_pb_section fb_built=\u00a0\u00bb1&Prime; _builder_version=\u00a0\u00bb3.22&Prime;][et_pb_row _builder_version=\u00a0\u00bb3.25&Prime; custom_margin=\u00a0\u00bb0px||0px|\u00a0\u00bb custom_padding=\u00a0\u00bb0px||0px|\u00a0\u00bb][et_pb_column type=\u00a0\u00bb4_4&Prime; _builder_version=\u00a0\u00bb3.25&Prime; custom_padding=\u00a0\u00bb|||\u00a0\u00bb custom_padding__hover=\u00a0\u00bb|||\u00a0\u00bb][et_pb_text admin_label=\u00a0\u00bbARTHROSCOPIE DU GENOU\u00a0\u00bb module_class=\u00a0\u00bbfred_titre_top\u00a0\u00bb _builder_version=\u00a0\u00bb3.27.4&Prime;]<\/p>\n<h1><span class=\"fred_txt_1\">ARTHROSCOPIE DU GENOU<\/span><\/h1>\n<p>[\/et_pb_text][\/et_pb_column][\/et_pb_row][et_pb_row admin_label=\u00a0\u00bbligne verte\u00a0\u00bb _builder_version=\u00a0\u00bb4.4.5&Prime; background_size=\u00a0\u00bbinitial\u00a0\u00bb background_position=\u00a0\u00bbtop_left\u00a0\u00bb background_repeat=\u00a0\u00bbrepeat\u00a0\u00bb custom_margin=\u00a0\u00bb-50px||113px||false|false\u00a0\u00bb custom_padding=\u00a0\u00bb||0px|\u00a0\u00bb global_module=\u00a0\u00bb28523&Prime; saved_tabs=\u00a0\u00bball\u00a0\u00bb locked=\u00a0\u00bboff\u00a0\u00bb][et_pb_column type=\u00a0\u00bb4_4&Prime; _builder_version=\u00a0\u00bb3.25&Prime; custom_padding=\u00a0\u00bb|||\u00a0\u00bb custom_padding__hover=\u00a0\u00bb|||\u00a0\u00bb][et_pb_code disabled_on=\u00a0\u00bboff|off|off\u00a0\u00bb module_class=\u00a0\u00bbjb_line\u00a0\u00bb _builder_version=\u00a0\u00bb4.0.2&Prime;]<!-- [et_pb_line_break_holder] -->[\/et_pb_code][\/et_pb_column][\/et_pb_row][et_pb_row _builder_version=\u00a0\u00bb3.25&Prime; custom_margin=\u00a0\u00bb0px||0px|\u00a0\u00bb custom_padding=\u00a0\u00bb0px||0px|\u00a0\u00bb][et_pb_column type=\u00a0\u00bb4_4&Prime; _builder_version=\u00a0\u00bb3.25&Prime; custom_padding=\u00a0\u00bb|||\u00a0\u00bb custom_padding__hover=\u00a0\u00bb|||\u00a0\u00bb][et_pb_text admin_label=\u00a0\u00bbQu&rsquo;est ce que l&rsquo;arthroscopie ?\u00a0\u00bb module_class=\u00a0\u00bbfred_titre fred_justify\u00a0\u00bb _builder_version=\u00a0\u00bb3.27.4&Prime;]<\/p>\n<h2>Qu&rsquo;est ce que l&rsquo;arthroscopie ?<\/h2>\n<p>[\/et_pb_text][\/et_pb_column][\/et_pb_row][et_pb_row column_structure=\u00a0\u00bb3_5,2_5&Prime; _builder_version=\u00a0\u00bb3.25&Prime; custom_margin=\u00a0\u00bb0px||0px|\u00a0\u00bb custom_padding=\u00a0\u00bb0px||0px|\u00a0\u00bb][et_pb_column type=\u00a0\u00bb3_5&Prime; _builder_version=\u00a0\u00bb3.25&Prime; custom_padding=\u00a0\u00bb|||\u00a0\u00bb custom_padding__hover=\u00a0\u00bb|||\u00a0\u00bb][et_pb_text admin_label=\u00a0\u00bbL\u2019arthroscopie est une technique op\u00e9ratoire \u00a0\u00bb module_class=\u00a0\u00bbfred_titre fred_txt_justify\u00a0\u00bb _builder_version=\u00a0\u00bb4.4.6&Prime; custom_margin=\u00a0\u00bb||0px\u00a0\u00bb custom_padding=\u00a0\u00bb||0px\u00a0\u00bb hover_enabled=\u00a0\u00bb0&Prime; text_orientation=\u00a0\u00bbjustified\u00a0\u00bb]<\/p>\n<p>L\u2019arthroscopie est une technique op\u00e9ratoire qui permet, gr\u00e2ce \u00e0 une petite cam\u00e9ra (arthroscope) introduite par de petites incisions, d\u2019explorer l\u2019int\u00e9rieur de l\u2019articulation et de traiter les l\u00e9sions rencontr\u00e9es. Cette technique est\u00a0minutieuse et d\u00e9licate\u00a0puisqu\u2019il faut veiller avec l\u2019arthroscope et les instruments chirurgicaux, \u00e0 ne pas abimer le cartilage. L\u2019arthroscopie doit \u00eatre r\u00e9alis\u00e9e au bloc op\u00e9ratoire par un\u00a0chirurgien qualifi\u00e9 en arthroscopie.<\/p>\n<p>Les indications les plus fr\u00e9quentes sont le traitement des l\u00e9sions m\u00e9niscales, et la greffe du ligament crois\u00e9 ant\u00e9rieur par arthroscopie. D\u2019autres interventions peuvent \u00eatre r\u00e9alis\u00e9e comme l\u2019ablation de corps \u00e9trangers (fragment de cartilage, d\u2019ost\u00e9ochondrome), le lavage articulaire dans l\u2019arthrose, et la lib\u00e9ration d\u2019adh\u00e9rences articulaires (arthrolyse).\u00a0 Le chirurgien \u00e9tablira un compte rendu op\u00e9ratoire qui d\u00e9crira\u00a0l\u2019exploration compl\u00e8te du genou (\u00e9tat du cartilage, des ligaments et des m\u00e9nisques) et le geste technique r\u00e9alis\u00e9.<\/p>\n<p>[\/et_pb_text][\/et_pb_column][et_pb_column type=\u00a0\u00bb2_5&Prime; _builder_version=\u00a0\u00bb3.25&Prime; custom_padding=\u00a0\u00bb|||\u00a0\u00bb custom_padding__hover=\u00a0\u00bb|||\u00a0\u00bb][et_pb_image src=\u00a0\u00bbhttp:\/\/www.bluehouse.fr\/JB6\/cao\/\/wp-content\/uploads\/2015\/12\/diaArthroGenou01.gif\u00a0\u00bb show_in_lightbox=\u00a0\u00bbon\u00a0\u00bb align_tablet=\u00a0\u00bbcenter\u00a0\u00bb align_phone=\u00a0\u00bb\u00a0\u00bb align_last_edited=\u00a0\u00bbon|desktop\u00a0\u00bb _builder_version=\u00a0\u00bb3.23&Prime; box_shadow_style=\u00a0\u00bbpreset2&Prime;][\/et_pb_image][\/et_pb_column][\/et_pb_row][et_pb_row _builder_version=\u00a0\u00bb3.25&Prime; background_size=\u00a0\u00bbinitial\u00a0\u00bb background_position=\u00a0\u00bbtop_left\u00a0\u00bb background_repeat=\u00a0\u00bbrepeat\u00a0\u00bb custom_margin=\u00a0\u00bb||0px\u00a0\u00bb custom_padding=\u00a0\u00bb||0px\u00a0\u00bb][et_pb_column type=\u00a0\u00bb4_4&Prime; _builder_version=\u00a0\u00bb3.25&Prime; custom_padding=\u00a0\u00bb|||\u00a0\u00bb custom_padding__hover=\u00a0\u00bb|||\u00a0\u00bb][et_pb_divider color=\u00a0\u00bb#003149&Prime; _builder_version=\u00a0\u00bb3.16.1&Prime;][\/et_pb_divider][et_pb_text admin_label=\u00a0\u00bbL&rsquo;intervention chirurgicale\u00a0\u00bb module_class=\u00a0\u00bbfred_titre fred_justify\u00a0\u00bb _builder_version=\u00a0\u00bb3.27.4&Prime;]<\/p>\n<h2>L&rsquo;intervention chirurgicale<\/h2>\n<p>[\/et_pb_text][\/et_pb_column][\/et_pb_row][et_pb_row column_structure=\u00a0\u00bb3_5,2_5&Prime; _builder_version=\u00a0\u00bb3.25&Prime; custom_margin=\u00a0\u00bb0px||0px|\u00a0\u00bb custom_padding=\u00a0\u00bb0px||0px|\u00a0\u00bb][et_pb_column type=\u00a0\u00bb3_5&Prime; _builder_version=\u00a0\u00bb3.25&Prime; custom_padding=\u00a0\u00bb|||\u00a0\u00bb custom_padding__hover=\u00a0\u00bb|||\u00a0\u00bb][et_pb_text admin_label=\u00a0\u00bbL\u2019arthroscopie est une technique op\u00e9ratoire \u00a0\u00bb module_class=\u00a0\u00bbfred_titre fred_txt_justify\u00a0\u00bb _builder_version=\u00a0\u00bb4.4.6&Prime; custom_margin=\u00a0\u00bb||0px\u00a0\u00bb custom_padding=\u00a0\u00bb||0px\u00a0\u00bb hover_enabled=\u00a0\u00bb0&Prime; text_orientation=\u00a0\u00bbjustified\u00a0\u00bb]<\/p>\n<p>Il n\u2019est pas recommand\u00e9 de faire cette intervention sous anesth\u00e9sie locale : le genou est moins bien rel\u00e2ch\u00e9 musculairement, le patient peut bouger pendant l\u2019intervention et cela peut entra\u00eener des difficult\u00e9s techniques pour le chirurgien et le risque de cr\u00e9er des\u00a0l\u00e9sions cartilagineuses iatrog\u00e8nes.<\/p>\n<p> Une anesth\u00e9sie est n\u00e9cessaire, et le plus souvent il est propos\u00e9 une anesth\u00e9sie g\u00e9n\u00e9rale pour les courte intervention (arthroscopie pour traiter une l\u00e9sion\u00a0 m\u00e9niscale) ou une rachi-anesth\u00e9sie pour les intervention plus longues comme la ligamentoplasie. Les risques anesth\u00e9siques vous seront expos\u00e9s \u00e0 la consultation de pr\u00e9 anesth\u00e9sie qui est obligatoire.<\/p>\n<p>[\/et_pb_text][\/et_pb_column][et_pb_column type=\u00a0\u00bb2_5&Prime; _builder_version=\u00a0\u00bb3.25&Prime; custom_padding=\u00a0\u00bb|||\u00a0\u00bb custom_padding__hover=\u00a0\u00bb|||\u00a0\u00bb][et_pb_image src=\u00a0\u00bbhttp:\/\/www.bluehouse.fr\/JB6\/cao\/\/wp-content\/uploads\/2015\/12\/diaArthroGenou02.gif\u00a0\u00bb show_in_lightbox=\u00a0\u00bbon\u00a0\u00bb align_tablet=\u00a0\u00bbcenter\u00a0\u00bb align_phone=\u00a0\u00bb\u00a0\u00bb align_last_edited=\u00a0\u00bbon|desktop\u00a0\u00bb _builder_version=\u00a0\u00bb3.23&Prime; box_shadow_style=\u00a0\u00bbpreset2&Prime;][\/et_pb_image][\/et_pb_column][\/et_pb_row][et_pb_row _builder_version=\u00a0\u00bb3.25&Prime; background_size=\u00a0\u00bbinitial\u00a0\u00bb background_position=\u00a0\u00bbtop_left\u00a0\u00bb background_repeat=\u00a0\u00bbrepeat\u00a0\u00bb custom_margin=\u00a0\u00bb||0px\u00a0\u00bb custom_padding=\u00a0\u00bb||0px\u00a0\u00bb][et_pb_column type=\u00a0\u00bb4_4&Prime; _builder_version=\u00a0\u00bb3.25&Prime; custom_padding=\u00a0\u00bb|||\u00a0\u00bb custom_padding__hover=\u00a0\u00bb|||\u00a0\u00bb][et_pb_divider color=\u00a0\u00bb#003149&Prime; _builder_version=\u00a0\u00bb3.16.1&Prime;][\/et_pb_divider][et_pb_text admin_label=\u00a0\u00bbDur\u00e9e de l&rsquo;intervention\u00a0\u00bb module_class=\u00a0\u00bbfred_titre fred_justify\u00a0\u00bb _builder_version=\u00a0\u00bb3.27.4&Prime;]<\/p>\n<h2>Dur\u00e9e de l&rsquo;intervention<\/h2>\n<p style=\"text-align: justify;\">Le temps op\u00e9ratoire d\u00e9pend du geste technique r\u00e9alis\u00e9 : il va de quelques minutes (traitement d\u2019une l\u00e9sion m\u00e9niscale) \u00e0 une petite heure (greffe de ligament crois\u00e9 ant\u00e9rieur).<br \/>\nLa dur\u00e9e d&rsquo;hospitalisation est \u00e9galement variable en fonction du type d&rsquo;intervention et de l&rsquo;\u00e9tat clinique : de quelques heures en chirurgie ambulatoire pour une chirurgie du m\u00e9nisque \u00e0 24 ou 48h pour une greffe du LCA.<\/p>\n<p>[\/et_pb_text][et_pb_divider color=\u00a0\u00bb#003149&Prime; _builder_version=\u00a0\u00bb3.16.1&Prime;][\/et_pb_divider][et_pb_text admin_label=\u00a0\u00bbDur\u00e9e de l&rsquo;intervention\u00a0\u00bb module_class=\u00a0\u00bbfred_titre fred_justify\u00a0\u00bb _builder_version=\u00a0\u00bb3.27.4&Prime;]<\/p>\n<h2>Complications<\/h2>\n<p style=\"text-align: justify;\">Les complications li\u00e9e \u00e0 l&rsquo;arthroscopie sont globalement tr\u00e8s <span class=\"jb_color_txt_1\">rares<\/span>.<br \/>\nIl peut s\u2019agir de<span class=\"jb_color_txt_1\"> troubles cutan\u00e9s ou neurologiques locaux<\/span>, habituellement r\u00e9gressifs, de bris de mat\u00e9riel (n\u00e9cessitant une nouvelle intervention ou un agrandissement de la voie d\u2019abord), de <span class=\"jb_color_txt_1\">l\u00e9sion vasculaires ou nerveuses (exceptionnelles<\/span> environ 0,003%), <span class=\"jb_color_txt_1\">d\u2019infection<\/span> (tr\u00e8s rare &lt;0,5% environ), de phl\u00e9bite (peu fr\u00e9quente environ 0,12%) compliqu\u00e9e <span class=\"jb_color_txt_1\">d\u2019embolie<\/span> pulmonaire exceptionnellement mortelle (0,003%), de <span class=\"jb_color_txt_1\">saignement<\/span> intra-articulaire postop\u00e9ratoire douloureux (n\u00e9cessitant une ponction \u00e9vacuatrice : 0,5%), <span class=\"jb_color_txt_1\">d\u2019algodystrophie<\/span> (r\u00e9action douloureuse et enraidissante du genou : il faut adapter la r\u00e9\u00e9ducation), d\u2019un <span class=\"jb_color_txt_1\">h\u00e9matome<\/span> sous cutan\u00e9 entourant la cicatrice, d\u2019une \u00ab\u00a0<span class=\"jb_color_txt_1\">boule<\/span>\u00a0\u00bb sous les incisions, traduisant un processus de cicatrisation exub\u00e9rant propre \u00e0 quelques individus, qui diminue avec le temps, d\u2019une <span class=\"jb_color_txt_1\">douleur<\/span> au niveau du <span class=\"jb_color_txt_1\">ligament lat\u00e9ral interne<\/span> (pendant quelques semaines).<\/p>\n<p>[\/et_pb_text][et_pb_divider color=\u00a0\u00bb#003149&Prime; _builder_version=\u00a0\u00bb3.16.1&Prime;][\/et_pb_divider][et_pb_text admin_label=\u00a0\u00bbConclusion\u00a0\u00bb module_class=\u00a0\u00bbfred_titre fred_justify\u00a0\u00bb _builder_version=\u00a0\u00bb3.27.4&Prime;]<\/p>\n<h2>Conclusion<\/h2>\n<p style=\"text-align: justify;\">Les complications de l&rsquo;arthroscopie sont globalement <span class=\"jb_color_txt_1\">tr\u00e8s rares,<\/span> encore plus rares que celles de la chirurgie classique. Mais toute op\u00e9ration, si b\u00e9nigne soit-elle et quelles que soient les pr\u00e9cautions prises, comporte un risque qui va de la complication minime \u00e0 la complication majeure.<\/p>\n<p style=\"text-align: justify;\">Les r\u00e9sultats d&rsquo;une intervention ne peuvent \u00eatre garantis. Ils d\u00e9pendent de nombreux facteurs, comme l&rsquo;affection pr\u00e9sent\u00e9e, l&rsquo;anciennet\u00e9 des l\u00e9sions, les l\u00e9sions associ\u00e9es, l&rsquo;\u00e2ge, le poids, les ant\u00e9c\u00e9dents chirurgicaux, l&rsquo;activit\u00e9 etc.\u2026<\/p>\n<p style=\"text-align: justify;\">Gr\u00e2ce \u00e0 l&rsquo;arthroscopie, la chirurgie du genou a fait d&rsquo;\u00e9normes progr\u00e8s.<\/p>\n<p style=\"text-align: justify;\">L&rsquo;arthroscopie permet <span class=\"jb_color_txt_1\">d\u2019am\u00e9liorer la pr\u00e9cision du geste chirurgicale<\/span> et de donner un meilleur confort au patient : op\u00e9ration moins douloureuse, hospitalisation + courte, et des suites habituellement tr\u00e8s simples.<\/p>\n<p style=\"text-align: justify;\">L&rsquo;arthroscopie a fait diminuer le risque op\u00e9ratoire au niveau du genou. Elle doit \u00eatre pratiqu\u00e9e par un chirurgien qualifi\u00e9<\/p>\n<p>[\/et_pb_text][\/et_pb_column][\/et_pb_row][\/et_pb_section]<\/p>\n","protected":false},"excerpt":{"rendered":"<p>ARTHROSCOPIE DU GENOU Qu&rsquo;est ce que l&rsquo;arthroscopie ? L\u2019arthroscopie est une technique op\u00e9ratoire qui permet, gr\u00e2ce \u00e0 une petite cam\u00e9ra (arthroscope) introduite par de petites incisions, d\u2019explorer l\u2019int\u00e9rieur de l\u2019articulation et de traiter les l\u00e9sions rencontr\u00e9es. Cette technique est\u00a0minutieuse et d\u00e9licate\u00a0puisqu\u2019il faut veiller avec l\u2019arthroscope et les instruments chirurgicaux, \u00e0 ne pas abimer le cartilage. [&hellip;]<\/p>\n","protected":false},"author":1,"featured_media":0,"parent":0,"menu_order":0,"comment_status":"closed","ping_status":"closed","template":"","meta":{"_et_pb_use_builder":"on","_et_pb_old_content":"<h2>ARTHROSCOPIE DU GENOU<\/h2><p>\u00a0<\/p><h3>Qu'est ce que l'arthroscopie ?<\/h3><p>L\u2019arthroscopie est une technique op\u00e9ratoire <span style=\"color: #0000ff;\">minutieuse et d\u00e9licate<\/span> qui permet, gr\u00e2ce \u00e0 une petite cam\u00e9ra (arthroscope) introduite par de petites incisions, d\u2019explorer l\u2019int\u00e9rieur de l\u2019articulation et de traiter les l\u00e9sions rencontr\u00e9es.<\/p><p>L\u2019arthroscopie doit \u00eatre r\u00e9alis\u00e9e au bloc op\u00e9ratoire par un <span style=\"color: #0000ff;\">chirurgien qualifi\u00e9 en arthroscopie<\/span>.<br \/>Le chirurgien \u00e9tablira un compte rendu op\u00e9ratoire qui d\u00e9crira <span style=\"color: #0000ff;\">l\u2019exploration compl\u00e8te du genou (\u00e9tat du cartilage, des ligaments et des m\u00e9nisques) et le geste technique r\u00e9alis\u00e9.<\/span><\/p><p><img class=\"so-widget-image\" src=\"http:\/\/www.bluehouse.fr\/JB6\/cao\/\/wp-content\/uploads\/2015\/12\/diaArthroGenou01.gif\" srcset=\"\" width=\"720\" height=\"540\" \/><\/p><hr \/><h3>L'intervention chirurgicale<\/h3><p>Une anesth\u00e9sie est n\u00e9cessaire, il n\u2019est pas recommand\u00e9 de faire cette intervention sous anesth\u00e9sie locale : le genou est moins bien rel\u00e2ch\u00e9 musculairement, cela peut entra\u00eener des difficult\u00e9s techniques pour le chirurgien avec risque de cr\u00e9er des <span style=\"color: #0000ff;\">l\u00e9sions cartilagineuses iatrog\u00e8nes<\/span>.<br \/>Les risques anesth\u00e9siques vous seront expos\u00e9s \u00e0 la consultation de pr\u00e9 anesth\u00e9sie qui est obligatoire.<\/p><p><img class=\"so-widget-image\" src=\"http:\/\/www.bluehouse.fr\/JB6\/cao\/\/wp-content\/uploads\/2015\/12\/diaArthroGenou02.gif\" srcset=\"\" width=\"720\" height=\"540\" \/><\/p><hr \/><h3>Dur\u00e9e de l'intervention<\/h3><p style=\"text-align: justify;\">Le temps op\u00e9ratoire d\u00e9pend du geste technique r\u00e9alis\u00e9 : il va de quelques minutes (traitement d\u2019une l\u00e9sion m\u00e9niscale) \u00e0 une petite heure (greffe de ligament crois\u00e9 ant\u00e9rieur).<br \/>La dur\u00e9e d'hospitalisation est \u00e9galement variable en fonction du type d'intervention et de l'\u00e9tat clinique : de quelques heures en chirurgie ambulatoire pour une chirurgie du m\u00e9nisque \u00e0 24 ou 48h pour une greffe du LCA.<\/p><hr \/><h3>Complications<\/h3><p style=\"text-align: justify;\">Les complications li\u00e9e \u00e0 l'arthroscopie sont globalement tr\u00e8s <span style=\"color: #0000ff;\">rares<\/span>.<br \/>Il peut s\u2019agir de<span style=\"color: #0000ff;\"> troubles cutan\u00e9s ou neurologiques locaux<\/span>, habituellement r\u00e9gressifs, de bris de mat\u00e9riel (n\u00e9cessitant une nouvelle intervention ou un agrandissement de la voie d\u2019abord), de <span style=\"color: #0000ff;\">l\u00e9sion vasculaires ou nerveuses (exceptionnelles<\/span> environ 0,003%), <span style=\"color: #0000ff;\">d\u2019infection<\/span> (tr\u00e8s rare <0,5% environ), de phl\u00e9bite (peu fr\u00e9quente environ 0,12%) compliqu\u00e9e <span style=\"color: #0000ff;\">d\u2019embolie<\/span> pulmonaire exceptionnellement mortelle (0,003%), de <span style=\"color: #0000ff;\">saignement<\/span> intra-articulaire postop\u00e9ratoire douloureux (n\u00e9cessitant une ponction \u00e9vacuatrice : 0,5%), <span style=\"color: #0000ff;\">d\u2019algodystrophie<\/span> (r\u00e9action douloureuse et enraidissante du genou : il faut adapter la r\u00e9\u00e9ducation), d\u2019un <span style=\"color: #0000ff;\">h\u00e9matome<\/span> sous cutan\u00e9 entourant la cicatrice, d\u2019une \"<span style=\"color: #0000ff;\">boule<\/span>\" sous les incisions, traduisant un processus de cicatrisation exub\u00e9rant propre \u00e0 quelques individus, qui diminue avec le temps, d\u2019une <span style=\"color: #0000ff;\">douleur<\/span> au niveau du <span style=\"color: #0000ff;\">ligament lat\u00e9ral interne<\/span> (pendant quelques semaines).<\/p><hr \/><h3>Conclusion<\/h3><p style=\"text-align: justify;\">Les complications de l'arthroscopie sont globalement <span style=\"color: #0000ff;\">tr\u00e8s rares,<\/span> encore plus rares que celles de la chirurgie classique. Mais toute op\u00e9ration, si b\u00e9nigne soit-elle et quelles que soient les pr\u00e9cautions prises, comporte un risque qui va de la complication minime \u00e0 la complication majeure.<\/p><p style=\"text-align: justify;\">Les r\u00e9sultats d'une intervention ne peuvent \u00eatre garantis. Ils d\u00e9pendent de nombreux facteurs, comme l'affection pr\u00e9sent\u00e9e, l'anciennet\u00e9 des l\u00e9sions, les l\u00e9sions associ\u00e9es, l'\u00e2ge, le poids, les ant\u00e9c\u00e9dents chirurgicaux, l'activit\u00e9 etc.\u2026<\/p><p style=\"text-align: justify;\">Gr\u00e2ce \u00e0 l'arthroscopie, la chirurgie du genou a fait d'\u00e9normes progr\u00e8s.<\/p><p style=\"text-align: justify;\">L'arthroscopie permet <span style=\"color: #0000ff;\">d\u2019am\u00e9liorer la pr\u00e9cision du geste chirurgicale<\/span> et de donner un meilleur confort au patient : op\u00e9ration moins douloureuse, hospitalisation + courte, et des suites habituellement tr\u00e8s simples.<\/p><p style=\"text-align: justify;\">L'arthroscopie a fait diminuer le risque op\u00e9ratoire au niveau du genou. Elle doit \u00eatre pratiqu\u00e9e par un chirurgien qualifi\u00e9<\/p><p>\u00a0<\/p>","_et_gb_content_width":""},"_links":{"self":[{"href":"https:\/\/www.bluehouse.fr\/JB6\/cao\/wp-json\/wp\/v2\/pages\/336"}],"collection":[{"href":"https:\/\/www.bluehouse.fr\/JB6\/cao\/wp-json\/wp\/v2\/pages"}],"about":[{"href":"https:\/\/www.bluehouse.fr\/JB6\/cao\/wp-json\/wp\/v2\/types\/page"}],"author":[{"embeddable":true,"href":"https:\/\/www.bluehouse.fr\/JB6\/cao\/wp-json\/wp\/v2\/users\/1"}],"replies":[{"embeddable":true,"href":"https:\/\/www.bluehouse.fr\/JB6\/cao\/wp-json\/wp\/v2\/comments?post=336"}],"version-history":[{"count":0,"href":"https:\/\/www.bluehouse.fr\/JB6\/cao\/wp-json\/wp\/v2\/pages\/336\/revisions"}],"wp:attachment":[{"href":"https:\/\/www.bluehouse.fr\/JB6\/cao\/wp-json\/wp\/v2\/media?parent=336"}],"curies":[{"name":"wp","href":"https:\/\/api.w.org\/{rel}","templated":true}]}}