{"id":330,"date":"2015-12-05T23:18:50","date_gmt":"2015-12-05T22:18:50","guid":{"rendered":"http:\/\/www.bluehouse.fr\/JB6\/cao\/\/\/?page_id=330"},"modified":"2020-05-13T09:01:36","modified_gmt":"2020-05-13T08:01:36","slug":"greffe-de-cartilage","status":"publish","type":"page","link":"https:\/\/www.bluehouse.fr\/JB6\/cao\/greffe-de-cartilage\/","title":{"rendered":"Greffe de cartilage"},"content":{"rendered":"<p>[et_pb_section fb_built=\u00a0\u00bb1&Prime; _builder_version=\u00a0\u00bb3.22&Prime;][et_pb_row _builder_version=\u00a0\u00bb3.25&Prime; custom_margin=\u00a0\u00bb0px||0px|\u00a0\u00bb custom_padding=\u00a0\u00bb0px||0px|\u00a0\u00bb][et_pb_column type=\u00a0\u00bb4_4&Prime; _builder_version=\u00a0\u00bb3.25&Prime; custom_padding=\u00a0\u00bb|||\u00a0\u00bb custom_padding__hover=\u00a0\u00bb|||\u00a0\u00bb][et_pb_text admin_label=\u00a0\u00bbGREFFE DE CARTILAGE\u00a0\u00bb module_class=\u00a0\u00bbfred_titre_top\u00a0\u00bb _builder_version=\u00a0\u00bb3.27.4&Prime;]<\/p>\n<h1><span class=\"fred_txt_1\">GREFFE DE CARTILAGE<\/span><\/h1>\n<p>[\/et_pb_text][\/et_pb_column][\/et_pb_row][et_pb_row admin_label=\u00a0\u00bbligne verte\u00a0\u00bb _builder_version=\u00a0\u00bb4.4.5&Prime; background_size=\u00a0\u00bbinitial\u00a0\u00bb background_position=\u00a0\u00bbtop_left\u00a0\u00bb background_repeat=\u00a0\u00bbrepeat\u00a0\u00bb custom_margin=\u00a0\u00bb-50px||113px||false|false\u00a0\u00bb custom_padding=\u00a0\u00bb||0px|\u00a0\u00bb global_module=\u00a0\u00bb28523&Prime; saved_tabs=\u00a0\u00bball\u00a0\u00bb locked=\u00a0\u00bboff\u00a0\u00bb][et_pb_column type=\u00a0\u00bb4_4&Prime; _builder_version=\u00a0\u00bb3.25&Prime; custom_padding=\u00a0\u00bb|||\u00a0\u00bb custom_padding__hover=\u00a0\u00bb|||\u00a0\u00bb][et_pb_code disabled_on=\u00a0\u00bboff|off|off\u00a0\u00bb module_class=\u00a0\u00bbjb_line\u00a0\u00bb _builder_version=\u00a0\u00bb4.0.2&Prime;]<!-- [et_pb_line_break_holder] -->[\/et_pb_code][\/et_pb_column][\/et_pb_row][et_pb_row _builder_version=\u00a0\u00bb4.4.5&Prime; custom_margin=\u00a0\u00bb-83px||0px||false|false\u00a0\u00bb custom_padding=\u00a0\u00bb0px||0px|\u00a0\u00bb][et_pb_column type=\u00a0\u00bb4_4&Prime; _builder_version=\u00a0\u00bb3.25&Prime; custom_padding=\u00a0\u00bb|||\u00a0\u00bb custom_padding__hover=\u00a0\u00bb|||\u00a0\u00bb][et_pb_text admin_label=\u00a0\u00bbIndication\u00a0\u00bb module_class=\u00a0\u00bbfred_titre fred_justify\u00a0\u00bb _builder_version=\u00a0\u00bb4.4.6&Prime; hover_enabled=\u00a0\u00bb0&Prime;]<\/p>\n<h2>Indication<\/h2>\n<ul>\n<li style=\"text-align: justify;\">Les indications id\u00e9ales sont les pertes de substances cartilagineuses d\u2019origine traumatiques soit dues \u00e0 une ost\u00e9ochondrite. La taille des pertes de substances cartilagineuses doivent \u00eatre mod\u00e9r\u00e9e (&lt; \u00e0 10cm2 environ).<\/li>\n<li style=\"text-align: justify;\">Dans l\u2019\u00e9tat actuel de la recherche et des publications, les greffes de cartilage ne sont pas propos\u00e9es dans le traitement de l\u2019arthrose.<\/li>\n<li style=\"text-align: justify;\">Les greffes de cartilage sont surtout indiqu\u00e9es pour le <span class=\"jb_color_txt_1\">genou<\/span>, mais se r\u00e9alisent aussi au niveau de la <span class=\"jb_color_txt_1\">hanche<\/span> et la <span class=\"jb_color_txt_1\">cheville<\/span>. Chaque cas se discute en particulier.<\/li>\n<\/ul>\n<p>[\/et_pb_text][et_pb_divider color=\u00a0\u00bb#003149&Prime; _builder_version=\u00a0\u00bb3.16.1&Prime;][\/et_pb_divider][et_pb_text admin_label=\u00a0\u00bbTrois grands principes\u00a0\u00bb module_class=\u00a0\u00bbfred_titre fred_justify\u00a0\u00bb _builder_version=\u00a0\u00bb3.27.4&Prime;]<\/p>\n<h2>Trois grands principes<\/h2>\n<p>[\/et_pb_text][\/et_pb_column][\/et_pb_row][et_pb_row _builder_version=\u00a0\u00bb3.25&Prime; custom_margin=\u00a0\u00bb0px||0px|\u00a0\u00bb custom_padding=\u00a0\u00bb0px||0px|\u00a0\u00bb][et_pb_column type=\u00a0\u00bb4_4&Prime; _builder_version=\u00a0\u00bb3.25&Prime; custom_padding=\u00a0\u00bb|||\u00a0\u00bb custom_padding__hover=\u00a0\u00bb|||\u00a0\u00bb][et_pb_text admin_label=\u00a0\u00bbUne petite quantit\u00e9 de cartilage artic\u00a0\u00bb module_class=\u00a0\u00bbfred_titre fred_justify\u00a0\u00bb _builder_version=\u00a0\u00bb4.4.6&Prime; hover_enabled=\u00a0\u00bb0&Prime;]<\/p>\n<ol>\n<li style=\"text-align: justify;\">Une petite quantit\u00e9 de cartilage articulaire est pr\u00e9lev\u00e9e par arthroscopie (#300mg) puis mis en culture puis greff\u00e9es secondairement au cours d&rsquo;une intervention chirurgicale dans la zone de cartilage absent en r\u00e9alisant un patch de synoviale pour prot\u00e9ger la greffe ( Brittberg et al en 1994). Les r\u00e9sultats sont en cours d&rsquo;\u00e9valuation.<\/li>\n<li style=\"text-align: justify;\">Ce m\u00eame principe est am\u00e9lior\u00e9, en cultivant les cellules cartilagineuses sur une matrice 3D (TBF, banque de tissus, Produit de th\u00e9rapie cellulaire : Cartipatch\u00ae) ce qui facilite la manipulation des cellules, \u00e9vite la suture du p\u00e9rioste et permet une approche sous arthroscopie. Les r\u00e9sultats sont en cours de validation.<\/li>\n<li style=\"text-align: justify;\">Les autogreffes ost\u00e9ochondrales dites : \u00ab mosa\u00efc plasty \u00bb. Il s\u2019agit de pr\u00e9lever <span class=\"jb_color_txt_1\">dans le m\u00eame temps op\u00e9ratoire<\/span> des carottes ost\u00e9ochondrales (os + cartilage) sur une zone du genou saine, le plus souvent sur les berges de la trochl\u00e9e et de greffer les carottes au niveau des zones d\u00e9ficitaires en cartilage. Au niveau du genou, les r\u00e9sultas cliniques sont bons dans 80% des cas \u00e0 5 ans de recul. Cette technique est limit\u00e9e aux pertes de substance cartilagineuse sur le condyle interne. Les r\u00e9sultats sont moins bons sur le condyle externe.<\/li>\n<\/ol>\n<p>[\/et_pb_text][\/et_pb_column][\/et_pb_row][et_pb_row column_structure=\u00a0\u00bb1_3,1_3,1_3&Prime; _builder_version=\u00a0\u00bb3.25&Prime; custom_margin=\u00a0\u00bb0px||0px|\u00a0\u00bb custom_padding=\u00a0\u00bb0px||0px|\u00a0\u00bb][et_pb_column type=\u00a0\u00bb1_3&Prime; _builder_version=\u00a0\u00bb3.25&Prime; custom_padding=\u00a0\u00bb|||\u00a0\u00bb custom_padding__hover=\u00a0\u00bb|||\u00a0\u00bb][et_pb_image src=\u00a0\u00bbhttp:\/\/www.bluehouse.fr\/JB6\/cao\/\/wp-content\/uploads\/2015\/12\/DiaCarti01.gif\u00a0\u00bb show_in_lightbox=\u00a0\u00bbon\u00a0\u00bb align_tablet=\u00a0\u00bbcenter\u00a0\u00bb align_phone=\u00a0\u00bb\u00a0\u00bb align_last_edited=\u00a0\u00bbon|desktop\u00a0\u00bb _builder_version=\u00a0\u00bb3.23&Prime; box_shadow_style=\u00a0\u00bbpreset2&Prime;][\/et_pb_image][\/et_pb_column][et_pb_column type=\u00a0\u00bb1_3&Prime; _builder_version=\u00a0\u00bb3.25&Prime; custom_padding=\u00a0\u00bb|||\u00a0\u00bb custom_padding__hover=\u00a0\u00bb|||\u00a0\u00bb][et_pb_image src=\u00a0\u00bbhttp:\/\/www.bluehouse.fr\/JB6\/cao\/\/wp-content\/uploads\/2015\/12\/Diacarti02.gif\u00a0\u00bb show_in_lightbox=\u00a0\u00bbon\u00a0\u00bb align_tablet=\u00a0\u00bbcenter\u00a0\u00bb align_phone=\u00a0\u00bb\u00a0\u00bb align_last_edited=\u00a0\u00bbon|desktop\u00a0\u00bb _builder_version=\u00a0\u00bb3.23&Prime; box_shadow_style=\u00a0\u00bbpreset2&Prime;][\/et_pb_image][\/et_pb_column][et_pb_column type=\u00a0\u00bb1_3&Prime; _builder_version=\u00a0\u00bb3.25&Prime; custom_padding=\u00a0\u00bb|||\u00a0\u00bb custom_padding__hover=\u00a0\u00bb|||\u00a0\u00bb][et_pb_image src=\u00a0\u00bbhttp:\/\/www.bluehouse.fr\/JB6\/cao\/\/wp-content\/uploads\/2015\/12\/DiaCarti03.gif\u00a0\u00bb show_in_lightbox=\u00a0\u00bbon\u00a0\u00bb align_tablet=\u00a0\u00bbcenter\u00a0\u00bb align_phone=\u00a0\u00bb\u00a0\u00bb align_last_edited=\u00a0\u00bbon|desktop\u00a0\u00bb _builder_version=\u00a0\u00bb3.23&Prime; box_shadow_style=\u00a0\u00bbpreset2&Prime;][\/et_pb_image][\/et_pb_column][\/et_pb_row][et_pb_row _builder_version=\u00a0\u00bb3.25&Prime; background_size=\u00a0\u00bbinitial\u00a0\u00bb background_position=\u00a0\u00bbtop_left\u00a0\u00bb background_repeat=\u00a0\u00bbrepeat\u00a0\u00bb custom_margin=\u00a0\u00bb||0px\u00a0\u00bb custom_padding=\u00a0\u00bb||0px\u00a0\u00bb][et_pb_column type=\u00a0\u00bb4_4&Prime; _builder_version=\u00a0\u00bb3.25&Prime; custom_padding=\u00a0\u00bb|||\u00a0\u00bb custom_padding__hover=\u00a0\u00bb|||\u00a0\u00bb][et_pb_divider color=\u00a0\u00bb#003149&Prime; _builder_version=\u00a0\u00bb3.16.1&Prime;][\/et_pb_divider][et_pb_text admin_label=\u00a0\u00bbConclusion\u00a0\u00bb module_class=\u00a0\u00bbfred_titre fred_justify\u00a0\u00bb _builder_version=\u00a0\u00bb4.4.6&Prime; hover_enabled=\u00a0\u00bb0&Prime;]<\/p>\n<h2>Conclusion<\/h2>\n<p style=\"text-align: justify;\">Les greffes de cartilages sont d\u2019indications tr\u00e8s pr\u00e9cises.<br \/> Un bilan est n\u00e9cessaire : le plus souvent un arthroscanner. Il faut aussi prendre en compte l\u2019\u00e9tat des ligaments, le morphotype du patient, son poids, les ant\u00e9c\u00e9dents chirurgicaux et m\u00e9dicaux, \u2026 chaque cas est particulier et n\u00e9cessite un ou plusieurs avis aupr\u00e8s d\u2019un chirurgien sp\u00e9cialis\u00e9 avant de prendre la d\u00e9cision op\u00e9ratoire.<\/p>\n<p>[\/et_pb_text][\/et_pb_column][\/et_pb_row][\/et_pb_section]<\/p>\n","protected":false},"excerpt":{"rendered":"<p>GREFFE DE CARTILAGE Indication Les indications id\u00e9ales sont les pertes de substances cartilagineuses d\u2019origine traumatiques soit dues \u00e0 une ost\u00e9ochondrite. La taille des pertes de substances cartilagineuses doivent \u00eatre mod\u00e9r\u00e9e (&lt; \u00e0 10cm2 environ). Dans l\u2019\u00e9tat actuel de la recherche et des publications, les greffes de cartilage ne sont pas propos\u00e9es dans le traitement de [&hellip;]<\/p>\n","protected":false},"author":1,"featured_media":0,"parent":0,"menu_order":0,"comment_status":"closed","ping_status":"closed","template":"","meta":{"_et_pb_use_builder":"on","_et_pb_old_content":"<h2>GREFFE DE CARTILAGE<\/h2><p>\u00a0<\/p><p>\u00a0<\/p><h4>Indication<\/h4><ul><li>Les indications id\u00e9ales sont les pertes de substances cartilagineuses d\u2019origine traumatiques soit dues \u00e0 une ost\u00e9ochondrite. La taille des pertes de substances cartilagineuses doivent \u00eatre mod\u00e9r\u00e9e (< \u00e0 10cm2 environ).<\/li><li>Dans l\u2019\u00e9tat actuel de la recherche et des publications, les greffes de cartilage ne sont pas propos\u00e9es dans le traitement de l\u2019arthrose.<\/li><li>Les greffes de cartilage sont surtout indiqu\u00e9es pour le <span style=\"color: #0000ff;\">genou<\/span>, mais se r\u00e9alisent aussi au niveau de la <span style=\"color: #0000ff;\">hanche<\/span> et la <span style=\"color: #0000ff;\">cheville<\/span>. Chaque cas se discute en particulier.<\/li><\/ul><hr \/><h3>Trois grands principes<\/h3><ol><li style=\"text-align: justify;\">Une petite quantit\u00e9 de cartilage articulaire est pr\u00e9lev\u00e9e par arthroscopie (#300mg) puis mis en culture puis greff\u00e9es secondairement au cours d'une intervention chirurgicale dans la zone de cartilage absent en r\u00e9alisant un patch de synoviale pour prot\u00e9ger la greffe ( Brittberg et al en 1994). Les r\u00e9sultats sont en cours d'\u00e9valuation.<\/li><li style=\"text-align: justify;\">Ce m\u00eame principe est am\u00e9lior\u00e9, en cultivant les cellules cartilagineuses sur une matrice 3D (TBF, banque de tissus, Produit de th\u00e9rapie cellulaire : Cartipatch\u00ae) ce qui facilite la manipulation des cellules, \u00e9vite la suture du p\u00e9rioste et permet une approche sous arthroscopie. Les r\u00e9sultats sont en cours de validation.<\/li><li style=\"text-align: justify;\">les autogreffes ost\u00e9ochondrales dites : \u00ab mosa\u00efc plasty \u00bb. Il s\u2019agit de pr\u00e9lever <span style=\"color: #0000ff;\">dans le m\u00eame temps op\u00e9ratoire<\/span> des carottes ost\u00e9ochondrales (os + cartilage) sur une zone du genou saine, le plus souvent sur les berges de la trochl\u00e9e et de greffer les carottes au niveau des zones d\u00e9ficitaires en cartilage. Au niveau du genou, les r\u00e9sultas cliniques sont bons dans 80% des cas \u00e0 5 ans de recul. Cette technique est limit\u00e9e aux pertes de substance cartilagineuse sur le condyle interne. Les r\u00e9sultats sont moins bons sur le condyle externe.<\/li><\/ol><p><img class=\"so-widget-image\" src=\"http:\/\/www.bluehouse.fr\/JB6\/cao\/\/wp-content\/uploads\/2015\/12\/DiaCarti01.gif\" srcset=\"\" width=\"720\" height=\"540\" \/> <img class=\"so-widget-image\" src=\"http:\/\/www.bluehouse.fr\/JB6\/cao\/\/wp-content\/uploads\/2015\/12\/Diacarti02.gif\" srcset=\"\" width=\"720\" height=\"540\" \/> <img class=\"so-widget-image\" src=\"http:\/\/www.bluehouse.fr\/JB6\/cao\/\/wp-content\/uploads\/2015\/12\/DiaCarti03.gif\" srcset=\"\" width=\"720\" height=\"540\" \/><\/p><p>\u00a0<\/p><p>\u00a0<\/p><h3>Conclusion<\/h3><p style=\"text-align: justify;\">Les greffes de cartilages sont d\u2019indications tr\u00e8s pr\u00e9cises.<br \/>Un bilan est n\u00e9cessaire : le plus souvent un arthroscanner. Il faut aussi prendre en compte l\u2019\u00e9tat des ligaments, le morphotype du patient, son poids, les ant\u00e9c\u00e9dents chirurgicaux et m\u00e9dicaux, \u2026 chaque cas est particulier et n\u00e9cessite un ou plusieurs avis aupr\u00e8s d\u2019un chirurgien sp\u00e9cialis\u00e9 avant de prendre la d\u00e9cision op\u00e9ratoire.<\/p><p>\u00a0<\/p>","_et_gb_content_width":""},"_links":{"self":[{"href":"https:\/\/www.bluehouse.fr\/JB6\/cao\/wp-json\/wp\/v2\/pages\/330"}],"collection":[{"href":"https:\/\/www.bluehouse.fr\/JB6\/cao\/wp-json\/wp\/v2\/pages"}],"about":[{"href":"https:\/\/www.bluehouse.fr\/JB6\/cao\/wp-json\/wp\/v2\/types\/page"}],"author":[{"embeddable":true,"href":"https:\/\/www.bluehouse.fr\/JB6\/cao\/wp-json\/wp\/v2\/users\/1"}],"replies":[{"embeddable":true,"href":"https:\/\/www.bluehouse.fr\/JB6\/cao\/wp-json\/wp\/v2\/comments?post=330"}],"version-history":[{"count":0,"href":"https:\/\/www.bluehouse.fr\/JB6\/cao\/wp-json\/wp\/v2\/pages\/330\/revisions"}],"wp:attachment":[{"href":"https:\/\/www.bluehouse.fr\/JB6\/cao\/wp-json\/wp\/v2\/media?parent=330"}],"curies":[{"name":"wp","href":"https:\/\/api.w.org\/{rel}","templated":true}]}}