{"id":1041,"date":"2016-06-07T10:31:03","date_gmt":"2016-06-07T09:31:03","guid":{"rendered":"http:\/\/www.bluehouse.fr\/JB6\/cao\/\/?page_id=1041"},"modified":"2020-05-13T09:08:11","modified_gmt":"2020-05-13T08:08:11","slug":"osteotomie-tibiale","status":"publish","type":"page","link":"https:\/\/www.bluehouse.fr\/JB6\/cao\/osteotomie-tibiale\/","title":{"rendered":"Ost\u00e9otomie tibiale"},"content":{"rendered":"<p>[et_pb_section fb_built=\u00a0\u00bb1&Prime; _builder_version=\u00a0\u00bb3.22&Prime;][et_pb_row _builder_version=\u00a0\u00bb3.25&Prime; custom_margin=\u00a0\u00bb0px||0px|\u00a0\u00bb custom_padding=\u00a0\u00bb0px||0px|\u00a0\u00bb][et_pb_column type=\u00a0\u00bb4_4&Prime; _builder_version=\u00a0\u00bb3.25&Prime; custom_padding=\u00a0\u00bb|||\u00a0\u00bb custom_padding__hover=\u00a0\u00bb|||\u00a0\u00bb][et_pb_text admin_label=\u00a0\u00bbOST\u00c9OTOMIE TIBIALE DE VALGISATION (OTV)\u00a0\u00bb module_class=\u00a0\u00bbfred_titre fred_justify fred_titre_top\u00a0\u00bb _builder_version=\u00a0\u00bb3.27.4&Prime;]<\/p>\n<h1><span class=\"fred_txt_1\">OST\u00c9OTOMIE TIBIALE DE VALGISATION (OTV)<\/span><\/h1>\n<p>[\/et_pb_text][\/et_pb_column][\/et_pb_row][et_pb_row admin_label=\u00a0\u00bbligne verte\u00a0\u00bb _builder_version=\u00a0\u00bb4.4.5&Prime; background_size=\u00a0\u00bbinitial\u00a0\u00bb background_position=\u00a0\u00bbtop_left\u00a0\u00bb background_repeat=\u00a0\u00bbrepeat\u00a0\u00bb custom_margin=\u00a0\u00bb-50px||113px||false|false\u00a0\u00bb custom_padding=\u00a0\u00bb||0px|\u00a0\u00bb global_module=\u00a0\u00bb28523&Prime; saved_tabs=\u00a0\u00bball\u00a0\u00bb locked=\u00a0\u00bboff\u00a0\u00bb][et_pb_column type=\u00a0\u00bb4_4&Prime; _builder_version=\u00a0\u00bb3.25&Prime; custom_padding=\u00a0\u00bb|||\u00a0\u00bb custom_padding__hover=\u00a0\u00bb|||\u00a0\u00bb][et_pb_code disabled_on=\u00a0\u00bboff|off|off\u00a0\u00bb module_class=\u00a0\u00bbjb_line\u00a0\u00bb _builder_version=\u00a0\u00bb4.0.2&Prime;]<!-- [et_pb_line_break_holder] -->[\/et_pb_code][\/et_pb_column][\/et_pb_row][et_pb_row _builder_version=\u00a0\u00bb4.4.5&Prime; custom_margin=\u00a0\u00bb-80px||0px||false|false\u00a0\u00bb custom_padding=\u00a0\u00bb0px||0px|\u00a0\u00bb][et_pb_column type=\u00a0\u00bb4_4&Prime; _builder_version=\u00a0\u00bb3.25&Prime; custom_padding=\u00a0\u00bb|||\u00a0\u00bb custom_padding__hover=\u00a0\u00bb|||\u00a0\u00bb][et_pb_text admin_label=\u00a0\u00bbIntroduction\u00a0\u00bb module_class=\u00a0\u00bbfred_titre fred_justify\u00a0\u00bb _builder_version=\u00a0\u00bb4.4.6&Prime; hover_enabled=\u00a0\u00bb0&Prime;]<\/p>\n<h2>Introduction<\/h2>\n<p style=\"text-align: justify;\">Cette intervention est tr\u00e8s efficace pour traiter l\u2019arthrose du <span class=\"jb_color_txt_1\">sujet jeune et\/ou sportif<\/span>. C\u2019est une intervention qui a fait ses preuves dans le traitement conservateur (non proth\u00e9tique) de l\u2019arthrose du genou (gonarthrose).<\/p>\n<p style=\"text-align: justify;\">La gonarthrose est avant tout un probl\u00e8me <span class=\"jb_color_txt_1\">constitutionnel et m\u00e9canique<\/span>. Au d\u00e9but il y a une usure du <span class=\"jb_color_txt_1\">cartilage<\/span> puis survient l\u2019usure <span class=\"jb_color_txt_1\">osseuse<\/span>.<\/p>\n<p style=\"text-align: justify;\">Dans la majorit\u00e9 des cas, l\u2019arthrose du genou provoque une <span class=\"jb_color_txt_1\">modification de l\u2019axe m\u00e9canique<\/span> du genou (d\u00e9formation du genou) qui va augmenter les contraintes m\u00e9caniques et favoriser l\u2019arthrose du cot\u00e9 de la d\u00e9formation. A un stade plus avanc\u00e9, il y aura \u00e9galement une atteinte des <span class=\"jb_color_txt_1\">ligaments<\/span> du genou.<\/p>\n<p style=\"text-align: justify;\">Ainsi, le genou se d\u00e9forme avec l\u2019usure du cartilage et l\u2019usure du cartilage augmente la d\u00e9formation du genou : c\u2019est le cercle vicieux.<\/p>\n<p>[\/et_pb_text][et_pb_divider color=\u00a0\u00bb#003149&Prime; _builder_version=\u00a0\u00bb3.16.1&Prime;][\/et_pb_divider][et_pb_text admin_label=\u00a0\u00bbPrincipe\u00a0\u00bb module_class=\u00a0\u00bbfred_titre fred_justify\u00a0\u00bb _builder_version=\u00a0\u00bb3.27.4&Prime;]<\/p>\n<h2>Principe<\/h2>\n<p>[\/et_pb_text][\/et_pb_column][\/et_pb_row][et_pb_row _builder_version=\u00a0\u00bb3.25&Prime; custom_margin=\u00a0\u00bb0px||0px|\u00a0\u00bb custom_padding=\u00a0\u00bb0px||0px|\u00a0\u00bb][et_pb_column type=\u00a0\u00bb4_4&Prime; _builder_version=\u00a0\u00bb3.25&Prime; custom_padding=\u00a0\u00bb|||\u00a0\u00bb custom_padding__hover=\u00a0\u00bb|||\u00a0\u00bb][et_pb_text admin_label=\u00a0\u00bbLes ost\u00e9otomies ont pour but de corriger ce d\u00e9faut d\u00a0\u00bb module_class=\u00a0\u00bbfred_titre fred_txt_justify\u00a0\u00bb _builder_version=\u00a0\u00bb4.4.6&Prime; custom_margin=\u00a0\u00bb||0px\u00a0\u00bb custom_padding=\u00a0\u00bb||0px\u00a0\u00bb hover_enabled=\u00a0\u00bb0&Prime;]<\/p>\n<p style=\"text-align: justify;\">Les ost\u00e9otomies ont pour but de <span class=\"jb_color_txt_1\">corriger ce d\u00e9faut d\u2019axe<\/span>, de ce qui permet <span class=\"jb_color_txt_1\">diminuer les contraintes<\/span> appliqu\u00e9es sur le compartiment du genou touch\u00e9 par l\u2019arthrose et de freiner l\u2019\u00e9volution de l\u2019arthrose et de <span class=\"jb_color_txt_1\">r\u00e9duire la douleur<\/span>.<br \/> <span class=\"jb_color_txt_1\">L\u2019ost\u00e9otomie tibiale de valgisation (OTV)<\/span> consiste \u00e0 changer l\u2019axe m\u00e9canique du tibia en valgus pour redistribuer les contraintes appliqu\u00e9es au genou : les contraintes du cot\u00e9 de l\u2019arthrose (interne) vont \u00eatre diminu\u00e9es et report\u00e9es sur l\u2019autre compartiment du genou externe non arthrosique. La r\u00e9sultante des forces agissant sur le genou est diminu\u00e9e (le moment gravitaire est diminu\u00e9 et permet au hauban musculaire de r\u00e9pondre \u00e0 la sollicitation m\u00e9canique elle-m\u00eame r\u00e9duite). L\u2019ost\u00e9otomie est maintenue par une plaque et des vis, ou des agrafes osseuses. Une <span class=\"jb_color_txt_1\">greffe osseuse<\/span> peut \u00eatre ajout\u00e9e.<br \/> <span class=\"jb_color_txt_1\">La pr\u00e9cision<\/span> de la correction de l\u2019axe m\u00e9canique s\u2019est am\u00e9lior\u00e9e et va encore s\u2019am\u00e9liorer avec la technique de Chirurgie Assist\u00e9e par Ordinateur.<\/p>\n<p>[\/et_pb_text][\/et_pb_column][\/et_pb_row][et_pb_row column_structure=\u00a0\u00bb1_3,1_3,1_3&Prime; _builder_version=\u00a0\u00bb3.25&Prime; custom_margin=\u00a0\u00bb30px||0px|\u00a0\u00bb custom_padding=\u00a0\u00bb0px||0px|\u00a0\u00bb][et_pb_column type=\u00a0\u00bb1_3&Prime; _builder_version=\u00a0\u00bb3.25&Prime; custom_padding=\u00a0\u00bb|||\u00a0\u00bb custom_padding__hover=\u00a0\u00bb|||\u00a0\u00bb][et_pb_image src=\u00a0\u00bbhttp:\/\/www.bluehouse.fr\/JB6\/cao\/\/wp-content\/uploads\/2016\/06\/DiaOtv01.gif\u00a0\u00bb show_in_lightbox=\u00a0\u00bbon\u00a0\u00bb align_tablet=\u00a0\u00bbcenter\u00a0\u00bb align_phone=\u00a0\u00bb\u00a0\u00bb align_last_edited=\u00a0\u00bbon|desktop\u00a0\u00bb _builder_version=\u00a0\u00bb3.23&Prime; box_shadow_style=\u00a0\u00bbpreset2&Prime;][\/et_pb_image][\/et_pb_column][et_pb_column type=\u00a0\u00bb1_3&Prime; _builder_version=\u00a0\u00bb3.25&Prime; custom_padding=\u00a0\u00bb|||\u00a0\u00bb custom_padding__hover=\u00a0\u00bb|||\u00a0\u00bb][et_pb_image src=\u00a0\u00bbhttp:\/\/www.bluehouse.fr\/JB6\/cao\/\/wp-content\/uploads\/2016\/06\/DiaOtv02.gif\u00a0\u00bb show_in_lightbox=\u00a0\u00bbon\u00a0\u00bb align_tablet=\u00a0\u00bbcenter\u00a0\u00bb align_phone=\u00a0\u00bb\u00a0\u00bb align_last_edited=\u00a0\u00bbon|desktop\u00a0\u00bb _builder_version=\u00a0\u00bb3.23&Prime; box_shadow_style=\u00a0\u00bbpreset2&Prime;][\/et_pb_image][\/et_pb_column][et_pb_column type=\u00a0\u00bb1_3&Prime; _builder_version=\u00a0\u00bb3.25&Prime; custom_padding=\u00a0\u00bb|||\u00a0\u00bb custom_padding__hover=\u00a0\u00bb|||\u00a0\u00bb][et_pb_image src=\u00a0\u00bbhttp:\/\/www.bluehouse.fr\/JB6\/cao\/\/wp-content\/uploads\/2016\/01\/DiaProtGen02.gif\u00a0\u00bb show_in_lightbox=\u00a0\u00bbon\u00a0\u00bb align_tablet=\u00a0\u00bbcenter\u00a0\u00bb align_phone=\u00a0\u00bb\u00a0\u00bb align_last_edited=\u00a0\u00bbon|desktop\u00a0\u00bb _builder_version=\u00a0\u00bb3.23&Prime; box_shadow_style=\u00a0\u00bbpreset2&Prime;][\/et_pb_image][\/et_pb_column][\/et_pb_row][et_pb_row _builder_version=\u00a0\u00bb3.25&Prime; background_size=\u00a0\u00bbinitial\u00a0\u00bb background_position=\u00a0\u00bbtop_left\u00a0\u00bb background_repeat=\u00a0\u00bbrepeat\u00a0\u00bb custom_margin=\u00a0\u00bb||0px\u00a0\u00bb custom_padding=\u00a0\u00bb||0px\u00a0\u00bb][et_pb_column type=\u00a0\u00bb4_4&Prime; _builder_version=\u00a0\u00bb3.25&Prime; custom_padding=\u00a0\u00bb|||\u00a0\u00bb custom_padding__hover=\u00a0\u00bb|||\u00a0\u00bb][et_pb_divider color=\u00a0\u00bb#003149&Prime; _builder_version=\u00a0\u00bb3.16.1&Prime;][\/et_pb_divider][et_pb_text admin_label=\u00a0\u00bbIndication\u00a0\u00bb module_class=\u00a0\u00bbfred_titre fred_justify\u00a0\u00bb _builder_version=\u00a0\u00bb3.27.4&Prime;]<\/p>\n<h2>Indication<\/h2>\n<p>Le patient : <span class=\"jb_color_txt_1\">sujet jeune et\/ou sportif<\/span>.<br \/>\nL\u2019age est un crit\u00e8re relatif.<\/p>\n<p>L\u2019arthrose : <span class=\"jb_color_txt_1\">arthrose du genou limit\u00e9 au compartiment interne<\/span> (arthrose f\u00e9morotibiale interne) sur <span class=\"jb_color_txt_1\">genu varum constitutionnel \u00ab jambes arqu\u00e9es \u00bb<\/span>.<\/p>\n<p>L\u2019OTV est indiqu\u00e9e quand l\u2019usure osseuse n\u2019est pas trop importante. Sinon, c\u2019est plut\u00f4t une indication de proth\u00e8se.[\/et_pb_text][et_pb_divider color=\u00a0\u00bb#003149&Prime; _builder_version=\u00a0\u00bb3.16.1&Prime;][\/et_pb_divider][et_pb_text admin_label=\u00a0\u00bbEn pratique\u00a0\u00bb module_class=\u00a0\u00bbfred_titre fred_justify\u00a0\u00bb _builder_version=\u00a0\u00bb3.27.4&Prime;]<\/p>\n<h2>En pratique<\/h2>\n<p style=\"text-align: justify;\">Cette intervention dure de 20 minutes \u00e0 1 heure, sous AG ou ALR.<br \/>\nLa dur\u00e9e d\u2019hospitalisation \u00e0 la clinique est de 24h \u00e0 48h.<\/p>\n<p style=\"text-align: justify;\">L\u2019attelle postop\u00e9ratoire n\u2019est pas syst\u00e9matique, la r\u00e9\u00e9ducation est imm\u00e9diate.<\/p>\n<p style=\"text-align: justify;\">L\u2019appui est soulag\u00e9 pendant 1 mois avec 2 cannes puis repris progressivement pendant le mois qui suit en fonction de la consolidation osseuse.<\/p>\n<p>[\/et_pb_text][et_pb_divider color=\u00a0\u00bb#003149&Prime; _builder_version=\u00a0\u00bb3.16.1&Prime;][\/et_pb_divider][et_pb_text admin_label=\u00a0\u00bbConclusion\u00a0\u00bb module_class=\u00a0\u00bbfred_titre fred_justify\u00a0\u00bb _builder_version=\u00a0\u00bb3.27.4&Prime;]<\/p>\n<h2>Conclusion<\/h2>\n<p style=\"text-align: justify;\">L\u2019ost\u00e9otomie tient encore une place tr\u00e8s importante malgr\u00e9 les progr\u00e8s des proth\u00e8ses du genou. Les indications respectives des proth\u00e8ses du genou et de l\u2019ost\u00e9otomie sont sans cesse rediscut\u00e9es et elles \u00e9voluent en permanence en raison des progr\u00e8s des proth\u00e8ses.<br \/>\nLe <span class=\"jb_color_txt_1\">crit\u00e8re le plus important<\/span> pour d\u00e9cider de l\u2019indication d\u2019une OTV ou d\u2019une proth\u00e8se est l<span class=\"jb_color_txt_1\">e niveau et le type d\u2019activit\u00e9 physique<\/span> du patient. Le deuxi\u00e8me crit\u00e8re est l\u2019\u00e2ge<\/p>\n<p style=\"text-align: justify;\">La pr\u00e9cision de la correction de l\u2019axe m\u00e9canique s\u2019est am\u00e9lior\u00e9e et va encore s\u2019am\u00e9liorer avec la technique de Chirurgie Assist\u00e9e par Ordinateur.<\/p>\n<p style=\"text-align: justify;\">D\u2019autre part, l\u2019ost\u00e9otomie tibiale va encore prendre de l\u2019importance car elles peuvent \u00eatre coupl\u00e9es \u00e0 des <span class=\"jb_color_txt_1\">autogreffes de cartilage<\/span> chez les sujets jeunes.<\/p>\n<p>[\/et_pb_text][\/et_pb_column][\/et_pb_row][\/et_pb_section]<\/p>\n","protected":false},"excerpt":{"rendered":"<p>OST\u00c9OTOMIE TIBIALE DE VALGISATION (OTV) Introduction Cette intervention est tr\u00e8s efficace pour traiter l\u2019arthrose du sujet jeune et\/ou sportif. C\u2019est une intervention qui a fait ses preuves dans le traitement conservateur (non proth\u00e9tique) de l\u2019arthrose du genou (gonarthrose). La gonarthrose est avant tout un probl\u00e8me constitutionnel et m\u00e9canique. Au d\u00e9but il y a une usure [&hellip;]<\/p>\n","protected":false},"author":1,"featured_media":0,"parent":0,"menu_order":0,"comment_status":"closed","ping_status":"closed","template":"","meta":{"_et_pb_use_builder":"on","_et_pb_old_content":"<h2>OST\u00c9OTOMIE TIBIALE DE VALGISATION (OTV)<\/h2><p>\u00a0<\/p><h3>Introduction<\/h3><p style=\"text-align: justify;\">Cette intervention est tr\u00e8s efficace pour traiter l\u2019arthrose du <span style=\"color: #0000ff;\">sujet jeune et\/ou sportif<\/span>. C\u2019est une intervention qui a fait ses preuves dans le traitement conservateur (non proth\u00e9tique) de l\u2019arthrose du genou (gonarthrose).<\/p><p style=\"text-align: justify;\">La gonarthrose est avant tout un probl\u00e8me <span style=\"color: #0000ff;\">constitutionnel et m\u00e9canique<\/span>. Au d\u00e9but il y a une usure du <span style=\"color: #0000ff;\">cartilage<\/span> puis survient l\u2019usure <span style=\"color: #0000ff;\">osseuse<\/span>.<\/p><p style=\"text-align: justify;\">Dans la majorit\u00e9 des cas, l\u2019arthrose du genou provoque une <span style=\"color: #0000ff;\">modification de l\u2019axe m\u00e9canique<\/span> du genou (d\u00e9formation du genou) qui va augmenter les contraintes m\u00e9caniques et favoriser l\u2019arthrose du cot\u00e9 de la d\u00e9formation. A un stade plus avanc\u00e9, il y aura \u00e9galement une atteinte des <span style=\"color: #0000ff;\">ligaments<\/span> du genou.<\/p><p style=\"text-align: justify;\">Ainsi, le genou se d\u00e9forme avec l\u2019usure du cartilage et l\u2019usure du cartilage augmente la d\u00e9formation du genou : c\u2019est le cercle vicieux.<\/p><hr \/><h3>Principe<\/h3><p style=\"text-align: justify;\">Les ost\u00e9otomies ont pour but de <span style=\"color: #0000ff;\">corriger ce d\u00e9faut d\u2019axe<\/span>, de ce qui permet <span style=\"color: #0000ff;\">diminuer les contraintes<\/span> appliqu\u00e9es sur le compartiment du genou touch\u00e9 par l\u2019arthrose et de freiner l\u2019\u00e9volution de l\u2019arthrose et de <span style=\"color: #0000ff;\">r\u00e9duire la douleur<\/span>.<br \/><span style=\"color: #0000ff;\">L\u2019ost\u00e9otomie tibiale de valgisation (OTV)<\/span> consiste \u00e0 changer l\u2019axe m\u00e9canique du tibia en valgus pour redistribuer les contraintes appliqu\u00e9es au genou : les contraintes du cot\u00e9 de l\u2019arthrose (interne) vont \u00eatre diminu\u00e9es et report\u00e9es sur l\u2019autre compartiment du genou externe non arthrosique. La r\u00e9sultante des forces agissant sur le genou est diminu\u00e9e (le moment gravitaire est diminu\u00e9 et permet au hauban musculaire de r\u00e9pondre \u00e0 la sollicitation m\u00e9canique elle-m\u00eame r\u00e9duite). L\u2019ost\u00e9otomie est maintenue par une plaque et des vis, ou des agrafes osseuses. Une <span style=\"color: #0000ff;\">greffe osseuse<\/span> peut \u00eatre ajout\u00e9e.<br \/><span style=\"color: #0000ff;\">La pr\u00e9cision<\/span> de la correction de l\u2019axe m\u00e9canique s\u2019est am\u00e9lior\u00e9e et va encore s\u2019am\u00e9liorer avec la technique de Chirurgie Assist\u00e9e par Ordinateur.<\/p><p><img class=\"so-widget-image\" src=\"http:\/\/www.bluehouse.fr\/JB6\/cao\/\/wp-content\/uploads\/2016\/06\/DiaOtv01.gif\" srcset=\"\" width=\"720\" height=\"540\" \/> <img class=\"so-widget-image\" src=\"http:\/\/www.bluehouse.fr\/JB6\/cao\/\/wp-content\/uploads\/2016\/06\/DiaOtv02.gif\" srcset=\"\" width=\"720\" height=\"540\" \/><\/p><hr \/><h3>Indication<\/h3><p>Le patient : <span style=\"color: #0000ff;\">sujet jeune et\/ou sportif<\/span>.<br \/>L\u2019age est un crit\u00e8re relatif.<\/p><p>L\u2019arthrose : <span style=\"color: #0000ff;\">arthrose du genou limit\u00e9 au compartiment interne<\/span> (arthrose f\u00e9morotibiale interne) sur <span style=\"color: #0000ff;\">genu varum constitutionnel \u00ab jambes arqu\u00e9es \u00bb<\/span>.<\/p><p>L\u2019OTV est indiqu\u00e9e quand l\u2019usure osseuse n\u2019est pas trop importante. Sinon, c\u2019est plut\u00f4t une indication de proth\u00e8se.<\/p><hr \/><h3>En pratique<\/h3><p style=\"text-align: justify;\">Cette intervention dure de 20 minutes \u00e0 1 heure, sous AG ou ALR.<br \/>La dur\u00e9e d\u2019hospitalisation \u00e0 la clinique est de 24h \u00e0 48h.<\/p><p style=\"text-align: justify;\">L\u2019attelle postop\u00e9ratoire n\u2019est pas syst\u00e9matique, la r\u00e9\u00e9ducation est imm\u00e9diate.<\/p><p style=\"text-align: justify;\">L\u2019appui est soulag\u00e9 pendant 1 mois avec 2 cannes puis repris progressivement pendant le mois qui suit en fonction de la consolidation osseuse.<\/p><hr \/><h3>Conclusion<\/h3><p style=\"text-align: justify;\">L\u2019ost\u00e9otomie tient encore une place tr\u00e8s importante malgr\u00e9 les progr\u00e8s des proth\u00e8ses du genou. Les indications respectives des proth\u00e8ses du genou et de l\u2019ost\u00e9otomie sont sans cesse rediscut\u00e9es et elles \u00e9voluent en permanence en raison des progr\u00e8s des proth\u00e8ses.<br \/>Le <span style=\"color: #0000ff;\">crit\u00e8re le plus important<\/span> pour d\u00e9cider de l\u2019indication d\u2019une OTV ou d\u2019une proth\u00e8se est l<span style=\"color: #0000ff;\">e niveau et le type d\u2019activit\u00e9 physique<\/span> du patient. Le deuxi\u00e8me crit\u00e8re est l\u2019\u00e2ge<\/p><p style=\"text-align: justify;\">La pr\u00e9cision de la correction de l\u2019axe m\u00e9canique s\u2019est am\u00e9lior\u00e9e et va encore s\u2019am\u00e9liorer avec la technique de Chirurgie Assist\u00e9e par Ordinateur.<\/p><p style=\"text-align: justify;\">D\u2019autre part, l\u2019ost\u00e9otomie tibiale va encore prendre de l\u2019importance car elles peuvent \u00eatre coupl\u00e9es \u00e0 des <span style=\"color: #0000ff;\">autogreffes de cartilage<\/span> chez les sujets jeunes.<\/p><p>\u00a0<\/p><p>\u00a0<\/p><p>\u00a0<\/p><p>\u00a0<\/p><p>\u00a0<\/p>","_et_gb_content_width":""},"_links":{"self":[{"href":"https:\/\/www.bluehouse.fr\/JB6\/cao\/wp-json\/wp\/v2\/pages\/1041"}],"collection":[{"href":"https:\/\/www.bluehouse.fr\/JB6\/cao\/wp-json\/wp\/v2\/pages"}],"about":[{"href":"https:\/\/www.bluehouse.fr\/JB6\/cao\/wp-json\/wp\/v2\/types\/page"}],"author":[{"embeddable":true,"href":"https:\/\/www.bluehouse.fr\/JB6\/cao\/wp-json\/wp\/v2\/users\/1"}],"replies":[{"embeddable":true,"href":"https:\/\/www.bluehouse.fr\/JB6\/cao\/wp-json\/wp\/v2\/comments?post=1041"}],"version-history":[{"count":0,"href":"https:\/\/www.bluehouse.fr\/JB6\/cao\/wp-json\/wp\/v2\/pages\/1041\/revisions"}],"wp:attachment":[{"href":"https:\/\/www.bluehouse.fr\/JB6\/cao\/wp-json\/wp\/v2\/media?parent=1041"}],"curies":[{"name":"wp","href":"https:\/\/api.w.org\/{rel}","templated":true}]}}