{"id":299,"date":"2016-03-19T15:37:44","date_gmt":"2016-03-19T14:37:44","guid":{"rendered":"http:\/\/www.bluehouse.fr\/JB6\/territoires\/\/?page_id=299"},"modified":"2016-10-14T15:58:18","modified_gmt":"2016-10-14T14:58:18","slug":"mentions-legales","status":"publish","type":"page","link":"http:\/\/www.bluehouse.fr\/JB6\/territoires\/mentions-legales\/","title":{"rendered":"Mentions l\u00e9gales"},"content":{"rendered":"<p>[et_pb_section admin_label=&#8221;section&#8221;][et_pb_row admin_label=&#8221;row&#8221;][et_pb_column type=&#8221;4_4&#8243;][et_pb_text admin_label=&#8221;Texte&#8221; background_layout=&#8221;light&#8221; text_orientation=&#8221;left&#8221; use_border_color=&#8221;off&#8221; border_color=&#8221;#ffffff&#8221; border_style=&#8221;solid&#8221;]<\/p>\n<p><strong>IDENTIFICATION<\/strong><\/p>\n<p style=\"padding-left: 30px;\">Propri\u00e9taire du site\u00a0: laboratoire Cultures constructives<br \/>\nDirecteurs de la publication\u00a0:\u00a0 Anne Coste, Xavier Guillot<br \/>\nR\u00e9dacteurs :\u00a0 Anne Coste ; Xavier Guillot; Mathilde Chamodot; Nicolas Dubus; Alexis Pernet; Marcel Ruchon<\/p>\n<p style=\"padding-left: 30px;\">H\u00e9bergement du site\u00a0:\u00a0OVH \u2013 12 rue Kellemann, 59100 Roubaix<\/p>\n<p><strong>R\u00e9alisation technique et fonctionnelle<\/strong><\/p>\n<p style=\"padding-left: 60px;\">Jacques Bayol<br \/>\n<a href=\"http:\/\/www.bluehouse.fr\/JB6\/fabrique-multimedia\/\">Bluehouse Fabrique Multim\u00e9dia<\/a><u><br \/>\n<\/u><\/p>\n<p><strong><br \/>\nCr\u00e9dit photos<\/strong><\/p>\n<p style=\"padding-left: 60px;\">www.my-open-space.com<\/p>\n<p><strong> Propri\u00e9t\u00e9 intellectuelle<\/strong><\/p>\n<p><strong>1\/ D\u00e9finitions<\/strong><\/p>\n<p>Auteurs\u00a0: toute personne physique ayant cr\u00e9\u00e9 des \u00e9l\u00e9ments pr\u00e9sents sur ce site, notamment auteurs des textes, graphistes, maquettistes et concepteurs de l\u2019arborescence.<\/p>\n<p>Producteur\u00a0: Propri\u00e9taire du site conform\u00e9ment \u00e0 l\u2019article L 341-1 alin\u00e9a 1 du code de la propri\u00e9t\u00e9 intellectuelle.<\/p>\n<p><strong>2\/ Droits de propri\u00e9t\u00e9 intellectuelle sur le site<\/strong><\/p>\n<p>L\u2019int\u00e9gralit\u00e9 du site se d\u00e9finit comme une base de donn\u00e9es au sens de la directive du 11 mars 1996 et de sa transposition en droit fran\u00e7ais dans la loi du 1er juillet 1998 (article L 341-1 et suivants du code de propri\u00e9t\u00e9 intellectuelle).<\/p>\n<p>Ce site respecte le droit d\u2019auteur. Tous les droits des auteurs des \u0153uvres prot\u00e9g\u00e9es reproduites et communiqu\u00e9es sur ce site, sont r\u00e9serv\u00e9s. Sauf autorisation, toute utilisation des \u0153uvres autres que la reproduction et la consultation individuelles et priv\u00e9es sont interdites.<\/p>\n<p><strong>3\/ Conditions d\u2019utilisation<\/strong><\/p>\n<p>Toute utilisation ou extraction d\u2019\u00e9l\u00e9ments du site non autoris\u00e9e par le producteur est illicite et sanctionn\u00e9 p\u00e9nalement par le d\u00e9lit de contrefa\u00e7on.<\/p>\n<p>Toute exploitation, m\u00eame \u00e0 titre priv\u00e9, de la totalit\u00e9 ou d\u2019une partie substantielle du site suppose l\u2019accord du directeur de la publication conform\u00e9ment aux dispositions.<\/p>\n<p>Tout manquement aux r\u00e8gles du droit d\u2019auteur ou du droit des bases de donn\u00e9es est passible de sanctions p\u00e9nales au titre du d\u00e9lit de contrefa\u00e7on, sans pr\u00e9judice d\u2019\u00e9ventuelles demandes de dommages et int\u00e9r\u00eats de la part des titulaires de droits.<\/p>\n<p>Toute utilisation ou exploitation \u00e0 des fins commerciales ou promotionnelles est interdite.<\/p>\n<p><strong><em>\u2013 Textes reproduits sur le site<\/em><\/strong><\/p>\n<p>Les usages autoris\u00e9s des textes pr\u00e9sent\u00e9s sur ce site sont les suivants\u00a0:<\/p>\n<p>Reproduction strictement r\u00e9serv\u00e9e \u00e0 l\u2019usage priv\u00e9 du copiste et non destin\u00e9e \u00e0 une utilisation collective. Reproduction, diffusion ou repr\u00e9sentation \u00e0 des fins d\u2019information professionnelle, sur support non num\u00e9rique, \u00e0 la condition expresse de ne pas modifier les oeuvres et de mentionner la source. Courtes citations\u00a0: sont licites les citations courtes des textes pr\u00e9sents sur le site dans la mesure o\u00f9 ils s\u2019int\u00e8grent dans une oeuvre nouvelle, \u00e0 la condition expresse de ne pas modifier les oeuvres cit\u00e9es de les d\u00e9limiter formellement (guillemets de citation ou typographie distinctive) et de mentionner la source.<\/p>\n<p>Toute autre exploitation des textes pr\u00e9sents sur le site, notamment republication sur d\u2019autres sites, Internet ou intranet, suppose l\u2019accord du directeur de la publication.<\/p>\n<p><strong><em>\u2013 Photographies \u2013 Cartes \u2013 vid\u00e9o et autres images<\/em><\/strong><\/p>\n<p>Sauf t\u00e9l\u00e9chargement explicitement autoris\u00e9 directement sur le site, toutes les images pr\u00e9sentes sur ce site sont prot\u00e9g\u00e9es par le droit de propri\u00e9t\u00e9 intellectuelle des auteurs et du producteur du site. Elles ne peuvent \u00eatre dupliqu\u00e9es ou utilis\u00e9es sans l\u2019autorisation \u00e9crite de la direction du XXX.<\/p>\n<p>Les enregistrements audio et vid\u00e9o disponibles sur ce portail peuvent \u00eatre utilis\u00e9s dans le cadre d\u2019un usage priv\u00e9 ou d\u2019activit\u00e9s \u00e0 caract\u00e8re scientifique , p\u00e9dagogique, m\u00e9thodologique \u00e0 condition d\u2019en respecter l\u2019int\u00e9grit\u00e9 (ni modification, ni alt\u00e9ration d\u2019aucune sorte) et d\u2019en indiquer clairement l\u2019origine.<\/p>\n<p><strong>Informations nominatives<\/strong><\/p>\n<p>Les informations nominatives contenues sur ce site sont uniquement destin\u00e9es \u00e0 \u00eatre consult\u00e9es mais ne doivent \u00eatre ni modifi\u00e9es ni reprises, en particulier pour enrichir des bases de donn\u00e9es, par exemple \u00e0 des fins commerciales ou publicitaires ou avec la volont\u00e9 de nuire.<\/p>\n<p>Les contrevenants s\u2019exposent \u00e0 des sanctions p\u00e9nales conform\u00e9ment aux dispositions du code p\u00e9nal (articles 226-16 \u00e0 226-24, \u00ab\u00a0Des atteintes aux droits des personnes r\u00e9sultant des fichiers ou des traitements informatiques\u00a0\u00bb et articles 323-1 \u00e0 323-7, \u00ab\u00a0Des atteintes aux syst\u00e8mes de traitement automatis\u00e9 des donn\u00e9es\u00a0\u00bb).<\/p>\n<p><strong>Etablissement de liens<\/strong><\/p>\n<p>Le laboratoire Cultures constructives autorise la mise en place d\u2019un lien hypertexte pointant vers son site.<\/p>\n<p><strong> Responsabilit\u00e9<\/strong><\/p>\n<p>Le laboratoire Cultures constructives s\u2019efforce de mettre \u00e0 jour les informations du site et de contr\u00f4ler r\u00e9guli\u00e8rement leur exactitude. Le propri\u00e9taire ne peut cependant garantir que toutes ces informations sont \u00e0 tout moment actuelles, compl\u00e8tes, pr\u00e9cises et d\u00e9pourvues de toute erreur.<\/p>\n<p>La responsabilit\u00e9 du laboratoire Cultures constructives ne peut, en aucune mani\u00e8re, \u00eatre engag\u00e9e quant au contenu des informations figurant sur ce site ou aux cons\u00e9quences pouvant r\u00e9sulter de leur utilisation ou interpr\u00e9tation. Le laboratoire ne saurait \u00eatre tenu responsable des erreurs mat\u00e9rielles qui se seraient \u00e9ventuellement gliss\u00e9es dans les documents pr\u00e9sents sur le site, malgr\u00e9 le soin apport\u00e9 \u00e0 leur publication.<\/p>\n<p>Les liens mis en place dans le cadre de ce site ne peuvent \u00eatre consid\u00e9r\u00e9s comme une recommandation, une caution ou une sollicitation. Le laboratoire Cultures constructives d\u00e9cline toute responsabilit\u00e9 quant au contenu de ces sites et \u00e0 l\u2019usage qui peut en \u00eatre fait.<\/p>\n<p>Les documents \u00e0 caract\u00e8re scientifique publi\u00e9s dans le site sont valables \u00e0 la date de leur publication et ne sauraient engager leurs auteurs.<\/p>\n<p>Le laboratoire Cultures constructives ne peut pas \u00eatre tenu pour responsable de la transmission d\u00e9fectueuse des donn\u00e9es dues aux divers r\u00e9seaux de l\u2019Internet ou aux incompatibilit\u00e9s dues au navigateur de l\u2019utilisateur.<\/p>\n<p>&nbsp;<\/p>\n<p>[\/et_pb_text][\/et_pb_column][\/et_pb_row][\/et_pb_section]<\/p>\n","protected":false},"excerpt":{"rendered":"<p>[et_pb_section admin_label=&#8221;section&#8221;][et_pb_row admin_label=&#8221;row&#8221;][et_pb_column type=&#8221;4_4&#8243;][et_pb_text admin_label=&#8221;Texte&#8221; background_layout=&#8221;light&#8221; text_orientation=&#8221;left&#8221; use_border_color=&#8221;off&#8221; border_color=&#8221;#ffffff&#8221; border_style=&#8221;solid&#8221;] IDENTIFICATION Propri\u00e9taire du site\u00a0: laboratoire Cultures constructives Directeurs de la publication\u00a0:\u00a0 Anne Coste, Xavier Guillot R\u00e9dacteurs :\u00a0 Anne Coste ; Xavier Guillot; Mathilde Chamodot; Nicolas Dubus; Alexis Pernet; Marcel Ruchon H\u00e9bergement du site\u00a0:\u00a0OVH \u2013 12 rue Kellemann, 59100 Roubaix R\u00e9alisation technique et fonctionnelle Jacques Bayol [&hellip;]<\/p>\n","protected":false},"author":3,"featured_media":0,"parent":0,"menu_order":0,"comment_status":"closed","ping_status":"closed","template":"","meta":{"_et_pb_use_builder":"on","_et_pb_old_content":"<p><strong>IDENTIFICATION<\/strong><\/p><p style=\"padding-left: 30px;\">Propri\u00e9taire du site\u00a0: XXX<br \/> Directeur de la publication\u00a0:\u00a0 XXX<br \/> R\u00e9dacteurs :\u00a0 XXX<\/p><p style=\"padding-left: 30px;\">H\u00e9bergement du site\u00a0:\u00a0OVH \u2013 12 rue Kellemann, 59100 Roubaix<\/p><p><strong>R\u00e9alisation technique et fonctionnelle<\/strong><\/p><p style=\"padding-left: 60px;\">Jacques Bayol<br \/> <a href=\"http:\/\/www.bluehouse.fr\/JB6\/fabrique-multimedia\/\">Bluehouse Fabrique Multim\u00e9dia<\/a><u><br \/> <\/u><\/p><p><strong><br \/> Cr\u00e9dit photos<\/strong><\/p><p style=\"padding-left: 60px;\">www.my-open-space.com<\/p><p><strong> Propri\u00e9t\u00e9 intellectuelle<\/strong><\/p><p><strong>1\/ D\u00e9finitions<\/strong><\/p><p>Auteurs\u00a0: toute personne physique ayant cr\u00e9\u00e9 des \u00e9l\u00e9ments pr\u00e9sents sur ce site, notamment auteurs des textes, graphistes, maquettistes et concepteurs de l\u2019arborescence.<\/p><p>Producteur\u00a0: Propri\u00e9taire du site conform\u00e9ment \u00e0 l\u2019article L 341-1 alin\u00e9a 1 du code de la propri\u00e9t\u00e9 intellectuelle.<\/p><p><strong>2\/ Droits de propri\u00e9t\u00e9 intellectuelle sur le site<\/strong><\/p><p>L\u2019int\u00e9gralit\u00e9 du site se d\u00e9finit comme une base de donn\u00e9es au sens de la directive du 11 mars 1996 et de sa transposition en droit fran\u00e7ais dans la loi du 1er juillet 1998 (article L 341-1 et suivants du code de propri\u00e9t\u00e9 intellectuelle).<\/p><p>Ce site respecte le droit d\u2019auteur. Tous les droits des auteurs des \u0153uvres prot\u00e9g\u00e9es reproduites et communiqu\u00e9es sur ce site, sont r\u00e9serv\u00e9s. Sauf autorisation, toute utilisation des \u0153uvres autres que la reproduction et la consultation individuelles et priv\u00e9es sont interdites.<\/p><p><strong>3\/ Conditions d\u2019utilisation<\/strong><\/p><p>Toute utilisation ou extraction d\u2019\u00e9l\u00e9ments du site non autoris\u00e9e par le producteur est illicite et sanctionn\u00e9 p\u00e9nalement par le d\u00e9lit de contrefa\u00e7on.<\/p><p>Toute exploitation, m\u00eame \u00e0 titre priv\u00e9, de la totalit\u00e9 ou d\u2019une partie substantielle du site suppose l\u2019accord du directeur de la publication conform\u00e9ment aux dispositions.<\/p><p>Tout manquement aux r\u00e8gles du droit d\u2019auteur ou du droit des bases de donn\u00e9es est passible de sanctions p\u00e9nales au titre du d\u00e9lit de contrefa\u00e7on, sans pr\u00e9judice d\u2019\u00e9ventuelles demandes de dommages et int\u00e9r\u00eats de la part des titulaires de droits.<\/p><p>Toute utilisation ou exploitation \u00e0 des fins commerciales ou promotionnelles est interdite.<\/p><p><strong><em>\u2013 Textes reproduits sur le site<\/em><\/strong><\/p><p>Les usages autoris\u00e9s des textes pr\u00e9sent\u00e9s sur ce site sont les suivants\u00a0:<\/p><p>Reproduction strictement r\u00e9serv\u00e9e \u00e0 l\u2019usage priv\u00e9 du copiste et non destin\u00e9e \u00e0 une utilisation collective. Reproduction, diffusion ou repr\u00e9sentation \u00e0 des fins d\u2019information professionnelle, sur support non num\u00e9rique, \u00e0 la condition expresse de ne pas modifier les oeuvres et de mentionner la source. Courtes citations\u00a0: sont licites les citations courtes des textes pr\u00e9sents sur le site dans la mesure o\u00f9 ils s\u2019int\u00e8grent dans une oeuvre nouvelle, \u00e0 la condition expresse de ne pas modifier les oeuvres cit\u00e9es de les d\u00e9limiter formellement (guillemets de citation ou typographie distinctive) et de mentionner la source.<\/p><p>Toute autre exploitation des textes pr\u00e9sents sur le site, notamment republication sur d\u2019autres sites, Internet ou intranet, suppose l\u2019accord du directeur de la publication.<\/p><p><strong><em>\u2013 Photographies \u2013 Cartes \u2013 vid\u00e9o et autres images<\/em><\/strong><\/p><p>Sauf t\u00e9l\u00e9chargement explicitement autoris\u00e9 directement sur le site, toutes les images pr\u00e9sentes sur ce site sont prot\u00e9g\u00e9es par le droit de propri\u00e9t\u00e9 intellectuelle des auteurs et du producteur du site. Elles ne peuvent \u00eatre dupliqu\u00e9es ou utilis\u00e9es sans l\u2019autorisation \u00e9crite de la direction du XXX.<\/p><p>Les enregistrements audio et vid\u00e9o disponibles sur ce portail peuvent \u00eatre utilis\u00e9s dans le cadre d\u2019un usage priv\u00e9 ou d\u2019activit\u00e9s \u00e0 caract\u00e8re scientifique , p\u00e9dagogique, m\u00e9thodologique \u00e0 condition d\u2019en respecter l\u2019int\u00e9grit\u00e9 (ni modification, ni alt\u00e9ration d\u2019aucune sorte) et d\u2019en indiquer clairement l\u2019origine.<\/p><p><strong>Informations nominatives<\/strong><\/p><p>Les informations nominatives contenues sur ce site sont uniquement destin\u00e9es \u00e0 \u00eatre consult\u00e9es mais ne doivent \u00eatre ni modifi\u00e9es ni reprises, en particulier pour enrichir des bases de donn\u00e9es, par exemple \u00e0 des fins commerciales ou publicitaires ou avec la volont\u00e9 de nuire.<\/p><p>Les contrevenants s\u2019exposent \u00e0 des sanctions p\u00e9nales conform\u00e9ment aux dispositions du code p\u00e9nal (articles 226-16 \u00e0 226-24, \u00ab\u00a0Des atteintes aux droits des personnes r\u00e9sultant des fichiers ou des traitements informatiques\u00a0\u00bb et articles 323-1 \u00e0 323-7, \u00ab\u00a0Des atteintes aux syst\u00e8mes de traitement automatis\u00e9 des donn\u00e9es\u00a0\u00bb).<\/p><p><strong>Etablissement de liens<\/strong><\/p><p>Le XXX autorise la mise en place d\u2019un lien hypertexte pointant vers son site.<\/p><p><strong> Responsabilit\u00e9<\/strong><\/p><p>Le XXX s\u2019efforce de mettre \u00e0 jour les informations du site et de contr\u00f4ler r\u00e9guli\u00e8rement leur exactitude. Le propri\u00e9taire ne peut cependant garantir que toutes ces informations sont \u00e0 tout moment actuelles, compl\u00e8tes, pr\u00e9cises et d\u00e9pourvues de toute erreur.<\/p><p>La responsabilit\u00e9 du XXX ne peut, en aucune mani\u00e8re, \u00eatre engag\u00e9e quant au contenu des informations figurant sur ce site ou aux cons\u00e9quences pouvant r\u00e9sulter de leur utilisation ou interpr\u00e9tation. Le laboratoire ne saurait \u00eatre tenu responsable des erreurs mat\u00e9rielles qui se seraient \u00e9ventuellement gliss\u00e9es dans les documents pr\u00e9sents sur le site, malgr\u00e9 le soin apport\u00e9 \u00e0 leur publication.<\/p><p>Les liens mis en place dans le cadre de ce site ne peuvent \u00eatre consid\u00e9r\u00e9s comme une recommandation, une caution ou une sollicitation. Le XXX d\u00e9cline toute responsabilit\u00e9 quant au contenu de ces sites et \u00e0 l\u2019usage qui peut en \u00eatre fait.<\/p><p>Les documents \u00e0 caract\u00e8re scientifique publi\u00e9s dans le site sont valables \u00e0 la date de leur publication et ne sauraient engager leurs auteurs.<\/p><p>Le XXX ne peut pas \u00eatre tenu pour responsable de la transmission d\u00e9fectueuse des donn\u00e9es dues aux divers r\u00e9seaux de l\u2019Internet ou aux incompatibilit\u00e9s dues au navigateur de l\u2019utilisateur.<\/p><p>\u00a0<\/p>","_et_gb_content_width":""},"yoast_head":"<!-- This site is optimized with the Yoast SEO plugin v16.7 - https:\/\/yoast.com\/wordpress\/plugins\/seo\/ -->\n<title>Mentions l\u00e9gales - territoires &amp; \u00e9nergie(s)<\/title>\n<meta name=\"robots\" content=\"index, follow, max-snippet:-1, max-image-preview:large, max-video-preview:-1\" \/>\n<link rel=\"canonical\" href=\"http:\/\/www.bluehouse.fr\/JB6\/territoires\/mentions-legales\/\" \/>\n<meta property=\"og:locale\" content=\"fr_FR\" \/>\n<meta property=\"og:type\" content=\"article\" \/>\n<meta property=\"og:title\" content=\"Mentions l\u00e9gales - territoires &amp; \u00e9nergie(s)\" \/>\n<meta property=\"og:description\" content=\"[et_pb_section admin_label=&#8221;section&#8221;][et_pb_row admin_label=&#8221;row&#8221;][et_pb_column type=&#8221;4_4&#8243;][et_pb_text admin_label=&#8221;Texte&#8221; background_layout=&#8221;light&#8221; text_orientation=&#8221;left&#8221; use_border_color=&#8221;off&#8221; border_color=&#8221;#ffffff&#8221; border_style=&#8221;solid&#8221;] IDENTIFICATION Propri\u00e9taire du site\u00a0: laboratoire Cultures constructives Directeurs de la publication\u00a0:\u00a0 Anne Coste, Xavier Guillot R\u00e9dacteurs :\u00a0 Anne Coste ; Xavier Guillot; Mathilde Chamodot; Nicolas Dubus; Alexis Pernet; Marcel Ruchon H\u00e9bergement du site\u00a0:\u00a0OVH \u2013 12 rue Kellemann, 59100 Roubaix R\u00e9alisation technique et fonctionnelle Jacques Bayol [&hellip;]\" \/>\n<meta property=\"og:url\" content=\"http:\/\/www.bluehouse.fr\/JB6\/territoires\/mentions-legales\/\" \/>\n<meta property=\"og:site_name\" content=\"territoires &amp; \u00e9nergie(s)\" \/>\n<meta property=\"article:modified_time\" content=\"2016-10-14T14:58:18+00:00\" \/>\n<meta name=\"twitter:card\" content=\"summary\" \/>\n<meta name=\"twitter:label1\" content=\"Dur\u00e9e de lecture est.\" \/>\n\t<meta name=\"twitter:data1\" content=\"5 minutes\" \/>\n<script type=\"application\/ld+json\" class=\"yoast-schema-graph\">{\"@context\":\"https:\/\/schema.org\",\"@graph\":[{\"@type\":\"WebSite\",\"@id\":\"https:\/\/www.bluehouse.fr\/JB6\/territoires\/#website\",\"url\":\"https:\/\/www.bluehouse.fr\/JB6\/territoires\/\",\"name\":\"territoires &amp; \\u00e9nergie(s)\",\"description\":\"\",\"potentialAction\":[{\"@type\":\"SearchAction\",\"target\":{\"@type\":\"EntryPoint\",\"urlTemplate\":\"https:\/\/www.bluehouse.fr\/JB6\/territoires\/?s={search_term_string}\"},\"query-input\":\"required name=search_term_string\"}],\"inLanguage\":\"fr-FR\"},{\"@type\":\"WebPage\",\"@id\":\"http:\/\/www.bluehouse.fr\/JB6\/territoires\/mentions-legales\/#webpage\",\"url\":\"http:\/\/www.bluehouse.fr\/JB6\/territoires\/mentions-legales\/\",\"name\":\"Mentions l\\u00e9gales - territoires &amp; \\u00e9nergie(s)\",\"isPartOf\":{\"@id\":\"https:\/\/www.bluehouse.fr\/JB6\/territoires\/#website\"},\"datePublished\":\"2016-03-19T14:37:44+00:00\",\"dateModified\":\"2016-10-14T14:58:18+00:00\",\"breadcrumb\":{\"@id\":\"http:\/\/www.bluehouse.fr\/JB6\/territoires\/mentions-legales\/#breadcrumb\"},\"inLanguage\":\"fr-FR\",\"potentialAction\":[{\"@type\":\"ReadAction\",\"target\":[\"http:\/\/www.bluehouse.fr\/JB6\/territoires\/mentions-legales\/\"]}]},{\"@type\":\"BreadcrumbList\",\"@id\":\"http:\/\/www.bluehouse.fr\/JB6\/territoires\/mentions-legales\/#breadcrumb\",\"itemListElement\":[{\"@type\":\"ListItem\",\"position\":1,\"name\":\"Accueil\",\"item\":\"https:\/\/www.bluehouse.fr\/JB6\/territoires\/\"},{\"@type\":\"ListItem\",\"position\":2,\"name\":\"Mentions l\\u00e9gales\"}]}]}<\/script>\n<!-- \/ Yoast SEO plugin. -->","yoast_head_json":{"title":"Mentions l\u00e9gales - territoires &amp; \u00e9nergie(s)","robots":{"index":"index","follow":"follow","max-snippet":"max-snippet:-1","max-image-preview":"max-image-preview:large","max-video-preview":"max-video-preview:-1"},"canonical":"http:\/\/www.bluehouse.fr\/JB6\/territoires\/mentions-legales\/","og_locale":"fr_FR","og_type":"article","og_title":"Mentions l\u00e9gales - territoires &amp; \u00e9nergie(s)","og_description":"[et_pb_section admin_label=&#8221;section&#8221;][et_pb_row admin_label=&#8221;row&#8221;][et_pb_column type=&#8221;4_4&#8243;][et_pb_text admin_label=&#8221;Texte&#8221; background_layout=&#8221;light&#8221; text_orientation=&#8221;left&#8221; use_border_color=&#8221;off&#8221; border_color=&#8221;#ffffff&#8221; border_style=&#8221;solid&#8221;] IDENTIFICATION Propri\u00e9taire du site\u00a0: laboratoire Cultures constructives Directeurs de la publication\u00a0:\u00a0 Anne Coste, Xavier Guillot R\u00e9dacteurs :\u00a0 Anne Coste ; Xavier Guillot; Mathilde Chamodot; Nicolas Dubus; Alexis Pernet; Marcel Ruchon H\u00e9bergement du site\u00a0:\u00a0OVH \u2013 12 rue Kellemann, 59100 Roubaix R\u00e9alisation technique et fonctionnelle Jacques Bayol [&hellip;]","og_url":"http:\/\/www.bluehouse.fr\/JB6\/territoires\/mentions-legales\/","og_site_name":"territoires &amp; \u00e9nergie(s)","article_modified_time":"2016-10-14T14:58:18+00:00","twitter_card":"summary","twitter_misc":{"Dur\u00e9e de lecture est.":"5 minutes"},"schema":{"@context":"https:\/\/schema.org","@graph":[{"@type":"WebSite","@id":"https:\/\/www.bluehouse.fr\/JB6\/territoires\/#website","url":"https:\/\/www.bluehouse.fr\/JB6\/territoires\/","name":"territoires &amp; \u00e9nergie(s)","description":"","potentialAction":[{"@type":"SearchAction","target":{"@type":"EntryPoint","urlTemplate":"https:\/\/www.bluehouse.fr\/JB6\/territoires\/?s={search_term_string}"},"query-input":"required name=search_term_string"}],"inLanguage":"fr-FR"},{"@type":"WebPage","@id":"http:\/\/www.bluehouse.fr\/JB6\/territoires\/mentions-legales\/#webpage","url":"http:\/\/www.bluehouse.fr\/JB6\/territoires\/mentions-legales\/","name":"Mentions l\u00e9gales - territoires &amp; \u00e9nergie(s)","isPartOf":{"@id":"https:\/\/www.bluehouse.fr\/JB6\/territoires\/#website"},"datePublished":"2016-03-19T14:37:44+00:00","dateModified":"2016-10-14T14:58:18+00:00","breadcrumb":{"@id":"http:\/\/www.bluehouse.fr\/JB6\/territoires\/mentions-legales\/#breadcrumb"},"inLanguage":"fr-FR","potentialAction":[{"@type":"ReadAction","target":["http:\/\/www.bluehouse.fr\/JB6\/territoires\/mentions-legales\/"]}]},{"@type":"BreadcrumbList","@id":"http:\/\/www.bluehouse.fr\/JB6\/territoires\/mentions-legales\/#breadcrumb","itemListElement":[{"@type":"ListItem","position":1,"name":"Accueil","item":"https:\/\/www.bluehouse.fr\/JB6\/territoires\/"},{"@type":"ListItem","position":2,"name":"Mentions l\u00e9gales"}]}]}},"_links":{"self":[{"href":"http:\/\/www.bluehouse.fr\/JB6\/territoires\/wp-json\/wp\/v2\/pages\/299"}],"collection":[{"href":"http:\/\/www.bluehouse.fr\/JB6\/territoires\/wp-json\/wp\/v2\/pages"}],"about":[{"href":"http:\/\/www.bluehouse.fr\/JB6\/territoires\/wp-json\/wp\/v2\/types\/page"}],"author":[{"embeddable":true,"href":"http:\/\/www.bluehouse.fr\/JB6\/territoires\/wp-json\/wp\/v2\/users\/3"}],"replies":[{"embeddable":true,"href":"http:\/\/www.bluehouse.fr\/JB6\/territoires\/wp-json\/wp\/v2\/comments?post=299"}],"version-history":[{"count":0,"href":"http:\/\/www.bluehouse.fr\/JB6\/territoires\/wp-json\/wp\/v2\/pages\/299\/revisions"}],"wp:attachment":[{"href":"http:\/\/www.bluehouse.fr\/JB6\/territoires\/wp-json\/wp\/v2\/media?parent=299"}],"curies":[{"name":"wp","href":"https:\/\/api.w.org\/{rel}","templated":true}]}}