{"id":1146,"date":"2016-09-30T15:22:31","date_gmt":"2016-09-30T14:22:31","guid":{"rendered":"http:\/\/www.bluehouse.fr\/JB6\/cao\/\/?page_id=1146"},"modified":"2020-05-11T13:57:30","modified_gmt":"2020-05-11T12:57:30","slug":"consultations","status":"publish","type":"page","link":"http:\/\/www.bluehouse.fr\/JB6\/cao\/consultations\/","title":{"rendered":"CONTACT"},"content":{"rendered":"<p>[et_pb_section fb_built=\u00a0\u00bb1&Prime; module_class=\u00a0\u00bbfred_bkg_color_1&Prime; _builder_version=\u00a0\u00bb3.22&Prime; background_color=\u00a0\u00bb#f2f2f2&Prime; custom_margin=\u00a0\u00bb0px|||\u00a0\u00bb custom_padding=\u00a0\u00bb0px|||\u00a0\u00bb][et_pb_row column_structure=\u00a0\u00bb3_5,2_5&Prime; _builder_version=\u00a0\u00bb3.25&Prime; background_size=\u00a0\u00bbinitial\u00a0\u00bb background_position=\u00a0\u00bbtop_left\u00a0\u00bb background_repeat=\u00a0\u00bbrepeat\u00a0\u00bb custom_padding=\u00a0\u00bb65px||\u00a0\u00bb][et_pb_column type=\u00a0\u00bb3_5&Prime; _builder_version=\u00a0\u00bb3.25&Prime; custom_padding=\u00a0\u00bb|||\u00a0\u00bb custom_padding__hover=\u00a0\u00bb|||\u00a0\u00bb][et_pb_text admin_label=\u00a0\u00bbCONTACT\u00a0\u00bb module_class=\u00a0\u00bbfred_titre_top\u00a0\u00bb _builder_version=\u00a0\u00bb3.27.4&Prime;]<\/p>\n<h1><span class=\"fred_txt_1\">CONTACT<\/span><\/h1>\n<p>[\/et_pb_text][\/et_pb_column][et_pb_column type=\u00a0\u00bb2_5&Prime; _builder_version=\u00a0\u00bb3.25&Prime; custom_padding=\u00a0\u00bb|||\u00a0\u00bb custom_padding__hover=\u00a0\u00bb|||\u00a0\u00bb][\/et_pb_column][\/et_pb_row][et_pb_row admin_label=\u00a0\u00bbligne verte\u00a0\u00bb _builder_version=\u00a0\u00bb4.4.5&Prime; background_size=\u00a0\u00bbinitial\u00a0\u00bb background_position=\u00a0\u00bbtop_left\u00a0\u00bb background_repeat=\u00a0\u00bbrepeat\u00a0\u00bb custom_margin=\u00a0\u00bb-50px||113px||false|false\u00a0\u00bb custom_padding=\u00a0\u00bb||0px|\u00a0\u00bb saved_tabs=\u00a0\u00bball\u00a0\u00bb locked=\u00a0\u00bboff\u00a0\u00bb global_module=\u00a0\u00bb28523&Prime;][et_pb_column type=\u00a0\u00bb4_4&Prime; _builder_version=\u00a0\u00bb3.25&Prime; custom_padding=\u00a0\u00bb|||\u00a0\u00bb custom_padding__hover=\u00a0\u00bb|||\u00a0\u00bb][et_pb_code disabled_on=\u00a0\u00bboff|off|off\u00a0\u00bb module_class=\u00a0\u00bbjb_line\u00a0\u00bb _builder_version=\u00a0\u00bb4.0.2&Prime;]<!-- [et_pb_line_break_holder] -->[\/et_pb_code][\/et_pb_column][\/et_pb_row][et_pb_row use_custom_gutter=\u00a0\u00bbon\u00a0\u00bb gutter_width=\u00a0\u00bb2&Prime; _builder_version=\u00a0\u00bb3.25&Prime; background_size=\u00a0\u00bbinitial\u00a0\u00bb background_position=\u00a0\u00bbtop_left\u00a0\u00bb background_repeat=\u00a0\u00bbrepeat\u00a0\u00bb custom_margin=\u00a0\u00bb-44px||-42px\u00a0\u00bb][et_pb_column type=\u00a0\u00bb4_4&Prime; _builder_version=\u00a0\u00bb3.25&Prime; custom_padding=\u00a0\u00bb|||\u00a0\u00bb custom_padding__hover=\u00a0\u00bb|||\u00a0\u00bb][et_pb_text admin_label=\u00a0\u00bbCABINET DE CONSULTATION\u00a0\u00bb module_class=\u00a0\u00bbfred_txt_justify fred_titre\u00a0\u00bb _builder_version=\u00a0\u00bb3.27.4&Prime; custom_margin=\u00a0\u00bb||20px\u00a0\u00bb]<\/p>\n<h1>CABINET DE CONSULTATION<\/h1>\n<p>[\/et_pb_text][\/et_pb_column][\/et_pb_row][et_pb_row column_structure=\u00a0\u00bb1_3,1_3,1_3&Prime; use_custom_gutter=\u00a0\u00bbon\u00a0\u00bb gutter_width=\u00a0\u00bb2&Prime; _builder_version=\u00a0\u00bb4.4.5&Prime; background_size=\u00a0\u00bbinitial\u00a0\u00bb background_position=\u00a0\u00bbtop_left\u00a0\u00bb background_repeat=\u00a0\u00bbrepeat\u00a0\u00bb][et_pb_column type=\u00a0\u00bb1_3&Prime; _builder_version=\u00a0\u00bb3.25&Prime; custom_padding=\u00a0\u00bb|||\u00a0\u00bb custom_padding__hover=\u00a0\u00bb|||\u00a0\u00bb][et_pb_text admin_label=\u00a0\u00bbP\u00d4LE SANT\u00c9 AXONE\u00a0\u00bb _builder_version=\u00a0\u00bb4.4.5&Prime; custom_css_main_element=\u00a0\u00bbmin-height:240px;\u00a0\u00bb]<\/p>\n<h2>P\u00d4LE SANT\u00c9 AXONE<\/h2>\n<p>75, avenue Gabriel P\u00e9ri,<br \/>\n38400 Saint-Martin-d&rsquo;H\u00e8res.<\/p>\n<p><span class=\"et-pb-icon\" style=\"font-size: 16px;\">&#xe00b;<\/span>  <a href=\"tel:+33476434917\">04 76 43 49 17<\/a><br \/>\n<span class=\"et-pb-icon\" style=\"font-size: 16px;\">&#xe010;<\/span> <a style=\"font-size: 16px;\" href=\"mailto: axone.ortho@orange.fr\"> axone.ortho@orange.fr<\/a>[\/et_pb_text][\/et_pb_column][et_pb_column type=\u00a0\u00bb1_3&Prime; _builder_version=\u00a0\u00bb3.25&Prime; custom_padding=\u00a0\u00bb|||\u00a0\u00bb custom_padding__hover=\u00a0\u00bb|||\u00a0\u00bb][et_pb_image src=\u00a0\u00bbhttp:\/\/www.bluehouse.fr\/JB6\/cao\/\/wp-content\/uploads\/2016\/09\/IMG_4398.jpg\u00a0\u00bb show_in_lightbox=\u00a0\u00bbon\u00a0\u00bb align=\u00a0\u00bbright\u00a0\u00bb align_tablet=\u00a0\u00bbcenter\u00a0\u00bb align_phone=\u00a0\u00bb\u00a0\u00bb align_last_edited=\u00a0\u00bbon|desktop\u00a0\u00bb _builder_version=\u00a0\u00bb3.23&Prime; box_shadow_style=\u00a0\u00bbpreset2&Prime;]&nbsp;<br \/>\n[\/et_pb_image][\/et_pb_column][et_pb_column type=\u00a0\u00bb1_3&Prime; _builder_version=\u00a0\u00bb3.25&Prime; custom_padding=\u00a0\u00bb|||\u00a0\u00bb custom_padding__hover=\u00a0\u00bb|||\u00a0\u00bb][et_pb_image src=\u00a0\u00bbhttp:\/\/www.bluehouse.fr\/JB6\/cao\/\/wp-content\/uploads\/2016\/09\/IMG_4414-Modifier.jpg\u00a0\u00bb show_in_lightbox=\u00a0\u00bbon\u00a0\u00bb show_bottom_space=\u00a0\u00bboff\u00a0\u00bb align=\u00a0\u00bbright\u00a0\u00bb align_tablet=\u00a0\u00bbcenter\u00a0\u00bb align_phone=\u00a0\u00bb\u00a0\u00bb align_last_edited=\u00a0\u00bbon|desktop\u00a0\u00bb _builder_version=\u00a0\u00bb3.23&Prime; box_shadow_style=\u00a0\u00bbpreset2&Prime;]&nbsp;<br \/>\n[\/et_pb_image][\/et_pb_column][\/et_pb_row][et_pb_row _builder_version=\u00a0\u00bb3.25&Prime; background_size=\u00a0\u00bbinitial\u00a0\u00bb background_position=\u00a0\u00bbtop_left\u00a0\u00bb background_repeat=\u00a0\u00bbrepeat\u00a0\u00bb][et_pb_column type=\u00a0\u00bb4_4&Prime; _builder_version=\u00a0\u00bb3.25&Prime; custom_padding=\u00a0\u00bb|||\u00a0\u00bb custom_padding__hover=\u00a0\u00bb|||\u00a0\u00bb][et_pb_map address=\u00a0\u00bbGrenoble, France\u00a0\u00bb zoom_level=\u00a0\u00bb15&Prime; address_lat=\u00a0\u00bb45.187218218247914&Prime; address_lng=\u00a0\u00bb5.757818539425443&Prime; mouse_wheel=\u00a0\u00bboff\u00a0\u00bb _builder_version=\u00a0\u00bb3.17&Prime; box_shadow_style=\u00a0\u00bbpreset2&Prime;][et_pb_map_pin title=\u00a0\u00bbcab\u00a0\u00bb pin_address=\u00a0\u00bb75 Avenue Gabriel P\u00e9ri, 38400 Saint-Martin-d&rsquo;H\u00e8res, France\u00a0\u00bb pin_address_lat=\u00a0\u00bb45.18659726822591&Prime; pin_address_lng=\u00a0\u00bb5.7584873656066975&Prime; _builder_version=\u00a0\u00bb3.17&Prime;][\/et_pb_map_pin][\/et_pb_map][et_pb_divider color=\u00a0\u00bb#003149&Prime; _builder_version=\u00a0\u00bb3.17&Prime; custom_margin=\u00a0\u00bb63px||\u00a0\u00bb]&nbsp;<br \/>\n[\/et_pb_divider][\/et_pb_column][\/et_pb_row][et_pb_row use_custom_gutter=\u00a0\u00bbon\u00a0\u00bb gutter_width=\u00a0\u00bb2&Prime; module_id=\u00a0\u00bbactivite\u00a0\u00bb _builder_version=\u00a0\u00bb3.25&Prime; background_size=\u00a0\u00bbinitial\u00a0\u00bb background_position=\u00a0\u00bbtop_left\u00a0\u00bb background_repeat=\u00a0\u00bbrepeat\u00a0\u00bb custom_margin=\u00a0\u00bb-40px||-43px\u00a0\u00bb][et_pb_column type=\u00a0\u00bb4_4&Prime; _builder_version=\u00a0\u00bb3.25&Prime; custom_padding=\u00a0\u00bb|||\u00a0\u00bb custom_padding__hover=\u00a0\u00bb|||\u00a0\u00bb][et_pb_text admin_label=\u00a0\u00bbACTIVIT\u00c9 CHIRURGICALE\u00a0\u00bb module_class=\u00a0\u00bbfred_txt_justify fred_titre\u00a0\u00bb _builder_version=\u00a0\u00bb3.27.4&Prime; custom_margin=\u00a0\u00bb||20px\u00a0\u00bb]<\/p>\n<h1>ACTIVIT\u00c9 CHIRURGICALE<\/h1>\n<p>[\/et_pb_text][\/et_pb_column][\/et_pb_row][et_pb_row column_structure=\u00a0\u00bb1_3,1_3,1_3&Prime; use_custom_gutter=\u00a0\u00bbon\u00a0\u00bb gutter_width=\u00a0\u00bb2&Prime; _builder_version=\u00a0\u00bb3.25&Prime; background_size=\u00a0\u00bbinitial\u00a0\u00bb background_position=\u00a0\u00bbtop_left\u00a0\u00bb background_repeat=\u00a0\u00bbrepeat\u00a0\u00bb][et_pb_column type=\u00a0\u00bb1_3&Prime; _builder_version=\u00a0\u00bb3.25&Prime; custom_padding=\u00a0\u00bb|||\u00a0\u00bb custom_padding__hover=\u00a0\u00bb|||\u00a0\u00bb][et_pb_text admin_label=\u00a0\u00bbCLINIQUE BELLEDONNE\u00a0\u00bb module_class=\u00a0\u00bbfred_txt_justify fred_titre\u00a0\u00bb _builder_version=\u00a0\u00bb4.4.5&Prime; custom_css_main_element=\u00a0\u00bbmin-height:240px;\u00a0\u00bb]<\/p>\n<h2>CLINIQUE BELLEDONNE<\/h2>\n<p>83, avenue Gabriel P\u00e9ri,<br \/> 38400 Saint-Martin-d&rsquo;H\u00e8res.<\/p>\n<p><span class=\"et-pb-icon\" style=\"font-size: 16px;\">&#xe00b;<\/span>  <a href=\"tel:+33438380202\">04 38 38 02 02<\/a>[\/et_pb_text][\/et_pb_column][et_pb_column type=\u00a0\u00bb1_3&Prime; _builder_version=\u00a0\u00bb3.25&Prime; custom_padding=\u00a0\u00bb|||\u00a0\u00bb custom_padding__hover=\u00a0\u00bb|||\u00a0\u00bb][et_pb_image src=\u00a0\u00bbhttp:\/\/www.bluehouse.fr\/JB6\/cao\/\/wp-content\/uploads\/2016\/09\/IMG_4379.jpg\u00a0\u00bb show_in_lightbox=\u00a0\u00bbon\u00a0\u00bb align=\u00a0\u00bbright\u00a0\u00bb align_tablet=\u00a0\u00bbcenter\u00a0\u00bb align_phone=\u00a0\u00bb\u00a0\u00bb align_last_edited=\u00a0\u00bbon|desktop\u00a0\u00bb _builder_version=\u00a0\u00bb3.23&Prime; box_shadow_style=\u00a0\u00bbpreset2&Prime;]&nbsp;<br \/>\n[\/et_pb_image][\/et_pb_column][et_pb_column type=\u00a0\u00bb1_3&Prime; _builder_version=\u00a0\u00bb3.25&Prime; custom_padding=\u00a0\u00bb|||\u00a0\u00bb custom_padding__hover=\u00a0\u00bb|||\u00a0\u00bb][et_pb_image src=\u00a0\u00bbhttp:\/\/www.bluehouse.fr\/JB6\/cao\/\/wp-content\/uploads\/2016\/09\/IMG_4403.jpg\u00a0\u00bb show_in_lightbox=\u00a0\u00bbon\u00a0\u00bb show_bottom_space=\u00a0\u00bboff\u00a0\u00bb align=\u00a0\u00bbright\u00a0\u00bb align_tablet=\u00a0\u00bbcenter\u00a0\u00bb align_phone=\u00a0\u00bb\u00a0\u00bb align_last_edited=\u00a0\u00bbon|desktop\u00a0\u00bb _builder_version=\u00a0\u00bb3.23&Prime; box_shadow_style=\u00a0\u00bbpreset2&Prime;]&nbsp;<br \/>\n[\/et_pb_image][\/et_pb_column][\/et_pb_row][et_pb_row module_id=\u00a0\u00bbactivite\u00a0\u00bb _builder_version=\u00a0\u00bb3.25&Prime; background_size=\u00a0\u00bbinitial\u00a0\u00bb background_position=\u00a0\u00bbtop_left\u00a0\u00bb background_repeat=\u00a0\u00bbrepeat\u00a0\u00bb][et_pb_column type=\u00a0\u00bb4_4&Prime; _builder_version=\u00a0\u00bb3.25&Prime; custom_padding=\u00a0\u00bb|||\u00a0\u00bb custom_padding__hover=\u00a0\u00bb|||\u00a0\u00bb][et_pb_map address=\u00a0\u00bbGrenoble, France\u00a0\u00bb zoom_level=\u00a0\u00bb16&Prime; address_lat=\u00a0\u00bb45.18703565311056&Prime; address_lng=\u00a0\u00bb5.758820763775475&Prime; mouse_wheel=\u00a0\u00bboff\u00a0\u00bb _builder_version=\u00a0\u00bb3.17&Prime; box_shadow_style=\u00a0\u00bbpreset2&Prime;][et_pb_map_pin title=\u00a0\u00bbbelledonne\u00a0\u00bb pin_address=\u00a0\u00bb83 Avenue Gabriel P\u00e9ri, 38400 Saint-Martin-d&rsquo;H\u00e8res, France\u00a0\u00bb pin_address_lat=\u00a0\u00bb45.18639434256986&Prime; pin_address_lng=\u00a0\u00bb5.76026851058964&Prime; _builder_version=\u00a0\u00bb3.17&Prime;][\/et_pb_map_pin][\/et_pb_map][\/et_pb_column][\/et_pb_row][\/et_pb_section]<\/p>\n","protected":false},"excerpt":{"rendered":"<p>CONTACT CABINET DE CONSULTATIONP\u00d4LE SANT\u00c9 AXONE 75, avenue Gabriel P\u00e9ri, 38400 Saint-Martin-d&rsquo;H\u00e8res. &#xe00b; 04 76 43 49 17 &#xe010; axone.ortho@orange.fr&nbsp; &nbsp; &nbsp; ACTIVIT\u00c9 CHIRURGICALECLINIQUE BELLEDONNE 83, avenue Gabriel P\u00e9ri, 38400 Saint-Martin-d&rsquo;H\u00e8res. &#xe00b; 04 38 38 02 02&nbsp; &nbsp;<\/p>\n","protected":false},"author":1,"featured_media":0,"parent":0,"menu_order":0,"comment_status":"closed","ping_status":"closed","template":"","meta":{"_et_pb_use_builder":"on","_et_pb_old_content":"<h2>CONTACT<\/h2><h4><span style=\"color: #000000;\"><strong>Docteur Fr\u00e9d\u00e9ric CHATAIN\u00a0<\/strong><\/span><\/h4><p style=\"padding-left: 30px;\">Chirurgie du <span style=\"color: #3366ff;\">Genou<\/span> et de la <span style=\"color: #3366ff;\">Hanche<\/span>.<br \/>Chirurgie de l'<span style=\"color: #3366ff;\">Arthrose<\/span> - Chirurgie du <span style=\"color: #3366ff;\">Sport<strong>.<br \/><\/strong>Expert<\/span> pr\u00e8s la cour d\u2019Appel de Grenoble.<\/p><p><img class=\"so-widget-image\" src=\"http:\/\/www.bluehouse.fr\/JB6\/cao\/\/wp-content\/uploads\/2016\/06\/photo-fred.png\" srcset=\"http:\/\/www.bluehouse.fr\/JB6\/cao\/\/wp-content\/uploads\/2016\/06\/photo-fred.png 176w, http:\/\/www.bluehouse.fr\/JB6\/cao\/\/wp-content\/uploads\/2016\/06\/photo-fred-150x113.png 150w\" width=\"176\" height=\"133\" \/><\/p><h5>CABINET DE CONSULTATION<\/h5><p>P\u00d4LE SANT\u00c9 AXONE<\/p><p>75, Avenue Gabriel P\u00e9ri, 38400<br \/>Saint-Martin-d'H\u00e8res.<\/p><p>T\u00e9l. :\u00a0 04 76 43 49 17<br \/>Mail : <a href=\"mailto:secretariat.dr.chatain@orange.fr\">secretariat.dr.chatain@orange.fr\u00a0<\/a><\/p><p>\u00a0<\/p><p>PLAN<\/p><p><img class=\"so-widget-image\" src=\"http:\/\/www.bluehouse.fr\/JB6\/cao\/\/wp-content\/uploads\/2016\/09\/IMG_4398.jpg\" srcset=\"http:\/\/www.bluehouse.fr\/JB6\/cao\/\/wp-content\/uploads\/2016\/09\/IMG_4398.jpg 1000w, http:\/\/www.bluehouse.fr\/JB6\/cao\/\/wp-content\/uploads\/2016\/09\/IMG_4398-300x200.jpg 300w, http:\/\/www.bluehouse.fr\/JB6\/cao\/\/wp-content\/uploads\/2016\/09\/IMG_4398-768x512.jpg 768w, http:\/\/www.bluehouse.fr\/JB6\/cao\/\/wp-content\/uploads\/2016\/09\/IMG_4398-225x150.jpg 225w, http:\/\/www.bluehouse.fr\/JB6\/cao\/\/wp-content\/uploads\/2016\/09\/IMG_4398-150x100.jpg 150w, http:\/\/www.bluehouse.fr\/JB6\/cao\/\/wp-content\/uploads\/2016\/09\/IMG_4398-272x182.jpg 272w\" width=\"1000\" height=\"667\" \/><br \/><img class=\"so-widget-image\" src=\"http:\/\/www.bluehouse.fr\/JB6\/cao\/\/wp-content\/uploads\/2016\/09\/IMG_4414-Modifier.jpg\" srcset=\"http:\/\/www.bluehouse.fr\/JB6\/cao\/\/wp-content\/uploads\/2016\/09\/IMG_4414-Modifier.jpg 1000w, http:\/\/www.bluehouse.fr\/JB6\/cao\/\/wp-content\/uploads\/2016\/09\/IMG_4414-Modifier-300x200.jpg 300w, http:\/\/www.bluehouse.fr\/JB6\/cao\/\/wp-content\/uploads\/2016\/09\/IMG_4414-Modifier-768x512.jpg 768w, http:\/\/www.bluehouse.fr\/JB6\/cao\/\/wp-content\/uploads\/2016\/09\/IMG_4414-Modifier-225x150.jpg 225w, http:\/\/www.bluehouse.fr\/JB6\/cao\/\/wp-content\/uploads\/2016\/09\/IMG_4414-Modifier-150x100.jpg 150w, http:\/\/www.bluehouse.fr\/JB6\/cao\/\/wp-content\/uploads\/2016\/09\/IMG_4414-Modifier-272x182.jpg 272w\" width=\"1000\" height=\"667\" \/><\/p><hr \/><p>\u00a0<\/p><h3>ACTIVIT\u00c9 CHIRURGICALE<\/h3><p>\u00a0<\/p><p><strong>\u00a0<\/strong><\/p><p><strong>CLINIQUE BELLEDONNE<\/strong><br \/>83,\u00a0Avenue Gabriel P\u00e9ri, 38400<br \/>Saint-Martin-d'H\u00e8res.<br \/>T\u00e9l. : 04 38 38 02 02<\/p><p>\u00a0<\/p><p>PLAN<\/p><p><img class=\"so-widget-image\" src=\"http:\/\/www.bluehouse.fr\/JB6\/cao\/\/wp-content\/uploads\/2016\/09\/IMG_4379.jpg\" srcset=\"http:\/\/www.bluehouse.fr\/JB6\/cao\/\/wp-content\/uploads\/2016\/09\/IMG_4379.jpg 1000w, http:\/\/www.bluehouse.fr\/JB6\/cao\/\/wp-content\/uploads\/2016\/09\/IMG_4379-300x200.jpg 300w, http:\/\/www.bluehouse.fr\/JB6\/cao\/\/wp-content\/uploads\/2016\/09\/IMG_4379-768x512.jpg 768w, http:\/\/www.bluehouse.fr\/JB6\/cao\/\/wp-content\/uploads\/2016\/09\/IMG_4379-225x150.jpg 225w, http:\/\/www.bluehouse.fr\/JB6\/cao\/\/wp-content\/uploads\/2016\/09\/IMG_4379-150x100.jpg 150w, http:\/\/www.bluehouse.fr\/JB6\/cao\/\/wp-content\/uploads\/2016\/09\/IMG_4379-272x182.jpg 272w\" width=\"1000\" height=\"667\" \/><br \/><img class=\"so-widget-image\" src=\"http:\/\/www.bluehouse.fr\/JB6\/cao\/\/wp-content\/uploads\/2016\/09\/IMG_4403.jpg\" srcset=\"http:\/\/www.bluehouse.fr\/JB6\/cao\/\/wp-content\/uploads\/2016\/09\/IMG_4403.jpg 1000w, http:\/\/www.bluehouse.fr\/JB6\/cao\/\/wp-content\/uploads\/2016\/09\/IMG_4403-300x200.jpg 300w, http:\/\/www.bluehouse.fr\/JB6\/cao\/\/wp-content\/uploads\/2016\/09\/IMG_4403-768x512.jpg 768w, http:\/\/www.bluehouse.fr\/JB6\/cao\/\/wp-content\/uploads\/2016\/09\/IMG_4403-225x150.jpg 225w, http:\/\/www.bluehouse.fr\/JB6\/cao\/\/wp-content\/uploads\/2016\/09\/IMG_4403-150x100.jpg 150w, http:\/\/www.bluehouse.fr\/JB6\/cao\/\/wp-content\/uploads\/2016\/09\/IMG_4403-272x182.jpg 272w\" width=\"1000\" height=\"667\" \/><\/p>","_et_gb_content_width":""},"_links":{"self":[{"href":"http:\/\/www.bluehouse.fr\/JB6\/cao\/wp-json\/wp\/v2\/pages\/1146"}],"collection":[{"href":"http:\/\/www.bluehouse.fr\/JB6\/cao\/wp-json\/wp\/v2\/pages"}],"about":[{"href":"http:\/\/www.bluehouse.fr\/JB6\/cao\/wp-json\/wp\/v2\/types\/page"}],"author":[{"embeddable":true,"href":"http:\/\/www.bluehouse.fr\/JB6\/cao\/wp-json\/wp\/v2\/users\/1"}],"replies":[{"embeddable":true,"href":"http:\/\/www.bluehouse.fr\/JB6\/cao\/wp-json\/wp\/v2\/comments?post=1146"}],"version-history":[{"count":0,"href":"http:\/\/www.bluehouse.fr\/JB6\/cao\/wp-json\/wp\/v2\/pages\/1146\/revisions"}],"wp:attachment":[{"href":"http:\/\/www.bluehouse.fr\/JB6\/cao\/wp-json\/wp\/v2\/media?parent=1146"}],"curies":[{"name":"wp","href":"https:\/\/api.w.org\/{rel}","templated":true}]}}